{"id":3736,"date":"2024-04-29T16:33:54","date_gmt":"2024-04-29T16:33:54","guid":{"rendered":"https:\/\/homieboards.fr\/bic-6-7\/"},"modified":"2024-10-30T15:53:51","modified_gmt":"2024-10-30T15:53:51","slug":"bic-6-7","status":"publish","type":"page","link":"https:\/\/homieboards.fr\/de\/bic-6-7\/","title":{"rendered":"BIC 6.7"},"content":{"rendered":"\t\t<div data-elementor-type=\"wp-page\" data-elementor-id=\"3736\" class=\"elementor elementor-3736 elementor-2239\" data-elementor-post-type=\"page\">\n\t\t\t\t<div class=\"elementor-element elementor-element-0ad48f2 e-flex e-con-boxed e-con e-parent\" data-id=\"0ad48f2\" data-element_type=\"container\" data-e-type=\"container\">\n\t\t\t\t\t<div class=\"e-con-inner\">\n\t\t<div class=\"elementor-element elementor-element-1f92b2f e-con-full e-flex e-con e-child\" data-id=\"1f92b2f\" data-element_type=\"container\" data-e-type=\"container\" data-settings=\"{&quot;background_background&quot;:&quot;classic&quot;}\">\n\t\t\t\t<\/div>\n\t\t<div class=\"elementor-element elementor-element-0d832e3 e-con-full e-flex e-con e-child\" data-id=\"0d832e3\" data-element_type=\"container\" data-e-type=\"container\" data-settings=\"{&quot;background_background&quot;:&quot;classic&quot;}\">\n\t\t\t\t<div class=\"elementor-element elementor-element-e8f997f elementor-widget elementor-widget-heading\" data-id=\"e8f997f\" data-element_type=\"widget\" data-e-type=\"widget\" data-widget_type=\"heading.default\">\n\t\t\t\t<div class=\"elementor-widget-container\">\n\t\t\t\t\t<h1 class=\"elementor-heading-title elementor-size-default\">VERMIETUNG SURFBOARD BIC 6.7<\/h1>\t\t\t\t<\/div>\n\t\t\t\t<\/div>\n\t\t\t\t<div class=\"elementor-element elementor-element-e1a8b20 elementor-widget elementor-widget-text-editor\" data-id=\"e1a8b20\" data-element_type=\"widget\" data-e-type=\"widget\" data-widget_type=\"text-editor.default\">\n\t\t\t\t<div class=\"elementor-widget-container\">\n\t\t\t\t\t\t\t\t\t<p>Mit Homie Boards k\u00f6nnen Sie dieses Surfbrett f\u00fcr nur 15\u20ac\/Tag und 75\u20ac\/Woche mieten, sei es in Biarritz, Anglet, Bidart oder in der Umgebung. Wir liefern kostenlos und in Rekordzeit. Rufen Sie uns jetzt unter 06 38 43 35 38 an, damit Ihr Surfbrett so schnell wie m\u00f6glich geliefert wird.  <\/p>\n\t\t\t\t\t\t\t\t<\/div>\n\t\t\t\t<\/div>\n\t\t\t\t<div class=\"elementor-element elementor-element-b799977 elementor-widget elementor-widget-html\" data-id=\"b799977\" data-element_type=\"widget\" data-e-type=\"widget\" data-widget_type=\"html.default\">\n\t\t\t\t<div class=\"elementor-widget-container\">\n\t\t\t\t\t  <style>\n\ntd\n {\n          border-color:white !important;\n          color:white;\n }\n  <\/style>\n    <table border=\"1\"> <!-- Bordure du tableau pour mieux voir les cellules -->\n        <tr>\n            <td>Boardtyp<\/td><td>Mittelstufe<\/td>\n        <\/tr>\n        <tr>\n            <td>Wellenh\u00f6he<\/td><td>30cm bis 2m<\/td>\n        <\/tr>\n        <tr>\n            <td>Wellengang<\/td><td>Weich und hohl<\/td>\n        <\/tr>\n        <tr>\n            <td>Specs<\/td><td>Volumen : 38L | L\u00e4nge: 198 cm | Breite: 53 cm<\/td>\n        <\/tr>\n        <tr>\n            <td>Level<\/td><td>Mittelstufe oder guter Surfernterm\u00e9diaire ou bon surfeur<\/td>\n        <\/tr>\n    <\/table>\n\t\t\t\t<\/div>\n\t\t\t\t<\/div>\n\t\t\t\t<div class=\"elementor-element elementor-element-860423a elementor-align-center elementor-widget elementor-widget-button\" data-id=\"860423a\" data-element_type=\"widget\" data-e-type=\"widget\" data-widget_type=\"button.default\">\n\t\t\t\t<div class=\"elementor-widget-container\">\n\t\t\t\t\t\t\t\t\t<div class=\"elementor-button-wrapper\">\n\t\t\t\t\t<a class=\"elementor-button elementor-button-link elementor-size-sm elementor-animation-grow\" href=\"https:\/\/homieboards.fr\/en\/contact\/\">\n\t\t\t\t\t\t<span class=\"elementor-button-content-wrapper\">\n\t\t\t\t\t\t\t\t\t<span class=\"elementor-button-text\">Kontaktieren Sie uns<\/span>\n\t\t\t\t\t<\/span>\n\t\t\t\t\t<\/a>\n\t\t\t\t<\/div>\n\t\t\t\t\t\t\t\t<\/div>\n\t\t\t\t<\/div>\n\t\t\t\t<\/div>\n\t\t\t\t\t<\/div>\n\t\t\t\t<\/div>\n\t\t<div class=\"elementor-element elementor-element-c6f369e e-flex e-con-boxed e-con e-parent\" data-id=\"c6f369e\" data-element_type=\"container\" data-e-type=\"container\">\n\t\t\t\t\t<div class=\"e-con-inner\">\n\t\t<div class=\"elementor-element elementor-element-d3ed7e0 e-con-full e-flex e-con e-child\" data-id=\"d3ed7e0\" data-element_type=\"container\" data-e-type=\"container\">\n\t\t\t\t<div class=\"elementor-element elementor-element-65d47ee elementor-widget elementor-widget-text-editor\" data-id=\"65d47ee\" data-element_type=\"widget\" data-e-type=\"widget\" data-widget_type=\"text-editor.default\">\n\t\t\t\t<div class=\"elementor-widget-container\">\n\t\t\t\t\t\t\t\t\t<div class=\"flex_column av_one_half flex_column_table_cell av-equal-height-column av-align-middle first avia-builder-el-3 el_after_av_hr el_before_av_one_half \">\n<section class=\"av_textblock_section \">\n<div class=\"avia_textblock \">\n<h2>BESCHREIBUNG \/ EMPFINDUNG:<\/h2>\n<p>Die Miete dieses Bic 6.7 Surfbretts garantiert Ihnen eine hohe Sto\u00dffestigkeit dank der DURA-TEC-Technologie von BIC und eine ideale Anpassungsf\u00e4higkeit.<\/p>\n<p>Dieses in Frankreich hergestellte Surfbrett ist nach den Shapes von Gerard DABBADIE gestaltet.<\/p>\n<p>Das Modell basiert auf einer neuen, schlanken Form, die einem Epoxy-Shortboard \u00e4hnelt, mit h\u00f6herer Widerstandsf\u00e4higkeit.<\/p>\n<p>Wichtiges Volumen und angenehme L\u00e4nge zum Paddeln.<\/p>\n<h2>MERKMALE:<\/h2>\n<ul>\n<li><strong>L\u00e4nge des Boards<\/strong>: 198 cm<\/li>\n<li><strong>Breite des Boards<\/strong>: 53 cm<\/li>\n<li><strong>Volumen des Boards<\/strong>: 38L<\/li>\n<li><strong>Tail-Form<\/strong>: Shortboard<\/li>\n<li><strong>Gewicht<\/strong>: 4,7kg<\/li>\n<\/ul>\n<h2>WELLENTYP:<\/h2>\n<p>Sie k\u00f6nnen das 6.7 BIC Surfbrett f\u00fcr Wellen von 30 cm bis 2 m mieten.<\/p>\n<p>Dieses Board erm\u00f6glicht es Ihnen, sowohl schnelle Beachbreaks als auch weichere Wellen und unruhige Bedingungen zu surfen.<\/p>\n<h2>LEVEL:<\/h2>\n<p>Dieses Surfbrett eignet sich f\u00fcr fortgeschrittene Anf\u00e4nger und Fortgeschrittene in der Entwicklungsphase.<\/p>\n<\/div>\n<\/section>\n<\/div>\n\t\t\t\t\t\t\t\t<\/div>\n\t\t\t\t<\/div>\n\t\t\t\t<\/div>\n\t\t\t\t\t<\/div>\n\t\t\t\t<\/div>\n\t\t\t\t<\/div>\n\t\t","protected":false},"excerpt":{"rendered":"<p>VERMIETUNG SURFBOARD BIC 6.7 Mit Homie Boards k\u00f6nnen Sie dieses Surfbrett f\u00fcr nur 15\u20ac\/Tag und 75\u20ac\/Woche mieten, sei es in Biarritz, Anglet, Bidart oder in der Umgebung. Wir liefern kostenlos und in Rekordzeit. Rufen Sie uns jetzt unter 06 38 43 35 38 an, damit Ihr Surfbrett so schnell wie m\u00f6glich geliefert wird. Boardtyp Mittelstufe [&hellip;]<\/p>\n","protected":false},"author":1,"featured_media":0,"parent":0,"menu_order":0,"comment_status":"closed","ping_status":"closed","template":"","meta":{"footnotes":""},"class_list":["post-3736","page","type-page","status-publish","hentry"],"yoast_head":"<!-- This site is optimized with the Yoast SEO plugin v27.3 - https:\/\/yoast.com\/product\/yoast-seo-wordpress\/ -->\n<title>BIC 6&#039;7 \u2013 Verleih Biarritz &amp; Baskenland \u2013 Kostenlose Lieferung<\/title>\n<meta name=\"robots\" content=\"noindex, follow\" \/>\n<meta property=\"og:locale\" content=\"de_DE\" \/>\n<meta property=\"og:type\" content=\"article\" \/>\n<meta property=\"og:title\" content=\"BIC 6&#039;7 \u2013 Verleih Biarritz &amp; Baskenland \u2013 Kostenlose Lieferung\" \/>\n<meta property=\"og:description\" content=\"VERMIETUNG SURFBOARD BIC 6.7 Mit Homie Boards k\u00f6nnen Sie dieses Surfbrett f\u00fcr nur 15\u20ac\/Tag und 75\u20ac\/Woche mieten, sei es in Biarritz, Anglet, Bidart oder in der Umgebung. Wir liefern kostenlos und in Rekordzeit. Rufen Sie uns jetzt unter 06 38 43 35 38 an, damit Ihr Surfbrett so schnell wie m\u00f6glich geliefert wird. Boardtyp Mittelstufe [&hellip;]\" \/>\n<meta property=\"og:url\" content=\"https:\/\/homieboards.fr\/de\/bic-6-7\/\" \/>\n<meta property=\"og:site_name\" content=\"Homie Boards\" \/>\n<meta property=\"article:publisher\" content=\"https:\/\/www.facebook.com\/locationplanchesurf\/\" \/>\n<meta property=\"article:modified_time\" content=\"2024-10-30T15:53:51+00:00\" \/>\n<meta name=\"twitter:card\" content=\"summary_large_image\" \/>\n<meta name=\"twitter:label1\" content=\"Gesch\u00e4tzte Lesezeit\" \/>\n\t<meta name=\"twitter:data1\" content=\"1\u00a0Minute\" \/>\n<script type=\"application\/ld+json\" class=\"yoast-schema-graph\">{\"@context\":\"https:\\\/\\\/schema.org\",\"@graph\":[{\"@type\":\"WebPage\",\"@id\":\"https:\\\/\\\/homieboards.fr\\\/de\\\/bic-6-7\\\/\",\"url\":\"https:\\\/\\\/homieboards.fr\\\/de\\\/bic-6-7\\\/\",\"name\":\"BIC 6'7 \u2013 Verleih Biarritz & Baskenland \u2013 Kostenlose Lieferung\",\"isPartOf\":{\"@id\":\"https:\\\/\\\/homieboards.fr\\\/de\\\/#website\"},\"datePublished\":\"2024-04-29T16:33:54+00:00\",\"dateModified\":\"2024-10-30T15:53:51+00:00\",\"breadcrumb\":{\"@id\":\"https:\\\/\\\/homieboards.fr\\\/de\\\/bic-6-7\\\/#breadcrumb\"},\"inLanguage\":\"de\",\"potentialAction\":[{\"@type\":\"ReadAction\",\"target\":[\"https:\\\/\\\/homieboards.fr\\\/de\\\/bic-6-7\\\/\"]}]},{\"@type\":\"BreadcrumbList\",\"@id\":\"https:\\\/\\\/homieboards.fr\\\/de\\\/bic-6-7\\\/#breadcrumb\",\"itemListElement\":[{\"@type\":\"ListItem\",\"position\":1,\"name\":\"Accueil\",\"item\":\"https:\\\/\\\/homieboards.fr\\\/de\\\/startseite\\\/\"},{\"@type\":\"ListItem\",\"position\":2,\"name\":\"BIC 6.7\"}]},{\"@type\":\"WebSite\",\"@id\":\"https:\\\/\\\/homieboards.fr\\\/de\\\/#website\",\"url\":\"https:\\\/\\\/homieboards.fr\\\/de\\\/\",\"name\":\"Homie Boards\",\"description\":\"Location de planches de surf\",\"publisher\":{\"@id\":\"https:\\\/\\\/homieboards.fr\\\/de\\\/#organization\"},\"potentialAction\":[{\"@type\":\"SearchAction\",\"target\":{\"@type\":\"EntryPoint\",\"urlTemplate\":\"https:\\\/\\\/homieboards.fr\\\/de\\\/?s={search_term_string}\"},\"query-input\":{\"@type\":\"PropertyValueSpecification\",\"valueRequired\":true,\"valueName\":\"search_term_string\"}}],\"inLanguage\":\"de\"},{\"@type\":\"Organization\",\"@id\":\"https:\\\/\\\/homieboards.fr\\\/de\\\/#organization\",\"name\":\"Homie Boards\",\"url\":\"https:\\\/\\\/homieboards.fr\\\/de\\\/\",\"logo\":{\"@type\":\"ImageObject\",\"inLanguage\":\"de\",\"@id\":\"https:\\\/\\\/homieboards.fr\\\/de\\\/#\\\/schema\\\/logo\\\/image\\\/\",\"url\":\"https:\\\/\\\/homieboards.fr\\\/wp-content\\\/uploads\\\/2024\\\/04\\\/logo_blanc_2-1.png\",\"contentUrl\":\"https:\\\/\\\/homieboards.fr\\\/wp-content\\\/uploads\\\/2024\\\/04\\\/logo_blanc_2-1.png\",\"width\":796,\"height\":618,\"caption\":\"Homie Boards\"},\"image\":{\"@id\":\"https:\\\/\\\/homieboards.fr\\\/de\\\/#\\\/schema\\\/logo\\\/image\\\/\"},\"sameAs\":[\"https:\\\/\\\/www.facebook.com\\\/locationplanchesurf\\\/\",\"https:\\\/\\\/www.instagram.com\\\/homieboards\\\/\"]}]}<\/script>\n<!-- \/ Yoast SEO plugin. -->","yoast_head_json":{"title":"BIC 6'7 \u2013 Verleih Biarritz & Baskenland \u2013 Kostenlose Lieferung","robots":{"index":"noindex","follow":"follow"},"og_locale":"de_DE","og_type":"article","og_title":"BIC 6'7 \u2013 Verleih Biarritz & Baskenland \u2013 Kostenlose Lieferung","og_description":"VERMIETUNG SURFBOARD BIC 6.7 Mit Homie Boards k\u00f6nnen Sie dieses Surfbrett f\u00fcr nur 15\u20ac\/Tag und 75\u20ac\/Woche mieten, sei es in Biarritz, Anglet, Bidart oder in der Umgebung. Wir liefern kostenlos und in Rekordzeit. Rufen Sie uns jetzt unter 06 38 43 35 38 an, damit Ihr Surfbrett so schnell wie m\u00f6glich geliefert wird. Boardtyp Mittelstufe [&hellip;]","og_url":"https:\/\/homieboards.fr\/de\/bic-6-7\/","og_site_name":"Homie Boards","article_publisher":"https:\/\/www.facebook.com\/locationplanchesurf\/","article_modified_time":"2024-10-30T15:53:51+00:00","twitter_card":"summary_large_image","twitter_misc":{"Gesch\u00e4tzte Lesezeit":"1\u00a0Minute"},"schema":{"@context":"https:\/\/schema.org","@graph":[{"@type":"WebPage","@id":"https:\/\/homieboards.fr\/de\/bic-6-7\/","url":"https:\/\/homieboards.fr\/de\/bic-6-7\/","name":"BIC 6'7 \u2013 Verleih Biarritz & Baskenland \u2013 Kostenlose Lieferung","isPartOf":{"@id":"https:\/\/homieboards.fr\/de\/#website"},"datePublished":"2024-04-29T16:33:54+00:00","dateModified":"2024-10-30T15:53:51+00:00","breadcrumb":{"@id":"https:\/\/homieboards.fr\/de\/bic-6-7\/#breadcrumb"},"inLanguage":"de","potentialAction":[{"@type":"ReadAction","target":["https:\/\/homieboards.fr\/de\/bic-6-7\/"]}]},{"@type":"BreadcrumbList","@id":"https:\/\/homieboards.fr\/de\/bic-6-7\/#breadcrumb","itemListElement":[{"@type":"ListItem","position":1,"name":"Accueil","item":"https:\/\/homieboards.fr\/de\/startseite\/"},{"@type":"ListItem","position":2,"name":"BIC 6.7"}]},{"@type":"WebSite","@id":"https:\/\/homieboards.fr\/de\/#website","url":"https:\/\/homieboards.fr\/de\/","name":"Homie Boards","description":"Location de planches de surf","publisher":{"@id":"https:\/\/homieboards.fr\/de\/#organization"},"potentialAction":[{"@type":"SearchAction","target":{"@type":"EntryPoint","urlTemplate":"https:\/\/homieboards.fr\/de\/?s={search_term_string}"},"query-input":{"@type":"PropertyValueSpecification","valueRequired":true,"valueName":"search_term_string"}}],"inLanguage":"de"},{"@type":"Organization","@id":"https:\/\/homieboards.fr\/de\/#organization","name":"Homie Boards","url":"https:\/\/homieboards.fr\/de\/","logo":{"@type":"ImageObject","inLanguage":"de","@id":"https:\/\/homieboards.fr\/de\/#\/schema\/logo\/image\/","url":"https:\/\/homieboards.fr\/wp-content\/uploads\/2024\/04\/logo_blanc_2-1.png","contentUrl":"https:\/\/homieboards.fr\/wp-content\/uploads\/2024\/04\/logo_blanc_2-1.png","width":796,"height":618,"caption":"Homie Boards"},"image":{"@id":"https:\/\/homieboards.fr\/de\/#\/schema\/logo\/image\/"},"sameAs":["https:\/\/www.facebook.com\/locationplanchesurf\/","https:\/\/www.instagram.com\/homieboards\/"]}]}},"_links":{"self":[{"href":"https:\/\/homieboards.fr\/de\/wp-json\/wp\/v2\/pages\/3736","targetHints":{"allow":["GET"]}}],"collection":[{"href":"https:\/\/homieboards.fr\/de\/wp-json\/wp\/v2\/pages"}],"about":[{"href":"https:\/\/homieboards.fr\/de\/wp-json\/wp\/v2\/types\/page"}],"author":[{"embeddable":true,"href":"https:\/\/homieboards.fr\/de\/wp-json\/wp\/v2\/users\/1"}],"replies":[{"embeddable":true,"href":"https:\/\/homieboards.fr\/de\/wp-json\/wp\/v2\/comments?post=3736"}],"version-history":[{"count":1,"href":"https:\/\/homieboards.fr\/de\/wp-json\/wp\/v2\/pages\/3736\/revisions"}],"predecessor-version":[{"id":3737,"href":"https:\/\/homieboards.fr\/de\/wp-json\/wp\/v2\/pages\/3736\/revisions\/3737"}],"wp:attachment":[{"href":"https:\/\/homieboards.fr\/de\/wp-json\/wp\/v2\/media?parent=3736"}],"curies":[{"name":"wp","href":"https:\/\/api.w.org\/{rel}","templated":true}]}}