{"id":3742,"date":"2024-04-29T16:20:02","date_gmt":"2024-04-29T16:20:02","guid":{"rendered":"https:\/\/homieboards.fr\/64-black-rain-resine\/"},"modified":"2024-12-09T15:07:06","modified_gmt":"2024-12-09T15:07:06","slug":"64-black-rain-resine","status":"publish","type":"page","link":"https:\/\/homieboards.fr\/de\/64-black-rain-resine\/","title":{"rendered":"6\u20194 BLACK RAIN R\u00c9SINE"},"content":{"rendered":"\t\t<div data-elementor-type=\"wp-page\" data-elementor-id=\"3742\" class=\"elementor elementor-3742 elementor-2216\" data-elementor-post-type=\"page\">\n\t\t\t\t<div class=\"elementor-element elementor-element-50f5b05 e-flex e-con-boxed e-con e-parent\" data-id=\"50f5b05\" data-element_type=\"container\" data-e-type=\"container\">\n\t\t\t\t\t<div class=\"e-con-inner\">\n\t\t<div class=\"elementor-element elementor-element-332eee9 e-con-full e-flex e-con e-child\" data-id=\"332eee9\" data-element_type=\"container\" data-e-type=\"container\" data-settings=\"{&quot;background_background&quot;:&quot;classic&quot;}\">\n\t\t\t\t<\/div>\n\t\t<div class=\"elementor-element elementor-element-bdb97fb e-con-full e-flex e-con e-child\" data-id=\"bdb97fb\" data-element_type=\"container\" data-e-type=\"container\" data-settings=\"{&quot;background_background&quot;:&quot;classic&quot;}\">\n\t\t\t\t<div class=\"elementor-element elementor-element-c82cb68 elementor-widget elementor-widget-heading\" data-id=\"c82cb68\" data-element_type=\"widget\" data-e-type=\"widget\" data-widget_type=\"heading.default\">\n\t\t\t\t<div class=\"elementor-widget-container\">\n\t\t\t\t\t<h1 class=\"elementor-heading-title elementor-size-default\">VERMIETUNG SURFBOARD 6\u20194 BLACK RAIN HARZ<\/h1>\t\t\t\t<\/div>\n\t\t\t\t<\/div>\n\t\t\t\t<div class=\"elementor-element elementor-element-fb27671 elementor-widget elementor-widget-text-editor\" data-id=\"fb27671\" data-element_type=\"widget\" data-e-type=\"widget\" data-widget_type=\"text-editor.default\">\n\t\t\t\t<div class=\"elementor-widget-container\">\n\t\t\t\t\t\t\t\t\t<p>Mit Homie Boards k\u00f6nnen Sie dieses Surfbrett f\u00fcr nur 15\u20ac\/Tag und 75\u20ac\/Woche mieten, sei es in Biarritz, Anglet, Bidart oder in der Umgebung. Wir liefern kostenlos und in Rekordzeit. Rufen Sie uns jetzt unter 06 38 43 35 38 an, damit Ihr Surfbrett so schnell wie m\u00f6glich geliefert wird.  <\/p>\n\t\t\t\t\t\t\t\t<\/div>\n\t\t\t\t<\/div>\n\t\t\t\t<div class=\"elementor-element elementor-element-3e5e5a1 elementor-widget elementor-widget-html\" data-id=\"3e5e5a1\" data-element_type=\"widget\" data-e-type=\"widget\" data-widget_type=\"html.default\">\n\t\t\t\t<div class=\"elementor-widget-container\">\n\t\t\t\t\t  <style>\n\ntd\n {\n          border-color:white !important;\n          color:white;\n }\n  <\/style>\n    <table border=\"1\"> <!-- Bordure du tableau pour mieux voir les cellules -->\n        <tr>\n            <td>Boardtyp<\/td>\n<td>Komfort-Shortboard<\/td>\n        <\/tr>\n        <tr>\n            <td>Wellenh\u00f6he<\/td>\n<td>50cm bis +2m<\/td>\n        <\/tr>\n        <tr>\n            <td>Wellengang<\/td>\n<td>Weich und hohl<\/td>\n        <\/tr>\n        <tr>\n            <td>Specs<\/td>\n<td>Volume : 35L | L\u00e4nge : 196 cm | Breite : 50 cm | Dicke : 6,2 cm<\/td>\n        <\/tr>\n        <tr>\n            <td>Level<\/td>\n<td>Kleine bis mittelgro\u00dfe und gute Surfer<\/td>\n        <\/tr>\n    <\/table>\n\t\t\t\t<\/div>\n\t\t\t\t<\/div>\n\t\t\t\t<div class=\"elementor-element elementor-element-52b8ff2 elementor-align-center elementor-widget elementor-widget-button\" data-id=\"52b8ff2\" data-element_type=\"widget\" data-e-type=\"widget\" data-widget_type=\"button.default\">\n\t\t\t\t<div class=\"elementor-widget-container\">\n\t\t\t\t\t\t\t\t\t<div class=\"elementor-button-wrapper\">\n\t\t\t\t\t<a class=\"elementor-button elementor-button-link elementor-size-sm elementor-animation-grow\" href=\"https:\/\/homieboards.fr\/de\/contact\/\">\n\t\t\t\t\t\t<span class=\"elementor-button-content-wrapper\">\n\t\t\t\t\t\t\t\t\t<span class=\"elementor-button-text\">Kontaktieren Sie uns<\/span>\n\t\t\t\t\t<\/span>\n\t\t\t\t\t<\/a>\n\t\t\t\t<\/div>\n\t\t\t\t\t\t\t\t<\/div>\n\t\t\t\t<\/div>\n\t\t\t\t<\/div>\n\t\t\t\t\t<\/div>\n\t\t\t\t<\/div>\n\t\t<div class=\"elementor-element elementor-element-b8a56bd e-flex e-con-boxed e-con e-parent\" data-id=\"b8a56bd\" data-element_type=\"container\" data-e-type=\"container\">\n\t\t\t\t\t<div class=\"e-con-inner\">\n\t\t<div class=\"elementor-element elementor-element-5068555 e-con-full e-flex e-con e-child\" data-id=\"5068555\" data-element_type=\"container\" data-e-type=\"container\">\n\t\t\t\t<div class=\"elementor-element elementor-element-bc17c8a elementor-widget elementor-widget-text-editor\" data-id=\"bc17c8a\" data-element_type=\"widget\" data-e-type=\"widget\" data-widget_type=\"text-editor.default\">\n\t\t\t\t<div class=\"elementor-widget-container\">\n\t\t\t\t\t\t\t\t\t<div class=\"flex_column av_one_half flex_column_table_cell av-equal-height-column av-align-middle first avia-builder-el-3 el_after_av_hr el_before_av_one_half \">\n<section class=\"av_textblock_section \">\n<div class=\"avia_textblock \">\n<h2 class=\"p3\"><span class=\"s1\"><b>BESCHREIBUNG \/ EMPFINDUNG:<\/b><\/span><\/h2>\n<p class=\"p1\"><span class=\"s1\">Die Miete dieses Shortboards QRAFT 6\u20194 Black Rain garantiert Ihnen eine schnelle und radikale Gleitfahrt sowie Komfort beim Paddeln.<\/span><\/p>\n<p class=\"p1\"><span class=\"s1\">Dieses Modell ist eines der bekanntesten der franz\u00f6sischen Marke QRAFT Surfboards. Es besteht aus einem Polyurethan-Schaumkern und Polyesterharz. Die gro\u00dfz\u00fcgigen Abmessungen machen es komfortabel beim Paddeln und tolerant beim Take-off, was es zu einem perfekten Board f\u00fcr fortgeschrittene Surfer macht, die auf kleinere Boards umsteigen m\u00f6chten. Dieses Board erm\u00f6glicht es Ihnen, leicht Geschwindigkeit und kraftvolle Man\u00f6ver zu erzeugen. Sein Volumen und Rocker erlauben es, sich an alle Bedingungen anzupassen.     <\/span><\/p>\n<h2 class=\"p3\"><span class=\"s1\">WELLENTYP:<\/span><\/h2>\n<p class=\"p3\"><span class=\"s1\">Das Shortboard QRAFT 6\u20194 BLACK RAIN kann f\u00fcr Wellen zwischen 50 cm und +2 m gemietet werden. Sein Rocker und Volumen passen sich perfekt an hohle und r\u00f6hrenf\u00f6rmige Wellen sowie an kleine weiche Wellen w\u00e4hrend Ihrer Sommersessions an. Es bietet Komfort beim Paddeln und verzeiht Schw\u00e4chen beim Take-off.  <\/span><\/p>\n<h2>MERKMALE:<\/h2>\n<ul>\n<li class=\"p3\"><span class=\"s1\">L\u00e4nge: 196 cm<\/span><\/li>\n<li class=\"p3\"><span class=\"s1\">Breite: 50 cm<\/span><\/li>\n<li class=\"p3\"><span class=\"s1\">Dicke: 6,2 cm<\/span><\/li>\n<li class=\"p3\"><span class=\"s1\">Volumen: 35 L<\/span><\/li>\n<li class=\"p3\"><span class=\"s1\">Tail: Squash-Tail<\/span><\/li>\n<li class=\"p3\"><span class=\"s1\">Finnen: Thruster<\/span><\/li>\n<\/ul>\n<h2 class=\"p3\"><span class=\"s1\">LEVEL:<\/span><\/h2>\n<p class=\"p1\"><span class=\"s1\">Elle convient aux petits gabarits de niveau interm\u00e9diaire (plus de 70 kg) souhaitant passer aux shortboards, et aux surfeurs exp\u00e9riment\u00e9s \u00e0 la recherche d\u2019une planche pour toutes conditions.<\/span><\/p>\n<\/div>\n<\/section>\n<\/div>\n\t\t\t\t\t\t\t\t<\/div>\n\t\t\t\t<\/div>\n\t\t\t\t<\/div>\n\t\t\t\t\t<\/div>\n\t\t\t\t<\/div>\n\t\t\t\t<\/div>\n\t\t","protected":false},"excerpt":{"rendered":"<p>VERMIETUNG SURFBOARD 6\u20194 BLACK RAIN HARZ Mit Homie Boards k\u00f6nnen Sie dieses Surfbrett f\u00fcr nur 15\u20ac\/Tag und 75\u20ac\/Woche mieten, sei es in Biarritz, Anglet, Bidart oder in der Umgebung. Wir liefern kostenlos und in Rekordzeit. Rufen Sie uns jetzt unter 06 38 43 35 38 an, damit Ihr Surfbrett so schnell wie m\u00f6glich geliefert wird. [&hellip;]<\/p>\n","protected":false},"author":1,"featured_media":0,"parent":0,"menu_order":0,"comment_status":"closed","ping_status":"closed","template":"","meta":{"footnotes":""},"class_list":["post-3742","page","type-page","status-publish","hentry"],"yoast_head":"<!-- This site is optimized with the Yoast SEO plugin v27.3 - https:\/\/yoast.com\/product\/yoast-seo-wordpress\/ -->\n<title>6\u20194 BLACK RAIN R\u00c9SINE - Homie Boards<\/title>\n<meta name=\"robots\" content=\"noindex, follow\" \/>\n<meta property=\"og:locale\" content=\"de_DE\" \/>\n<meta property=\"og:type\" content=\"article\" \/>\n<meta property=\"og:title\" content=\"6\u20194 BLACK RAIN R\u00c9SINE - Homie Boards\" \/>\n<meta property=\"og:description\" content=\"VERMIETUNG SURFBOARD 6\u20194 BLACK RAIN HARZ Mit Homie Boards k\u00f6nnen Sie dieses Surfbrett f\u00fcr nur 15\u20ac\/Tag und 75\u20ac\/Woche mieten, sei es in Biarritz, Anglet, Bidart oder in der Umgebung. Wir liefern kostenlos und in Rekordzeit. Rufen Sie uns jetzt unter 06 38 43 35 38 an, damit Ihr Surfbrett so schnell wie m\u00f6glich geliefert wird. [&hellip;]\" \/>\n<meta property=\"og:url\" content=\"https:\/\/homieboards.fr\/de\/64-black-rain-resine\/\" \/>\n<meta property=\"og:site_name\" content=\"Homie Boards\" \/>\n<meta property=\"article:publisher\" content=\"https:\/\/www.facebook.com\/locationplanchesurf\/\" \/>\n<meta property=\"article:modified_time\" content=\"2024-12-09T15:07:06+00:00\" \/>\n<meta name=\"twitter:card\" content=\"summary_large_image\" \/>\n<meta name=\"twitter:label1\" content=\"Gesch\u00e4tzte Lesezeit\" \/>\n\t<meta name=\"twitter:data1\" content=\"1\u00a0Minute\" \/>\n<script type=\"application\/ld+json\" class=\"yoast-schema-graph\">{\"@context\":\"https:\\\/\\\/schema.org\",\"@graph\":[{\"@type\":\"WebPage\",\"@id\":\"https:\\\/\\\/homieboards.fr\\\/de\\\/64-black-rain-resine\\\/\",\"url\":\"https:\\\/\\\/homieboards.fr\\\/de\\\/64-black-rain-resine\\\/\",\"name\":\"6\u20194 BLACK RAIN R\u00c9SINE - Homie Boards\",\"isPartOf\":{\"@id\":\"https:\\\/\\\/homieboards.fr\\\/de\\\/#website\"},\"datePublished\":\"2024-04-29T16:20:02+00:00\",\"dateModified\":\"2024-12-09T15:07:06+00:00\",\"breadcrumb\":{\"@id\":\"https:\\\/\\\/homieboards.fr\\\/de\\\/64-black-rain-resine\\\/#breadcrumb\"},\"inLanguage\":\"de\",\"potentialAction\":[{\"@type\":\"ReadAction\",\"target\":[\"https:\\\/\\\/homieboards.fr\\\/de\\\/64-black-rain-resine\\\/\"]}]},{\"@type\":\"BreadcrumbList\",\"@id\":\"https:\\\/\\\/homieboards.fr\\\/de\\\/64-black-rain-resine\\\/#breadcrumb\",\"itemListElement\":[{\"@type\":\"ListItem\",\"position\":1,\"name\":\"Accueil\",\"item\":\"https:\\\/\\\/homieboards.fr\\\/de\\\/startseite\\\/\"},{\"@type\":\"ListItem\",\"position\":2,\"name\":\"6\u20194 BLACK RAIN R\u00c9SINE\"}]},{\"@type\":\"WebSite\",\"@id\":\"https:\\\/\\\/homieboards.fr\\\/de\\\/#website\",\"url\":\"https:\\\/\\\/homieboards.fr\\\/de\\\/\",\"name\":\"Homie Boards\",\"description\":\"Location de planches de surf\",\"publisher\":{\"@id\":\"https:\\\/\\\/homieboards.fr\\\/de\\\/#organization\"},\"potentialAction\":[{\"@type\":\"SearchAction\",\"target\":{\"@type\":\"EntryPoint\",\"urlTemplate\":\"https:\\\/\\\/homieboards.fr\\\/de\\\/?s={search_term_string}\"},\"query-input\":{\"@type\":\"PropertyValueSpecification\",\"valueRequired\":true,\"valueName\":\"search_term_string\"}}],\"inLanguage\":\"de\"},{\"@type\":\"Organization\",\"@id\":\"https:\\\/\\\/homieboards.fr\\\/de\\\/#organization\",\"name\":\"Homie Boards\",\"url\":\"https:\\\/\\\/homieboards.fr\\\/de\\\/\",\"logo\":{\"@type\":\"ImageObject\",\"inLanguage\":\"de\",\"@id\":\"https:\\\/\\\/homieboards.fr\\\/de\\\/#\\\/schema\\\/logo\\\/image\\\/\",\"url\":\"https:\\\/\\\/homieboards.fr\\\/wp-content\\\/uploads\\\/2024\\\/04\\\/logo_blanc_2-1.png\",\"contentUrl\":\"https:\\\/\\\/homieboards.fr\\\/wp-content\\\/uploads\\\/2024\\\/04\\\/logo_blanc_2-1.png\",\"width\":796,\"height\":618,\"caption\":\"Homie Boards\"},\"image\":{\"@id\":\"https:\\\/\\\/homieboards.fr\\\/de\\\/#\\\/schema\\\/logo\\\/image\\\/\"},\"sameAs\":[\"https:\\\/\\\/www.facebook.com\\\/locationplanchesurf\\\/\",\"https:\\\/\\\/www.instagram.com\\\/homieboards\\\/\"]}]}<\/script>\n<!-- \/ Yoast SEO plugin. -->","yoast_head_json":{"title":"6\u20194 BLACK RAIN R\u00c9SINE - Homie Boards","robots":{"index":"noindex","follow":"follow"},"og_locale":"de_DE","og_type":"article","og_title":"6\u20194 BLACK RAIN R\u00c9SINE - Homie Boards","og_description":"VERMIETUNG SURFBOARD 6\u20194 BLACK RAIN HARZ Mit Homie Boards k\u00f6nnen Sie dieses Surfbrett f\u00fcr nur 15\u20ac\/Tag und 75\u20ac\/Woche mieten, sei es in Biarritz, Anglet, Bidart oder in der Umgebung. Wir liefern kostenlos und in Rekordzeit. Rufen Sie uns jetzt unter 06 38 43 35 38 an, damit Ihr Surfbrett so schnell wie m\u00f6glich geliefert wird. [&hellip;]","og_url":"https:\/\/homieboards.fr\/de\/64-black-rain-resine\/","og_site_name":"Homie Boards","article_publisher":"https:\/\/www.facebook.com\/locationplanchesurf\/","article_modified_time":"2024-12-09T15:07:06+00:00","twitter_card":"summary_large_image","twitter_misc":{"Gesch\u00e4tzte Lesezeit":"1\u00a0Minute"},"schema":{"@context":"https:\/\/schema.org","@graph":[{"@type":"WebPage","@id":"https:\/\/homieboards.fr\/de\/64-black-rain-resine\/","url":"https:\/\/homieboards.fr\/de\/64-black-rain-resine\/","name":"6\u20194 BLACK RAIN R\u00c9SINE - Homie Boards","isPartOf":{"@id":"https:\/\/homieboards.fr\/de\/#website"},"datePublished":"2024-04-29T16:20:02+00:00","dateModified":"2024-12-09T15:07:06+00:00","breadcrumb":{"@id":"https:\/\/homieboards.fr\/de\/64-black-rain-resine\/#breadcrumb"},"inLanguage":"de","potentialAction":[{"@type":"ReadAction","target":["https:\/\/homieboards.fr\/de\/64-black-rain-resine\/"]}]},{"@type":"BreadcrumbList","@id":"https:\/\/homieboards.fr\/de\/64-black-rain-resine\/#breadcrumb","itemListElement":[{"@type":"ListItem","position":1,"name":"Accueil","item":"https:\/\/homieboards.fr\/de\/startseite\/"},{"@type":"ListItem","position":2,"name":"6\u20194 BLACK RAIN R\u00c9SINE"}]},{"@type":"WebSite","@id":"https:\/\/homieboards.fr\/de\/#website","url":"https:\/\/homieboards.fr\/de\/","name":"Homie Boards","description":"Location de planches de surf","publisher":{"@id":"https:\/\/homieboards.fr\/de\/#organization"},"potentialAction":[{"@type":"SearchAction","target":{"@type":"EntryPoint","urlTemplate":"https:\/\/homieboards.fr\/de\/?s={search_term_string}"},"query-input":{"@type":"PropertyValueSpecification","valueRequired":true,"valueName":"search_term_string"}}],"inLanguage":"de"},{"@type":"Organization","@id":"https:\/\/homieboards.fr\/de\/#organization","name":"Homie Boards","url":"https:\/\/homieboards.fr\/de\/","logo":{"@type":"ImageObject","inLanguage":"de","@id":"https:\/\/homieboards.fr\/de\/#\/schema\/logo\/image\/","url":"https:\/\/homieboards.fr\/wp-content\/uploads\/2024\/04\/logo_blanc_2-1.png","contentUrl":"https:\/\/homieboards.fr\/wp-content\/uploads\/2024\/04\/logo_blanc_2-1.png","width":796,"height":618,"caption":"Homie Boards"},"image":{"@id":"https:\/\/homieboards.fr\/de\/#\/schema\/logo\/image\/"},"sameAs":["https:\/\/www.facebook.com\/locationplanchesurf\/","https:\/\/www.instagram.com\/homieboards\/"]}]}},"_links":{"self":[{"href":"https:\/\/homieboards.fr\/de\/wp-json\/wp\/v2\/pages\/3742","targetHints":{"allow":["GET"]}}],"collection":[{"href":"https:\/\/homieboards.fr\/de\/wp-json\/wp\/v2\/pages"}],"about":[{"href":"https:\/\/homieboards.fr\/de\/wp-json\/wp\/v2\/types\/page"}],"author":[{"embeddable":true,"href":"https:\/\/homieboards.fr\/de\/wp-json\/wp\/v2\/users\/1"}],"replies":[{"embeddable":true,"href":"https:\/\/homieboards.fr\/de\/wp-json\/wp\/v2\/comments?post=3742"}],"version-history":[{"count":2,"href":"https:\/\/homieboards.fr\/de\/wp-json\/wp\/v2\/pages\/3742\/revisions"}],"predecessor-version":[{"id":3815,"href":"https:\/\/homieboards.fr\/de\/wp-json\/wp\/v2\/pages\/3742\/revisions\/3815"}],"wp:attachment":[{"href":"https:\/\/homieboards.fr\/de\/wp-json\/wp\/v2\/media?parent=3742"}],"curies":[{"name":"wp","href":"https:\/\/api.w.org\/{rel}","templated":true}]}}