{"id":3771,"date":"2024-04-30T16:42:50","date_gmt":"2024-04-30T16:42:50","guid":{"rendered":"https:\/\/homieboards.fr\/feelsurf-8\/"},"modified":"2024-11-01T15:53:07","modified_gmt":"2024-11-01T15:53:07","slug":"feelsurf-8","status":"publish","type":"page","link":"https:\/\/homieboards.fr\/de\/feelsurf-8\/","title":{"rendered":"FEELSURF 8\u2019"},"content":{"rendered":"\t\t<div data-elementor-type=\"wp-page\" data-elementor-id=\"3771\" class=\"elementor elementor-3771 elementor-2261\" data-elementor-post-type=\"page\">\n\t\t\t\t<div class=\"elementor-element elementor-element-0ce9ec7 e-flex e-con-boxed e-con e-parent\" data-id=\"0ce9ec7\" data-element_type=\"container\" data-e-type=\"container\">\n\t\t\t\t\t<div class=\"e-con-inner\">\n\t\t<div class=\"elementor-element elementor-element-b96be77 e-con-full e-flex e-con e-child\" data-id=\"b96be77\" data-element_type=\"container\" data-e-type=\"container\" data-settings=\"{&quot;background_background&quot;:&quot;classic&quot;}\">\n\t\t\t\t<\/div>\n\t\t<div class=\"elementor-element elementor-element-f208568 e-con-full e-flex e-con e-child\" data-id=\"f208568\" data-element_type=\"container\" data-e-type=\"container\" data-settings=\"{&quot;background_background&quot;:&quot;classic&quot;}\">\n\t\t\t\t<div class=\"elementor-element elementor-element-50a9603 elementor-widget elementor-widget-heading\" data-id=\"50a9603\" data-element_type=\"widget\" data-e-type=\"widget\" data-widget_type=\"heading.default\">\n\t\t\t\t<div class=\"elementor-widget-container\">\n\t\t\t\t\t<h1 class=\"elementor-heading-title elementor-size-default\">VERMIETUNG SURFBRETT FEELSURF 8'<\/h1>\t\t\t\t<\/div>\n\t\t\t\t<\/div>\n\t\t\t\t<div class=\"elementor-element elementor-element-4c0d07d elementor-widget elementor-widget-text-editor\" data-id=\"4c0d07d\" data-element_type=\"widget\" data-e-type=\"widget\" data-widget_type=\"text-editor.default\">\n\t\t\t\t<div class=\"elementor-widget-container\">\n\t\t\t\t\t\t\t\t\t<p class=\"p1\"><span class=\"s1\">Mit Homie Boards k\u00f6nnen Sie dieses Surfbrett f\u00fcr nur 15\u20ac\/Tag und 75\u20ac\/Woche mieten, sei es in Biarritz, Anglet, Bidart oder in der Umgebung. Wir liefern kostenlos und in Rekordzeit. Rufen Sie uns jetzt unter 06 38 43 35 38 an, damit Ihr Surfbrett so schnell wie m\u00f6glich geliefert wird.  <\/span><\/p>\n\t\t\t\t\t\t\t\t<\/div>\n\t\t\t\t<\/div>\n\t\t\t\t<div class=\"elementor-element elementor-element-fa3d77c elementor-widget elementor-widget-html\" data-id=\"fa3d77c\" data-element_type=\"widget\" data-e-type=\"widget\" data-widget_type=\"html.default\">\n\t\t\t\t<div class=\"elementor-widget-container\">\n\t\t\t\t\t  <style>\n\ntd\n {\n          border-color:white !important;\n          color:white;\n }\n  <\/style>\n    <table border=\"1\"> <!-- Bordure du tableau pour mieux voir les cellules -->\n        <tr>\n            <td>Bretttyp<\/td>\n<td>Vielseitiger Schaumstoff<\/td>\n        <\/tr>\n        <tr>\n            <td>Gr\u00f6\u00dfe der Welle<\/td>\n<td>30cm bis 1,5m<\/td>\n        <\/tr>\n        <tr>\n            <td>Art der Welle<\/td>\n<td>Schaum oder weich<\/td>\n        <\/tr>\n        <tr>\n            <td>Volumen<\/td>\n<td>70L<\/td>\n        <\/tr>\n        <tr>\n            <td>Niveau<\/td>\n<td>Anf\u00e4nger<\/td>\n        <\/tr>\n    <\/table>\n\t\t\t\t<\/div>\n\t\t\t\t<\/div>\n\t\t\t\t<div class=\"elementor-element elementor-element-ac58763 elementor-align-center elementor-widget elementor-widget-button\" data-id=\"ac58763\" data-element_type=\"widget\" data-e-type=\"widget\" data-widget_type=\"button.default\">\n\t\t\t\t<div class=\"elementor-widget-container\">\n\t\t\t\t\t\t\t\t\t<div class=\"elementor-button-wrapper\">\n\t\t\t\t\t<a class=\"elementor-button elementor-button-link elementor-size-sm elementor-animation-grow\" href=\"https:\/\/homieboards.fr\/de\/contact\/\">\n\t\t\t\t\t\t<span class=\"elementor-button-content-wrapper\">\n\t\t\t\t\t\t\t\t\t<span class=\"elementor-button-text\">Kontaktieren Sie uns<\/span>\n\t\t\t\t\t<\/span>\n\t\t\t\t\t<\/a>\n\t\t\t\t<\/div>\n\t\t\t\t\t\t\t\t<\/div>\n\t\t\t\t<\/div>\n\t\t\t\t<\/div>\n\t\t\t\t\t<\/div>\n\t\t\t\t<\/div>\n\t\t<div class=\"elementor-element elementor-element-0566aca e-flex e-con-boxed e-con e-parent\" data-id=\"0566aca\" data-element_type=\"container\" data-e-type=\"container\">\n\t\t\t\t\t<div class=\"e-con-inner\">\n\t\t<div class=\"elementor-element elementor-element-2a7e3ba e-con-full e-flex e-con e-child\" data-id=\"2a7e3ba\" data-element_type=\"container\" data-e-type=\"container\">\n\t\t\t\t<div class=\"elementor-element elementor-element-1ce33c6 elementor-widget elementor-widget-text-editor\" data-id=\"1ce33c6\" data-element_type=\"widget\" data-e-type=\"widget\" data-widget_type=\"text-editor.default\">\n\t\t\t\t<div class=\"elementor-widget-container\">\n\t\t\t\t\t\t\t\t\t<h2 class=\"p3\"><span class=\"s1\">BESCHREIBUNG \/ EMPFINDUNG:<\/span><\/h2>\n<p class=\"p1\"><span class=\"s1\">FEELSURF ist ein franz\u00f6sisches Unternehmen, das sich auf Schaumstoff-Surfboards spezialisiert hat. Sie bietet eine breite Palette von Boards, die den Bed\u00fcrfnissen aller Surfer gerecht werden, unabh\u00e4ngig vom Niveau. Ihr Produkt vereint Leichtigkeit, Festigkeit und Technik, alles mit einem eigenen Stil.  <\/span><\/p>\n<p class=\"p1\"><span class=\"s1\">Der Verleih dieses 8&#8242; FEELSURF-Schaumstoffbretts garantiert Ihnen Stabilit\u00e4t und Sicherheit ohne Einbu\u00dfen bei der Man\u00f6vrierf\u00e4higkeit. Mit diesem aus den Surfschulen bekannten Modell k\u00f6nnen Sie lernen, das Paddeln und den Take-off zu beherrschen, bevor Sie auf die Hardboards umsteigen. <\/span><\/p>\n<h2 class=\"p3\"><span class=\"s1\">WELLENTYP:<\/span><\/h2>\n<p class=\"p1\"><span class=\"s1\">Sie k\u00f6nnen das FEELSURF 8&#8242; Schaumstoffbrett f\u00fcr Wellen zwischen 30 cm und 1,5 m mieten. Mit diesem Brett k\u00f6nnen Sie Schaumstoff und weiche Wellen auch bei st\u00fcrmischen Bedingungen reiten.<\/span><\/p>\n<h2>MERKMALE:<\/h2>\n<ul>\n<li class=\"p3\"><span class=\"s1\">L\u00e4nge: 244 cm<\/span><\/li>\n<li class=\"p3\"><span class=\"s1\">Breite: 58,4 cm<\/span><\/li>\n<li class=\"p3\"><span class=\"s1\">Dicke: 8,4 cm<\/span><\/li>\n<li class=\"p3\"><span class=\"s1\">Volumen: 70 L<\/span><\/li>\n<li class=\"p3\"><span class=\"s1\">Tail: Squash-Tail<\/span><\/li>\n<li class=\"p3\"><span class=\"s1\">Finnen: Thruster<\/span><\/li>\n<\/ul>\n<h2 class=\"p3\"><span class=\"s1\">LEVEL:<\/span><\/h2>\n<p class=\"p1\"><span class=\"s1\">Dieses Surfbrett ist f\u00fcr Surfanf\u00e4nger mit einem Gewicht von \u00fcber 80 kg geeignet. Intermediate- und fortgeschrittene Surfer sch\u00e4tzen es jedoch auch wegen seiner Wendigkeit. <\/span><\/p>\n\t\t\t\t\t\t\t\t<\/div>\n\t\t\t\t<\/div>\n\t\t\t\t<\/div>\n\t\t\t\t\t<\/div>\n\t\t\t\t<\/div>\n\t\t\t\t<\/div>\n\t\t","protected":false},"excerpt":{"rendered":"<p>VERMIETUNG SURFBRETT FEELSURF 8&#8242; Mit Homie Boards k\u00f6nnen Sie dieses Surfbrett f\u00fcr nur 15\u20ac\/Tag und 75\u20ac\/Woche mieten, sei es in Biarritz, Anglet, Bidart oder in der Umgebung. Wir liefern kostenlos und in Rekordzeit. Rufen Sie uns jetzt unter 06 38 43 35 38 an, damit Ihr Surfbrett so schnell wie m\u00f6glich geliefert wird. Bretttyp Vielseitiger [&hellip;]<\/p>\n","protected":false},"author":1,"featured_media":0,"parent":0,"menu_order":0,"comment_status":"closed","ping_status":"closed","template":"","meta":{"footnotes":""},"class_list":["post-3771","page","type-page","status-publish","hentry"],"yoast_head":"<!-- This site is optimized with the Yoast SEO plugin v27.3 - https:\/\/yoast.com\/product\/yoast-seo-wordpress\/ -->\n<title>FEELSURF 8&#039; - Vermietung Biarritz &amp; Niederlande - Kostenlose Lieferung<\/title>\n<meta name=\"robots\" content=\"noindex, follow\" \/>\n<meta property=\"og:locale\" content=\"de_DE\" \/>\n<meta property=\"og:type\" content=\"article\" \/>\n<meta property=\"og:title\" content=\"FEELSURF 8&#039; - Vermietung Biarritz &amp; Niederlande - Kostenlose Lieferung\" \/>\n<meta property=\"og:description\" content=\"VERMIETUNG SURFBRETT FEELSURF 8&#8242; Mit Homie Boards k\u00f6nnen Sie dieses Surfbrett f\u00fcr nur 15\u20ac\/Tag und 75\u20ac\/Woche mieten, sei es in Biarritz, Anglet, Bidart oder in der Umgebung. Wir liefern kostenlos und in Rekordzeit. Rufen Sie uns jetzt unter 06 38 43 35 38 an, damit Ihr Surfbrett so schnell wie m\u00f6glich geliefert wird. Bretttyp Vielseitiger [&hellip;]\" \/>\n<meta property=\"og:url\" content=\"https:\/\/homieboards.fr\/de\/feelsurf-8\/\" \/>\n<meta property=\"og:site_name\" content=\"Homie Boards\" \/>\n<meta property=\"article:publisher\" content=\"https:\/\/www.facebook.com\/locationplanchesurf\/\" \/>\n<meta property=\"article:modified_time\" content=\"2024-11-01T15:53:07+00:00\" \/>\n<meta name=\"twitter:card\" content=\"summary_large_image\" \/>\n<meta name=\"twitter:label1\" content=\"Gesch\u00e4tzte Lesezeit\" \/>\n\t<meta name=\"twitter:data1\" content=\"1\u00a0Minute\" \/>\n<script type=\"application\/ld+json\" class=\"yoast-schema-graph\">{\"@context\":\"https:\\\/\\\/schema.org\",\"@graph\":[{\"@type\":\"WebPage\",\"@id\":\"https:\\\/\\\/homieboards.fr\\\/de\\\/feelsurf-8\\\/\",\"url\":\"https:\\\/\\\/homieboards.fr\\\/de\\\/feelsurf-8\\\/\",\"name\":\"FEELSURF 8' - Vermietung Biarritz & Niederlande - Kostenlose Lieferung\",\"isPartOf\":{\"@id\":\"https:\\\/\\\/homieboards.fr\\\/de\\\/#website\"},\"datePublished\":\"2024-04-30T16:42:50+00:00\",\"dateModified\":\"2024-11-01T15:53:07+00:00\",\"breadcrumb\":{\"@id\":\"https:\\\/\\\/homieboards.fr\\\/de\\\/feelsurf-8\\\/#breadcrumb\"},\"inLanguage\":\"de\",\"potentialAction\":[{\"@type\":\"ReadAction\",\"target\":[\"https:\\\/\\\/homieboards.fr\\\/de\\\/feelsurf-8\\\/\"]}]},{\"@type\":\"BreadcrumbList\",\"@id\":\"https:\\\/\\\/homieboards.fr\\\/de\\\/feelsurf-8\\\/#breadcrumb\",\"itemListElement\":[{\"@type\":\"ListItem\",\"position\":1,\"name\":\"Accueil\",\"item\":\"https:\\\/\\\/homieboards.fr\\\/de\\\/startseite\\\/\"},{\"@type\":\"ListItem\",\"position\":2,\"name\":\"FEELSURF 8\u2019\"}]},{\"@type\":\"WebSite\",\"@id\":\"https:\\\/\\\/homieboards.fr\\\/de\\\/#website\",\"url\":\"https:\\\/\\\/homieboards.fr\\\/de\\\/\",\"name\":\"Homie Boards\",\"description\":\"Location de planches de surf\",\"publisher\":{\"@id\":\"https:\\\/\\\/homieboards.fr\\\/de\\\/#organization\"},\"potentialAction\":[{\"@type\":\"SearchAction\",\"target\":{\"@type\":\"EntryPoint\",\"urlTemplate\":\"https:\\\/\\\/homieboards.fr\\\/de\\\/?s={search_term_string}\"},\"query-input\":{\"@type\":\"PropertyValueSpecification\",\"valueRequired\":true,\"valueName\":\"search_term_string\"}}],\"inLanguage\":\"de\"},{\"@type\":\"Organization\",\"@id\":\"https:\\\/\\\/homieboards.fr\\\/de\\\/#organization\",\"name\":\"Homie Boards\",\"url\":\"https:\\\/\\\/homieboards.fr\\\/de\\\/\",\"logo\":{\"@type\":\"ImageObject\",\"inLanguage\":\"de\",\"@id\":\"https:\\\/\\\/homieboards.fr\\\/de\\\/#\\\/schema\\\/logo\\\/image\\\/\",\"url\":\"https:\\\/\\\/homieboards.fr\\\/wp-content\\\/uploads\\\/2024\\\/04\\\/logo_blanc_2-1.png\",\"contentUrl\":\"https:\\\/\\\/homieboards.fr\\\/wp-content\\\/uploads\\\/2024\\\/04\\\/logo_blanc_2-1.png\",\"width\":796,\"height\":618,\"caption\":\"Homie Boards\"},\"image\":{\"@id\":\"https:\\\/\\\/homieboards.fr\\\/de\\\/#\\\/schema\\\/logo\\\/image\\\/\"},\"sameAs\":[\"https:\\\/\\\/www.facebook.com\\\/locationplanchesurf\\\/\",\"https:\\\/\\\/www.instagram.com\\\/homieboards\\\/\"]}]}<\/script>\n<!-- \/ Yoast SEO plugin. -->","yoast_head_json":{"title":"FEELSURF 8' - Vermietung Biarritz & Niederlande - Kostenlose Lieferung","robots":{"index":"noindex","follow":"follow"},"og_locale":"de_DE","og_type":"article","og_title":"FEELSURF 8' - Vermietung Biarritz & Niederlande - Kostenlose Lieferung","og_description":"VERMIETUNG SURFBRETT FEELSURF 8&#8242; Mit Homie Boards k\u00f6nnen Sie dieses Surfbrett f\u00fcr nur 15\u20ac\/Tag und 75\u20ac\/Woche mieten, sei es in Biarritz, Anglet, Bidart oder in der Umgebung. Wir liefern kostenlos und in Rekordzeit. Rufen Sie uns jetzt unter 06 38 43 35 38 an, damit Ihr Surfbrett so schnell wie m\u00f6glich geliefert wird. Bretttyp Vielseitiger [&hellip;]","og_url":"https:\/\/homieboards.fr\/de\/feelsurf-8\/","og_site_name":"Homie Boards","article_publisher":"https:\/\/www.facebook.com\/locationplanchesurf\/","article_modified_time":"2024-11-01T15:53:07+00:00","twitter_card":"summary_large_image","twitter_misc":{"Gesch\u00e4tzte Lesezeit":"1\u00a0Minute"},"schema":{"@context":"https:\/\/schema.org","@graph":[{"@type":"WebPage","@id":"https:\/\/homieboards.fr\/de\/feelsurf-8\/","url":"https:\/\/homieboards.fr\/de\/feelsurf-8\/","name":"FEELSURF 8' - Vermietung Biarritz & Niederlande - Kostenlose Lieferung","isPartOf":{"@id":"https:\/\/homieboards.fr\/de\/#website"},"datePublished":"2024-04-30T16:42:50+00:00","dateModified":"2024-11-01T15:53:07+00:00","breadcrumb":{"@id":"https:\/\/homieboards.fr\/de\/feelsurf-8\/#breadcrumb"},"inLanguage":"de","potentialAction":[{"@type":"ReadAction","target":["https:\/\/homieboards.fr\/de\/feelsurf-8\/"]}]},{"@type":"BreadcrumbList","@id":"https:\/\/homieboards.fr\/de\/feelsurf-8\/#breadcrumb","itemListElement":[{"@type":"ListItem","position":1,"name":"Accueil","item":"https:\/\/homieboards.fr\/de\/startseite\/"},{"@type":"ListItem","position":2,"name":"FEELSURF 8\u2019"}]},{"@type":"WebSite","@id":"https:\/\/homieboards.fr\/de\/#website","url":"https:\/\/homieboards.fr\/de\/","name":"Homie Boards","description":"Location de planches de surf","publisher":{"@id":"https:\/\/homieboards.fr\/de\/#organization"},"potentialAction":[{"@type":"SearchAction","target":{"@type":"EntryPoint","urlTemplate":"https:\/\/homieboards.fr\/de\/?s={search_term_string}"},"query-input":{"@type":"PropertyValueSpecification","valueRequired":true,"valueName":"search_term_string"}}],"inLanguage":"de"},{"@type":"Organization","@id":"https:\/\/homieboards.fr\/de\/#organization","name":"Homie Boards","url":"https:\/\/homieboards.fr\/de\/","logo":{"@type":"ImageObject","inLanguage":"de","@id":"https:\/\/homieboards.fr\/de\/#\/schema\/logo\/image\/","url":"https:\/\/homieboards.fr\/wp-content\/uploads\/2024\/04\/logo_blanc_2-1.png","contentUrl":"https:\/\/homieboards.fr\/wp-content\/uploads\/2024\/04\/logo_blanc_2-1.png","width":796,"height":618,"caption":"Homie Boards"},"image":{"@id":"https:\/\/homieboards.fr\/de\/#\/schema\/logo\/image\/"},"sameAs":["https:\/\/www.facebook.com\/locationplanchesurf\/","https:\/\/www.instagram.com\/homieboards\/"]}]}},"_links":{"self":[{"href":"https:\/\/homieboards.fr\/de\/wp-json\/wp\/v2\/pages\/3771","targetHints":{"allow":["GET"]}}],"collection":[{"href":"https:\/\/homieboards.fr\/de\/wp-json\/wp\/v2\/pages"}],"about":[{"href":"https:\/\/homieboards.fr\/de\/wp-json\/wp\/v2\/types\/page"}],"author":[{"embeddable":true,"href":"https:\/\/homieboards.fr\/de\/wp-json\/wp\/v2\/users\/1"}],"replies":[{"embeddable":true,"href":"https:\/\/homieboards.fr\/de\/wp-json\/wp\/v2\/comments?post=3771"}],"version-history":[{"count":1,"href":"https:\/\/homieboards.fr\/de\/wp-json\/wp\/v2\/pages\/3771\/revisions"}],"predecessor-version":[{"id":3772,"href":"https:\/\/homieboards.fr\/de\/wp-json\/wp\/v2\/pages\/3771\/revisions\/3772"}],"wp:attachment":[{"href":"https:\/\/homieboards.fr\/de\/wp-json\/wp\/v2\/media?parent=3771"}],"curies":[{"name":"wp","href":"https:\/\/api.w.org\/{rel}","templated":true}]}}