{"id":3781,"date":"2024-06-06T15:51:17","date_gmt":"2024-06-06T15:51:17","guid":{"rendered":"https:\/\/homieboards.fr\/rechtliche-hinweise\/"},"modified":"2024-11-01T16:02:00","modified_gmt":"2024-11-01T16:02:00","slug":"rechtliche-hinweise","status":"publish","type":"page","link":"https:\/\/homieboards.fr\/de\/rechtliche-hinweise\/","title":{"rendered":"Rechtliche Hinweise"},"content":{"rendered":"\n<p><strong>Herausgeber der<\/strong> Website: GUILLAUME LEONARD<\/p>\n\n<p>SIRET-Nummer: 89868291900011<\/p>\n\n<p>Verantwortlicher Redakteur: GUILLAUME LEONARD<\/p>\n\n<p>Email : contact@homieboards.fr<\/p>\n\n<p>Site web : homieboards.fr<\/p>\n\n<p><strong>Hosting<\/strong><\/p>\n\n<p>H\u00e9bergeur : OVH<br\/>2, rue Kellermann, 59100 Roubaix<\/p>\n\n<p>Site Web : ovh.com<\/p>\n\n<p><strong>Entwicklung<\/strong><strong>:<\/strong><\/p>\n\n<p>Antoine Broin<\/p>\n\n<p>Adresse : 2 Rue de Biarritz, Dax 40100<\/p>\n\n<p>Site Web : antoinebroin.fr<\/p>\n\n<p><strong>Nutzungsbedingungen :<\/strong><\/p>\n\n<p>Diese Website wird in verschiedenen Websprachen (HTML, HTML5, Javascript, CSS usw.) angeboten, um eine bessere Benutzerfreundlichkeit und eine ansprechendere Grafik zu gew\u00e4hrleisten.<\/p>\n\n<p>Wir empfehlen Ihnen, moderne Browser wie Internet Explorer, Safari, Firefox, Google Chrome usw. zu verwenden.<\/p>\n\n<p>homieboards.de setzt alle ihr zur Verf\u00fcgung stehenden Mittel ein, um zuverl\u00e4ssige Informationen und eine zuverl\u00e4ssige Aktualisierung ihrer Internetseiten zu gew\u00e4hrleisten.<\/p>\n\n<p>Es kann jedoch zu Fehlern oder Auslassungen kommen. Der Internetnutzer sollte daher die Richtigkeit der Informationen bei homieboards.de \u00fcberpr\u00fcfen und alle \u00c4nderungen an der Website melden, die er f\u00fcr n\u00fctzlich h\u00e4lt. homieboards.de ist in keinem Fall verantwortlich f\u00fcr die Nutzung dieser Informationen und f\u00fcr alle direkten oder indirekten Sch\u00e4den, die daraus entstehen k\u00f6nnen.  <\/p>\n\n<p><strong>Cookies<\/strong>: Die Website homieboards.de kann Sie m\u00f6glicherweise dazu auffordern, Cookies f\u00fcr statistische Zwecke und zur besseren Darstellung zu akzeptieren. Ein Cookie ist eine Information, die vom Server der Website, die Sie besuchen, auf Ihrer Festplatte abgelegt wird. <\/p>\n\n<p>Es enth\u00e4lt verschiedene Daten, die auf Ihrem Computer in einer einfachen Textdatei gespeichert werden, auf die ein Server zugreift, um Informationen zu lesen und zu speichern . Einige Teile dieser Website sind ohne die Annahme von Cookies nicht funktionsf\u00e4hig. <\/p>\n\n<p><strong>Hyperlinks<\/strong>: Die Websites von k\u00f6nnen Links zu anderen Websites oder anderen im Internet verf\u00fcgbaren Ressourcen anbieten. homieboards.de verf\u00fcgt \u00fcber keinerlei Mittel, um die mit seinen Websites verbundenen Websites zu kontrollieren. <\/p>\n\n<p>homieboards.fr \u00fcbernimmt keine Verantwortung f\u00fcr die Verf\u00fcgbarkeit solcher Websites und externer Quellen und garantiert diese auch nicht. Sie kann nicht f\u00fcr Sch\u00e4den jeglicher Art haftbar gemacht werden, die sich aus dem Inhalt dieser Websites oder externen Quellen ergeben, insbesondere nicht f\u00fcr Informationen, Produkte oder Dienstleistungen, die dort angeboten werden, oder f\u00fcr jegliche Nutzung, die von diesen Elementen ausgehen kann. Die mit dieser Nutzung verbundenen Risiken liegen vollst\u00e4ndig beim Internetnutzer, der sich an deren Nutzungsbedingungen halten muss.  <\/p>\n\n<p>Nutzer, Abonnenten und Besucher der Websites d\u00fcrfen ohne die ausdr\u00fcckliche und vorherige Genehmigung von homieboards.de keinen Hyperlink zu dieser Website einrichten.<\/p>\n\n<p>Wenn ein Nutzer oder Besucher einen Hyperlink zu einer der Websites von homieboards.fr einrichten m\u00f6chte, muss er eine E-Mail an die Website senden, um seinen Antrag auf Einrichtung eines Hyperlinks zu formulieren.<\/p>\n\n<p>homieboards.fr beh\u00e4lt sich das Recht vor, einen Hyperlink zu akzeptieren oder abzulehnen, ohne dass eine Entscheidung begr\u00fcndet werden muss.<\/p>\n\n<p><strong>Erbrachte Dienstleistungen :<\/strong><\/p>\n\n<p>Alle Aktivit\u00e4ten des Unternehmens und seine Informationen sind auf unserer Website a<\/p>\n\n<p>homieboards.fr bem\u00fcht sich, auf der Website homieboards.de so genaue Informationen wie m\u00f6glich bereitzustellen. Die Informationen auf der Website daxavelo.de sind nicht vollst\u00e4ndig und die Fotos nicht vertraglich bindend. <\/p>\n\n<p>Sie werden vorbehaltlich der \u00c4nderungen gegeben, die seit ihrer Online-Ver\u00f6ffentlichung vorgenommen wurden. Alle Informationen auf der Website homieboards.de sind unverbindlich und k\u00f6nnen sich ohne Vorank\u00fcndigung \u00e4ndern oder weiterentwickeln. <\/p>\n\n<p><strong>Vertragliche Beschr\u00e4nkungen der Daten :<\/strong><\/p>\n\n<p>Die Informationen auf dieser Website sind so genau wie m\u00f6glich und die Website wird zu verschiedenen Zeiten des Jahres aktualisiert, kann aber dennoch Ungenauigkeiten oder Auslassungen enthalten.<\/p>\n\n<p>Wenn Sie eine L\u00fccke, einen Fehler oder eine scheinbare Fehlfunktion feststellen, melden Sie dies bitte per E-Mail an contact@homieboards.fr und beschreiben Sie das Problem so genau wie m\u00f6glich (Seite, auf der das Problem auftritt, Art des verwendeten Computers und Browsers, &#8230;).<\/p>\n\n<p>Alle heruntergeladenen Inhalte erfolgen auf Risiko und unter der alleinigen Verantwortung des Nutzers. Folglich kann der Autor nicht f\u00fcr Sch\u00e4den am Computer des Nutzers oder f\u00fcr Datenverluste infolge des Downloads haftbar gemacht werden. <\/p>\n\n<p>Dar\u00fcber hinaus verpflichtet sich der Nutzer der Website, auf die Website mit einer aktuellen Hardware zuzugreifen, die keine Viren enth\u00e4lt, und mit einem Browser der neuesten Generation, der auf den neuesten Stand gebracht wurde.<\/p>\n\n<p>F\u00fcr Hyperlinks, die im Rahmen dieser Website zu anderen Ressourcen im Internet eingerichtet werden, \u00fcbernimmt homieboards.de keine Haftung.<\/p>\n\n<p><strong>Geistiges Eigentum :<\/strong><\/p>\n\n<p>Der gesamte Inhalt der Website homieboards.fr, einschlie\u00dflich, aber nicht beschr\u00e4nkt auf Grafiken, Bilder, Texte, Videos, Animationen, Sounds, Logos, Gifs und Icons sowie deren Formatierung, ist das ausschlie\u00dfliche Eigentum des Unternehmens, mit Ausnahme von Marken, Logos oder Inhalten, die anderen Partnerunternehmen oder Autoren geh\u00f6ren.<\/p>\n\n<p>Jede auch nur teilweise Vervielf\u00e4ltigung, Verbreitung, \u00c4nderung, Anpassung, Weiterleitung oder Ver\u00f6ffentlichung dieser verschiedenen Elemente ist ohne die ausdr\u00fcckliche schriftliche Genehmigung von homieboards.fr strengstens untersagt. Diese Darstellung oder Vervielf\u00e4ltigung, gleich durch welches Verfahren, stellt eine F\u00e4lschung dar, die durch die Artikel L.335-2 ff. des Gesetzes \u00fcber geistiges Eigentum sanktioniert wird. Die Nichtbeachtung dieses Verbots stellt eine F\u00e4lschung dar, f\u00fcr die der F\u00e4lscher zivil- und strafrechtlich haftbar gemacht werden kann. Dar\u00fcber hinaus k\u00f6nnten die Eigent\u00fcmer der kopierten Inhalte rechtliche Schritte gegen Sie einleiten.   <\/p>\n\n<p><strong>Anmeldung bei der CNIL :<\/strong><\/p>\n\n<p>Gem\u00e4\u00df dem Gesetz 78-17 vom 6. Januar 1978 (ge\u00e4ndert durch das Gesetz 2004-801 vom 6. August 2004 \u00fcber den Schutz nat\u00fcrlicher Personen bei der Verarbeitung personenbezogener Daten) \u00fcber Informatik, Dateien und Freiheiten ist diese Website Gegenstand einer Erkl\u00e4rung 1656629 bei der franz\u00f6sischen Datenschutzbeh\u00f6rde Commission nationale de l&#8217;informatique et des libert\u00e9s (www.cnil.fr).<\/p>\n\n<p><strong>Rechtsstreitigkeiten :<\/strong><\/p>\n\n<p>Die vorliegenden Bedingungen der Website homieboards.fr unterliegen den franz\u00f6sischen Gesetzen und alle Streitigkeiten, die sich aus der Auslegung oder Ausf\u00fchrung dieser Bedingungen ergeben k\u00f6nnten, unterliegen der ausschlie\u00dflichen Zust\u00e4ndigkeit der Gerichte, in deren Zust\u00e4ndigkeitsbereich der Firmensitz des Unternehmens liegt. Die Referenzsprache f\u00fcr die Beilegung eventueller Streitigkeiten ist Franz\u00f6sisch. <\/p>\n\n<p><strong>Pers\u00f6nliche Daten :<\/strong><\/p>\n\n<p>Im Allgemeinen sind Sie nicht verpflichtet, uns Ihre pers\u00f6nlichen Daten mitzuteilen, wenn Sie unsere Website homieboards.de besuchen.<\/p>\n\n<p>Allerdings gibt es zu diesem Prinzip einige Ausnahmen. Bei bestimmten Dienstleistungen, die auf unserer Website angeboten werden, kann es sein, dass Sie uns bestimmte Daten mitteilen m\u00fcssen, z. B. Ihren Namen, Ihre Funktion, den Namen Ihres Unternehmens, Ihre E-Mail-Adresse und Ihre Telefonnummer. Dies ist der Fall, wenn Sie das Online-Formular unter der Rubrik \u201eKontakt\u201c ausf\u00fcllen.  <\/p>\n\n<p>In jedem Fall k\u00f6nnen Sie die Angabe Ihrer pers\u00f6nlichen Daten verweigern. In diesem Fall k\u00f6nnen Sie die Dienstleistungen der Website nicht nutzen, insbesondere nicht die M\u00f6glichkeit, Informationen \u00fcber unser Unternehmen anzufordern oder Newsletter zu erhalten. <\/p>\n\n<p>Schlie\u00dflich k\u00f6nnen wir automatisch bestimmte Informationen \u00fcber Sie sammeln, wenn Sie einfach auf unserer Website surfen, insbesondere: Informationen \u00fcber die Nutzung unserer Website, z. B. die Bereiche, die Sie besuchen, und die Dienste, auf die Sie zugreifen, Ihre IP-Adresse, den Typ Ihres Browsers, Ihre Zugriffszeiten.<\/p>\n\n<p>Solche Informationen werden ausschlie\u00dflich f\u00fcr interne statistische Zwecke verwendet, um die Qualit\u00e4t der Ihnen angebotenen Dienstleistungen zu verbessern. Die Datenbanken sind durch die Bestimmungen des Gesetzes vom 1. Juli 1998 zur Umsetzung der Richtlinie 96\/9 vom 11. M\u00e4rz 1996 \u00fcber den rechtlichen Schutz von Datenbanken gesch\u00fctzt. <\/p>\n","protected":false},"excerpt":{"rendered":"<p>Herausgeber der Website: GUILLAUME LEONARD SIRET-Nummer: 89868291900011 Verantwortlicher Redakteur: GUILLAUME LEONARD Email : contact@homieboards.fr Site web : homieboards.fr Hosting H\u00e9bergeur : OVH2, rue Kellermann, 59100 Roubaix Site Web : ovh.com Entwicklung: Antoine Broin Adresse : 2 Rue de Biarritz, Dax 40100 Site Web : antoinebroin.fr Nutzungsbedingungen : Diese Website wird in verschiedenen Websprachen (HTML, HTML5, [&hellip;]<\/p>\n","protected":false},"author":1,"featured_media":0,"parent":0,"menu_order":0,"comment_status":"closed","ping_status":"closed","template":"","meta":{"footnotes":""},"class_list":["post-3781","page","type-page","status-publish","hentry"],"yoast_head":"<!-- This site is optimized with the Yoast SEO plugin v27.3 - https:\/\/yoast.com\/product\/yoast-seo-wordpress\/ -->\n<title>Rechtliche Hinweise - Homie Boards<\/title>\n<meta name=\"robots\" content=\"index, follow, max-snippet:-1, max-image-preview:large, max-video-preview:-1\" \/>\n<link rel=\"canonical\" href=\"https:\/\/homieboards.fr\/de\/rechtliche-hinweise\/\" \/>\n<meta property=\"og:locale\" content=\"de_DE\" \/>\n<meta property=\"og:type\" content=\"article\" \/>\n<meta property=\"og:title\" content=\"Rechtliche Hinweise - Homie Boards\" \/>\n<meta property=\"og:description\" content=\"Herausgeber der Website: GUILLAUME LEONARD SIRET-Nummer: 89868291900011 Verantwortlicher Redakteur: GUILLAUME LEONARD Email : contact@homieboards.fr Site web : homieboards.fr Hosting H\u00e9bergeur : OVH2, rue Kellermann, 59100 Roubaix Site Web : ovh.com Entwicklung: Antoine Broin Adresse : 2 Rue de Biarritz, Dax 40100 Site Web : antoinebroin.fr Nutzungsbedingungen : Diese Website wird in verschiedenen Websprachen (HTML, HTML5, [&hellip;]\" \/>\n<meta property=\"og:url\" content=\"https:\/\/homieboards.fr\/de\/rechtliche-hinweise\/\" \/>\n<meta property=\"og:site_name\" content=\"Homie Boards\" \/>\n<meta property=\"article:publisher\" content=\"https:\/\/www.facebook.com\/locationplanchesurf\/\" \/>\n<meta property=\"article:modified_time\" content=\"2024-11-01T16:02:00+00:00\" \/>\n<meta name=\"twitter:card\" content=\"summary_large_image\" \/>\n<meta name=\"twitter:label1\" content=\"Gesch\u00e4tzte Lesezeit\" \/>\n\t<meta name=\"twitter:data1\" content=\"6\u00a0Minuten\" \/>\n<script type=\"application\/ld+json\" class=\"yoast-schema-graph\">{\"@context\":\"https:\\\/\\\/schema.org\",\"@graph\":[{\"@type\":\"WebPage\",\"@id\":\"https:\\\/\\\/homieboards.fr\\\/de\\\/rechtliche-hinweise\\\/\",\"url\":\"https:\\\/\\\/homieboards.fr\\\/de\\\/rechtliche-hinweise\\\/\",\"name\":\"Rechtliche Hinweise - Homie Boards\",\"isPartOf\":{\"@id\":\"https:\\\/\\\/homieboards.fr\\\/de\\\/#website\"},\"datePublished\":\"2024-06-06T15:51:17+00:00\",\"dateModified\":\"2024-11-01T16:02:00+00:00\",\"breadcrumb\":{\"@id\":\"https:\\\/\\\/homieboards.fr\\\/de\\\/rechtliche-hinweise\\\/#breadcrumb\"},\"inLanguage\":\"de\",\"potentialAction\":[{\"@type\":\"ReadAction\",\"target\":[\"https:\\\/\\\/homieboards.fr\\\/de\\\/rechtliche-hinweise\\\/\"]}]},{\"@type\":\"BreadcrumbList\",\"@id\":\"https:\\\/\\\/homieboards.fr\\\/de\\\/rechtliche-hinweise\\\/#breadcrumb\",\"itemListElement\":[{\"@type\":\"ListItem\",\"position\":1,\"name\":\"Accueil\",\"item\":\"https:\\\/\\\/homieboards.fr\\\/de\\\/startseite\\\/\"},{\"@type\":\"ListItem\",\"position\":2,\"name\":\"Rechtliche Hinweise\"}]},{\"@type\":\"WebSite\",\"@id\":\"https:\\\/\\\/homieboards.fr\\\/de\\\/#website\",\"url\":\"https:\\\/\\\/homieboards.fr\\\/de\\\/\",\"name\":\"Homie Boards\",\"description\":\"Location de planches de surf\",\"publisher\":{\"@id\":\"https:\\\/\\\/homieboards.fr\\\/de\\\/#organization\"},\"potentialAction\":[{\"@type\":\"SearchAction\",\"target\":{\"@type\":\"EntryPoint\",\"urlTemplate\":\"https:\\\/\\\/homieboards.fr\\\/de\\\/?s={search_term_string}\"},\"query-input\":{\"@type\":\"PropertyValueSpecification\",\"valueRequired\":true,\"valueName\":\"search_term_string\"}}],\"inLanguage\":\"de\"},{\"@type\":\"Organization\",\"@id\":\"https:\\\/\\\/homieboards.fr\\\/de\\\/#organization\",\"name\":\"Homie Boards\",\"url\":\"https:\\\/\\\/homieboards.fr\\\/de\\\/\",\"logo\":{\"@type\":\"ImageObject\",\"inLanguage\":\"de\",\"@id\":\"https:\\\/\\\/homieboards.fr\\\/de\\\/#\\\/schema\\\/logo\\\/image\\\/\",\"url\":\"https:\\\/\\\/homieboards.fr\\\/wp-content\\\/uploads\\\/2024\\\/04\\\/logo_blanc_2-1.png\",\"contentUrl\":\"https:\\\/\\\/homieboards.fr\\\/wp-content\\\/uploads\\\/2024\\\/04\\\/logo_blanc_2-1.png\",\"width\":796,\"height\":618,\"caption\":\"Homie Boards\"},\"image\":{\"@id\":\"https:\\\/\\\/homieboards.fr\\\/de\\\/#\\\/schema\\\/logo\\\/image\\\/\"},\"sameAs\":[\"https:\\\/\\\/www.facebook.com\\\/locationplanchesurf\\\/\",\"https:\\\/\\\/www.instagram.com\\\/homieboards\\\/\"]}]}<\/script>\n<!-- \/ Yoast SEO plugin. -->","yoast_head_json":{"title":"Rechtliche Hinweise - Homie Boards","robots":{"index":"index","follow":"follow","max-snippet":"max-snippet:-1","max-image-preview":"max-image-preview:large","max-video-preview":"max-video-preview:-1"},"canonical":"https:\/\/homieboards.fr\/de\/rechtliche-hinweise\/","og_locale":"de_DE","og_type":"article","og_title":"Rechtliche Hinweise - Homie Boards","og_description":"Herausgeber der Website: GUILLAUME LEONARD SIRET-Nummer: 89868291900011 Verantwortlicher Redakteur: GUILLAUME LEONARD Email : contact@homieboards.fr Site web : homieboards.fr Hosting H\u00e9bergeur : OVH2, rue Kellermann, 59100 Roubaix Site Web : ovh.com Entwicklung: Antoine Broin Adresse : 2 Rue de Biarritz, Dax 40100 Site Web : antoinebroin.fr Nutzungsbedingungen : Diese Website wird in verschiedenen Websprachen (HTML, HTML5, [&hellip;]","og_url":"https:\/\/homieboards.fr\/de\/rechtliche-hinweise\/","og_site_name":"Homie Boards","article_publisher":"https:\/\/www.facebook.com\/locationplanchesurf\/","article_modified_time":"2024-11-01T16:02:00+00:00","twitter_card":"summary_large_image","twitter_misc":{"Gesch\u00e4tzte Lesezeit":"6\u00a0Minuten"},"schema":{"@context":"https:\/\/schema.org","@graph":[{"@type":"WebPage","@id":"https:\/\/homieboards.fr\/de\/rechtliche-hinweise\/","url":"https:\/\/homieboards.fr\/de\/rechtliche-hinweise\/","name":"Rechtliche Hinweise - Homie Boards","isPartOf":{"@id":"https:\/\/homieboards.fr\/de\/#website"},"datePublished":"2024-06-06T15:51:17+00:00","dateModified":"2024-11-01T16:02:00+00:00","breadcrumb":{"@id":"https:\/\/homieboards.fr\/de\/rechtliche-hinweise\/#breadcrumb"},"inLanguage":"de","potentialAction":[{"@type":"ReadAction","target":["https:\/\/homieboards.fr\/de\/rechtliche-hinweise\/"]}]},{"@type":"BreadcrumbList","@id":"https:\/\/homieboards.fr\/de\/rechtliche-hinweise\/#breadcrumb","itemListElement":[{"@type":"ListItem","position":1,"name":"Accueil","item":"https:\/\/homieboards.fr\/de\/startseite\/"},{"@type":"ListItem","position":2,"name":"Rechtliche Hinweise"}]},{"@type":"WebSite","@id":"https:\/\/homieboards.fr\/de\/#website","url":"https:\/\/homieboards.fr\/de\/","name":"Homie Boards","description":"Location de planches de surf","publisher":{"@id":"https:\/\/homieboards.fr\/de\/#organization"},"potentialAction":[{"@type":"SearchAction","target":{"@type":"EntryPoint","urlTemplate":"https:\/\/homieboards.fr\/de\/?s={search_term_string}"},"query-input":{"@type":"PropertyValueSpecification","valueRequired":true,"valueName":"search_term_string"}}],"inLanguage":"de"},{"@type":"Organization","@id":"https:\/\/homieboards.fr\/de\/#organization","name":"Homie Boards","url":"https:\/\/homieboards.fr\/de\/","logo":{"@type":"ImageObject","inLanguage":"de","@id":"https:\/\/homieboards.fr\/de\/#\/schema\/logo\/image\/","url":"https:\/\/homieboards.fr\/wp-content\/uploads\/2024\/04\/logo_blanc_2-1.png","contentUrl":"https:\/\/homieboards.fr\/wp-content\/uploads\/2024\/04\/logo_blanc_2-1.png","width":796,"height":618,"caption":"Homie Boards"},"image":{"@id":"https:\/\/homieboards.fr\/de\/#\/schema\/logo\/image\/"},"sameAs":["https:\/\/www.facebook.com\/locationplanchesurf\/","https:\/\/www.instagram.com\/homieboards\/"]}]}},"_links":{"self":[{"href":"https:\/\/homieboards.fr\/de\/wp-json\/wp\/v2\/pages\/3781","targetHints":{"allow":["GET"]}}],"collection":[{"href":"https:\/\/homieboards.fr\/de\/wp-json\/wp\/v2\/pages"}],"about":[{"href":"https:\/\/homieboards.fr\/de\/wp-json\/wp\/v2\/types\/page"}],"author":[{"embeddable":true,"href":"https:\/\/homieboards.fr\/de\/wp-json\/wp\/v2\/users\/1"}],"replies":[{"embeddable":true,"href":"https:\/\/homieboards.fr\/de\/wp-json\/wp\/v2\/comments?post=3781"}],"version-history":[{"count":1,"href":"https:\/\/homieboards.fr\/de\/wp-json\/wp\/v2\/pages\/3781\/revisions"}],"predecessor-version":[{"id":3782,"href":"https:\/\/homieboards.fr\/de\/wp-json\/wp\/v2\/pages\/3781\/revisions\/3782"}],"wp:attachment":[{"href":"https:\/\/homieboards.fr\/de\/wp-json\/wp\/v2\/media?parent=3781"}],"curies":[{"name":"wp","href":"https:\/\/api.w.org\/{rel}","templated":true}]}}