{"id":3510,"date":"2024-04-24T13:33:11","date_gmt":"2024-04-24T13:33:11","guid":{"rendered":"https:\/\/homieboards.fr\/alquiler-de-longboard\/"},"modified":"2024-06-29T08:59:29","modified_gmt":"2024-06-29T08:59:29","slug":"alquiler-de-longboard","status":"publish","type":"page","link":"https:\/\/homieboards.fr\/es\/alquiler-de-longboard\/","title":{"rendered":"Alquiler de longboard"},"content":{"rendered":"\t\t<div data-elementor-type=\"wp-page\" data-elementor-id=\"3510\" class=\"elementor elementor-3510 elementor-2164\" data-elementor-post-type=\"page\">\n\t\t\t\t<div class=\"elementor-element elementor-element-3ca1224 e-flex e-con-boxed e-con e-parent\" data-id=\"3ca1224\" data-element_type=\"container\" data-e-type=\"container\">\n\t\t\t\t\t<div class=\"e-con-inner\">\n\t\t<div class=\"elementor-element elementor-element-9c236ca e-con-full e-flex e-con e-child\" data-id=\"9c236ca\" data-element_type=\"container\" data-e-type=\"container\" data-settings=\"{&quot;background_background&quot;:&quot;classic&quot;}\">\n\t\t\t\t<\/div>\n\t\t<div class=\"elementor-element elementor-element-3392b72 e-con-full e-flex e-con e-child\" data-id=\"3392b72\" data-element_type=\"container\" data-e-type=\"container\" data-settings=\"{&quot;background_background&quot;:&quot;classic&quot;}\">\n\t\t\t\t<div class=\"elementor-element elementor-element-f5dfe6b elementor-widget elementor-widget-heading\" data-id=\"f5dfe6b\" data-element_type=\"widget\" data-e-type=\"widget\" data-widget_type=\"heading.default\">\n\t\t\t\t<div class=\"elementor-widget-container\">\n\t\t\t\t\t<h1 class=\"elementor-heading-title elementor-size-default\">ALQUILER DE SURF LONGBOARD POR HOMIE BOARDS<\/h1>\t\t\t\t<\/div>\n\t\t\t\t<\/div>\n\t\t\t\t<div class=\"elementor-element elementor-element-6fe6af5 elementor-widget elementor-widget-text-editor\" data-id=\"6fe6af5\" data-element_type=\"widget\" data-e-type=\"widget\" data-widget_type=\"text-editor.default\">\n\t\t\t\t<div class=\"elementor-widget-container\">\n\t\t\t\t\t\t\t\t\t<p>Es grande, a menudo es muy hermoso y nos recuerda los inicios del surf. El <strong>longboard<\/strong> ha sido durante mucho tiempo la <strong>tabla<\/strong> estrella de los surfistas y la primera en haber sido realmente popularizada.<\/p>\n<p>Tambi\u00e9n llamada <strong>Malibu<\/strong>, esta tabla te permitir\u00e1 deslizarte suavemente en <strong>peque\u00f1as olas<\/strong> de verano. Sin embargo, ten cuidado, no es una tabla para principiantes (mejor optar por un <a href=\"https:\/\/homieboards.fr\/es\/alquiler-mini-malibu\/\"><strong>mini-malibu<\/strong><\/a> o una evolutiva). El longboard es pesado, dif\u00edcil de maniobrar y complicado de remar.<\/p>\n\t\t\t\t\t\t\t\t<\/div>\n\t\t\t\t<\/div>\n\t\t\t\t<div class=\"elementor-element elementor-element-9c065e0 elementor-align-center elementor-widget elementor-widget-button\" data-id=\"9c065e0\" data-element_type=\"widget\" data-e-type=\"widget\" data-widget_type=\"button.default\">\n\t\t\t\t<div class=\"elementor-widget-container\">\n\t\t\t\t\t\t\t\t\t<div class=\"elementor-button-wrapper\">\n\t\t\t\t\t<a class=\"elementor-button elementor-button-link elementor-size-sm elementor-animation-grow\" href=\"https:\/\/homieboards.fr\/en\/contact\/\">\n\t\t\t\t\t\t<span class=\"elementor-button-content-wrapper\">\n\t\t\t\t\t\t\t\t\t<span class=\"elementor-button-text\">Cont\u00e1ctanos<\/span>\n\t\t\t\t\t<\/span>\n\t\t\t\t\t<\/a>\n\t\t\t\t<\/div>\n\t\t\t\t\t\t\t\t<\/div>\n\t\t\t\t<\/div>\n\t\t\t\t<\/div>\n\t\t\t\t\t<\/div>\n\t\t\t\t<\/div>\n\t\t<div class=\"elementor-element elementor-element-8941d38 e-flex e-con-boxed e-con e-child\" data-id=\"8941d38\" data-element_type=\"container\" data-e-type=\"container\">\n\t\t\t\t\t<div class=\"e-con-inner\">\n\t\t<div class=\"elementor-element elementor-element-bf166a6 e-flex e-con-boxed e-con e-child\" data-id=\"bf166a6\" data-element_type=\"container\" data-e-type=\"container\">\n\t\t\t\t\t<div class=\"e-con-inner\">\n\t\t\t\t<div class=\"elementor-element elementor-element-440c10e e-transform elementor-widget elementor-widget-image\" data-id=\"440c10e\" data-element_type=\"widget\" data-e-type=\"widget\" data-settings=\"{&quot;_transform_rotateZ_effect_hover&quot;:{&quot;unit&quot;:&quot;px&quot;,&quot;size&quot;:-2,&quot;sizes&quot;:[]},&quot;_transform_rotateZ_effect_hover_tablet&quot;:{&quot;unit&quot;:&quot;deg&quot;,&quot;size&quot;:&quot;&quot;,&quot;sizes&quot;:[]},&quot;_transform_rotateZ_effect_hover_mobile&quot;:{&quot;unit&quot;:&quot;deg&quot;,&quot;size&quot;:&quot;&quot;,&quot;sizes&quot;:[]}}\" data-widget_type=\"image.default\">\n\t\t\t\t<div class=\"elementor-widget-container\">\n\t\t\t\t\t\t\t\t\t\t\t\t\t\t\t\t<a href=\"https:\/\/homieboards.fr\/en\/olaian-8\/\">\n\t\t\t\t\t\t\t<img fetchpriority=\"high\" decoding=\"async\" width=\"460\" height=\"460\" src=\"https:\/\/homieboards.fr\/wp-content\/uploads\/2020\/04\/Mousse-Olaian-8-75L.jpg\" class=\"attachment-full size-full wp-image-583\" alt=\"location surf longboard biarritz anglet bidart\" srcset=\"https:\/\/homieboards.fr\/wp-content\/uploads\/2020\/04\/Mousse-Olaian-8-75L.jpg 460w, https:\/\/homieboards.fr\/wp-content\/uploads\/2020\/04\/Mousse-Olaian-8-75L-300x300.jpg 300w, https:\/\/homieboards.fr\/wp-content\/uploads\/2020\/04\/Mousse-Olaian-8-75L-150x150.jpg 150w, https:\/\/homieboards.fr\/wp-content\/uploads\/2020\/04\/elementor\/thumbs\/Mousse-Olaian-8-75L-qn4zw3arnpuml717btk4bf3th9x017m4hjgdz73oqy.jpg 225w\" sizes=\"(max-width: 460px) 100vw, 460px\" \/>\t\t\t\t\t\t\t\t<\/a>\n\t\t\t\t\t\t\t\t\t\t\t\t\t\t\t<\/div>\n\t\t\t\t<\/div>\n\t\t\t\t<div class=\"elementor-element elementor-element-208049b elementor-widget elementor-widget-heading\" data-id=\"208049b\" data-element_type=\"widget\" data-e-type=\"widget\" data-widget_type=\"heading.default\">\n\t\t\t\t<div class=\"elementor-widget-container\">\n\t\t\t\t\t<span class=\"elementor-heading-title elementor-size-default\"><a href=\"https:\/\/homieboards.fr\/en\/olaian-8\/\">OLAIAN 8\u2019<\/a><\/span>\t\t\t\t<\/div>\n\t\t\t\t<\/div>\n\t\t\t\t\t<\/div>\n\t\t\t\t<\/div>\n\t\t<div class=\"elementor-element elementor-element-907c19e e-flex e-con-boxed e-con e-child\" data-id=\"907c19e\" data-element_type=\"container\" data-e-type=\"container\">\n\t\t\t\t\t<div class=\"e-con-inner\">\n\t\t\t\t<div class=\"elementor-element elementor-element-9c20765 e-transform elementor-widget elementor-widget-image\" data-id=\"9c20765\" data-element_type=\"widget\" data-e-type=\"widget\" data-settings=\"{&quot;_transform_translateY_effect_hover&quot;:{&quot;unit&quot;:&quot;px&quot;,&quot;size&quot;:-2,&quot;sizes&quot;:[]},&quot;_transform_translateX_effect_hover&quot;:{&quot;unit&quot;:&quot;px&quot;,&quot;size&quot;:&quot;&quot;,&quot;sizes&quot;:[]},&quot;_transform_translateX_effect_hover_tablet&quot;:{&quot;unit&quot;:&quot;px&quot;,&quot;size&quot;:&quot;&quot;,&quot;sizes&quot;:[]},&quot;_transform_translateX_effect_hover_mobile&quot;:{&quot;unit&quot;:&quot;px&quot;,&quot;size&quot;:&quot;&quot;,&quot;sizes&quot;:[]},&quot;_transform_translateY_effect_hover_tablet&quot;:{&quot;unit&quot;:&quot;px&quot;,&quot;size&quot;:&quot;&quot;,&quot;sizes&quot;:[]},&quot;_transform_translateY_effect_hover_mobile&quot;:{&quot;unit&quot;:&quot;px&quot;,&quot;size&quot;:&quot;&quot;,&quot;sizes&quot;:[]}}\" data-widget_type=\"image.default\">\n\t\t\t\t<div class=\"elementor-widget-container\">\n\t\t\t\t\t\t\t\t\t\t\t\t\t\t\t\t<a href=\"https:\/\/homieboards.fr\/en\/madness-8\/\">\n\t\t\t\t\t\t\t<img decoding=\"async\" width=\"800\" height=\"800\" src=\"https:\/\/homieboards.fr\/wp-content\/uploads\/2020\/04\/Mousse-Madness-8-1024x1024.jpeg\" class=\"attachment-large size-large wp-image-581\" alt=\"location surf longboard biarritz anglet bidart\" srcset=\"https:\/\/homieboards.fr\/wp-content\/uploads\/2020\/04\/Mousse-Madness-8-1024x1024.jpeg 1024w, https:\/\/homieboards.fr\/wp-content\/uploads\/2020\/04\/Mousse-Madness-8-300x300.jpeg 300w, https:\/\/homieboards.fr\/wp-content\/uploads\/2020\/04\/Mousse-Madness-8-150x150.jpeg 150w, https:\/\/homieboards.fr\/wp-content\/uploads\/2020\/04\/Mousse-Madness-8-768x768.jpeg 768w, https:\/\/homieboards.fr\/wp-content\/uploads\/2020\/04\/Mousse-Madness-8.jpeg 1300w\" sizes=\"(max-width: 800px) 100vw, 800px\" \/>\t\t\t\t\t\t\t\t<\/a>\n\t\t\t\t\t\t\t\t\t\t\t\t\t\t\t<\/div>\n\t\t\t\t<\/div>\n\t\t\t\t<div class=\"elementor-element elementor-element-cd6e058 elementor-widget elementor-widget-heading\" data-id=\"cd6e058\" data-element_type=\"widget\" data-e-type=\"widget\" data-widget_type=\"heading.default\">\n\t\t\t\t<div class=\"elementor-widget-container\">\n\t\t\t\t\t<span class=\"elementor-heading-title elementor-size-default\"><a href=\"https:\/\/homieboards.fr\/en\/madness-8\/\">MADNESS 8\u2019<\/a><\/span>\t\t\t\t<\/div>\n\t\t\t\t<\/div>\n\t\t\t\t\t<\/div>\n\t\t\t\t<\/div>\n\t\t<div class=\"elementor-element elementor-element-68c69a7 e-flex e-con-boxed e-con e-child\" data-id=\"68c69a7\" data-element_type=\"container\" data-e-type=\"container\">\n\t\t\t\t\t<div class=\"e-con-inner\">\n\t\t\t\t<div class=\"elementor-element elementor-element-fa997cb e-transform elementor-widget elementor-widget-image\" data-id=\"fa997cb\" data-element_type=\"widget\" data-e-type=\"widget\" data-settings=\"{&quot;_transform_rotateZ_effect_hover&quot;:{&quot;unit&quot;:&quot;px&quot;,&quot;size&quot;:2,&quot;sizes&quot;:[]},&quot;_transform_rotateZ_effect_hover_tablet&quot;:{&quot;unit&quot;:&quot;deg&quot;,&quot;size&quot;:&quot;&quot;,&quot;sizes&quot;:[]},&quot;_transform_rotateZ_effect_hover_mobile&quot;:{&quot;unit&quot;:&quot;deg&quot;,&quot;size&quot;:&quot;&quot;,&quot;sizes&quot;:[]}}\" data-widget_type=\"image.default\">\n\t\t\t\t<div class=\"elementor-widget-container\">\n\t\t\t\t\t\t\t\t\t\t\t\t\t\t\t\t<a href=\"https:\/\/homieboards.fr\/en\/feelsurf-8\/\">\n\t\t\t\t\t\t\t<img decoding=\"async\" width=\"800\" height=\"800\" src=\"https:\/\/homieboards.fr\/wp-content\/uploads\/2020\/06\/Mousse-Feel-Surf-8-70L-1024x1024.jpg\" class=\"attachment-large size-large wp-image-963\" alt=\"Location Surf Biarritz Anglet Bidart Guethary\" srcset=\"https:\/\/homieboards.fr\/wp-content\/uploads\/2020\/06\/Mousse-Feel-Surf-8-70L-1024x1024.jpg 1024w, https:\/\/homieboards.fr\/wp-content\/uploads\/2020\/06\/Mousse-Feel-Surf-8-70L-300x300.jpg 300w, https:\/\/homieboards.fr\/wp-content\/uploads\/2020\/06\/Mousse-Feel-Surf-8-70L-150x150.jpg 150w, https:\/\/homieboards.fr\/wp-content\/uploads\/2020\/06\/Mousse-Feel-Surf-8-70L-768x768.jpg 768w, https:\/\/homieboards.fr\/wp-content\/uploads\/2020\/06\/Mousse-Feel-Surf-8-70L.jpg 1168w\" sizes=\"(max-width: 800px) 100vw, 800px\" \/>\t\t\t\t\t\t\t\t<\/a>\n\t\t\t\t\t\t\t\t\t\t\t\t\t\t\t<\/div>\n\t\t\t\t<\/div>\n\t\t\t\t<div class=\"elementor-element elementor-element-ac9e0ed elementor-widget elementor-widget-heading\" data-id=\"ac9e0ed\" data-element_type=\"widget\" data-e-type=\"widget\" data-widget_type=\"heading.default\">\n\t\t\t\t<div class=\"elementor-widget-container\">\n\t\t\t\t\t<span class=\"elementor-heading-title elementor-size-default\"><a href=\"https:\/\/homieboards.fr\/en\/feelsurf-8\/\">FEELSURF 8\u2019<\/a><\/span>\t\t\t\t<\/div>\n\t\t\t\t<\/div>\n\t\t\t\t\t<\/div>\n\t\t\t\t<\/div>\n\t\t\t\t\t<\/div>\n\t\t\t\t<\/div>\n\t\t<div class=\"elementor-element elementor-element-bbf274e e-flex e-con-boxed e-con e-parent\" data-id=\"bbf274e\" data-element_type=\"container\" data-e-type=\"container\">\n\t\t\t\t\t<div class=\"e-con-inner\">\n\t\t<div class=\"elementor-element elementor-element-5241def e-con-full e-flex e-con e-child\" data-id=\"5241def\" data-element_type=\"container\" data-e-type=\"container\">\n\t\t\t\t<div class=\"elementor-element elementor-element-abb1ef2 elementor-widget elementor-widget-text-editor\" data-id=\"abb1ef2\" data-element_type=\"widget\" data-e-type=\"widget\" data-widget_type=\"text-editor.default\">\n\t\t\t\t<div class=\"elementor-widget-container\">\n\t\t\t\t\t\t\t\t\t<h2>\u00bfQU\u00c9 INTER\u00c9S TIENE EL LONGBOARD?<\/h2>\n<p>Coger las olas antes que todos, por supuesto, y disfrutar de largos momentos en la ola con una tabla muy est\u00e9tica en condiciones peque\u00f1as que a menudo no permiten divertirse con una shortboard (ver el fish para un surf m\u00e1s nervioso en olas peque\u00f1as).<\/p>\n<h2>\u00bfC\u00d3MO PRACTICAR EL LONGBOARD?<\/h2>\n<p>Este tipo de surf, m\u00e1s orientado al deslizamiento que a la radicalidad de las maniobras, requiere una adaptaci\u00f3n continua de la posici\u00f3n del surfista. Cuando siente que su velocidad disminuye en comparaci\u00f3n con la ola, debe caminar hacia la parte delantera de su tabla para aumentar su velocidad y viceversa.<\/p>\n<p>Esta tabla tambi\u00e9n tiene maniobras caracter\u00edsticas como el inconfundible Noseriding (maniobra que consiste en caminar sobre la tabla y posicionarse en la punta de esta con los dedos de los pies en el borde).<\/p>\n<p>En resumen, una tabla de deslizamiento por excelencia que te permitir\u00e1 tener magn\u00edficas sesiones.<\/p>\n\t\t\t\t\t\t\t\t<\/div>\n\t\t\t\t<\/div>\n\t\t\t\t<\/div>\n\t\t\t\t\t<\/div>\n\t\t\t\t<\/div>\n\t\t\t\t<\/div>\n\t\t","protected":false},"excerpt":{"rendered":"<p>ALQUILER DE SURF LONGBOARD POR HOMIE BOARDS Es grande, a menudo es muy hermoso y nos recuerda los inicios del surf. El longboard ha sido durante mucho tiempo la tabla estrella de los surfistas y la primera en haber sido realmente popularizada. Tambi\u00e9n llamada Malibu, esta tabla te permitir\u00e1 deslizarte suavemente en peque\u00f1as olas de [&hellip;]<\/p>\n","protected":false},"author":1,"featured_media":0,"parent":0,"menu_order":0,"comment_status":"closed","ping_status":"closed","template":"","meta":{"footnotes":""},"class_list":["post-3510","page","type-page","status-publish","hentry"],"yoast_head":"<!-- This site is optimized with the Yoast SEO plugin v27.3 - https:\/\/yoast.com\/product\/yoast-seo-wordpress\/ -->\n<title>Alquiler de longboard - Homie Boards<\/title>\n<meta name=\"robots\" content=\"index, follow, max-snippet:-1, max-image-preview:large, max-video-preview:-1\" \/>\n<link rel=\"canonical\" href=\"https:\/\/homieboards.fr\/es\/alquiler-de-longboard\/\" \/>\n<meta property=\"og:locale\" content=\"es_ES\" \/>\n<meta property=\"og:type\" content=\"article\" \/>\n<meta property=\"og:title\" content=\"Alquiler de longboard - Homie Boards\" \/>\n<meta property=\"og:description\" content=\"ALQUILER DE SURF LONGBOARD POR HOMIE BOARDS Es grande, a menudo es muy hermoso y nos recuerda los inicios del surf. El longboard ha sido durante mucho tiempo la tabla estrella de los surfistas y la primera en haber sido realmente popularizada. Tambi\u00e9n llamada Malibu, esta tabla te permitir\u00e1 deslizarte suavemente en peque\u00f1as olas de [&hellip;]\" \/>\n<meta property=\"og:url\" content=\"https:\/\/homieboards.fr\/es\/alquiler-de-longboard\/\" \/>\n<meta property=\"og:site_name\" content=\"Homie Boards\" \/>\n<meta property=\"article:publisher\" content=\"https:\/\/www.facebook.com\/locationplanchesurf\/\" \/>\n<meta property=\"article:modified_time\" content=\"2024-06-29T08:59:29+00:00\" \/>\n<meta property=\"og:image\" content=\"https:\/\/homieboards.fr\/wp-content\/uploads\/2020\/04\/Mousse-Olaian-8-75L.jpg\" \/>\n<meta name=\"twitter:card\" content=\"summary_large_image\" \/>\n<meta name=\"twitter:label1\" content=\"Tiempo de lectura\" \/>\n\t<meta name=\"twitter:data1\" content=\"1 minuto\" \/>\n<script type=\"application\/ld+json\" class=\"yoast-schema-graph\">{\"@context\":\"https:\\\/\\\/schema.org\",\"@graph\":[{\"@type\":\"WebPage\",\"@id\":\"https:\\\/\\\/homieboards.fr\\\/es\\\/alquiler-de-longboard\\\/\",\"url\":\"https:\\\/\\\/homieboards.fr\\\/es\\\/alquiler-de-longboard\\\/\",\"name\":\"Alquiler de longboard - Homie Boards\",\"isPartOf\":{\"@id\":\"https:\\\/\\\/homieboards.fr\\\/es\\\/#website\"},\"primaryImageOfPage\":{\"@id\":\"https:\\\/\\\/homieboards.fr\\\/es\\\/alquiler-de-longboard\\\/#primaryimage\"},\"image\":{\"@id\":\"https:\\\/\\\/homieboards.fr\\\/es\\\/alquiler-de-longboard\\\/#primaryimage\"},\"thumbnailUrl\":\"https:\\\/\\\/homieboards.fr\\\/wp-content\\\/uploads\\\/2020\\\/04\\\/Mousse-Olaian-8-75L.jpg\",\"datePublished\":\"2024-04-24T13:33:11+00:00\",\"dateModified\":\"2024-06-29T08:59:29+00:00\",\"breadcrumb\":{\"@id\":\"https:\\\/\\\/homieboards.fr\\\/es\\\/alquiler-de-longboard\\\/#breadcrumb\"},\"inLanguage\":\"es\",\"potentialAction\":[{\"@type\":\"ReadAction\",\"target\":[\"https:\\\/\\\/homieboards.fr\\\/es\\\/alquiler-de-longboard\\\/\"]}]},{\"@type\":\"ImageObject\",\"inLanguage\":\"es\",\"@id\":\"https:\\\/\\\/homieboards.fr\\\/es\\\/alquiler-de-longboard\\\/#primaryimage\",\"url\":\"https:\\\/\\\/homieboards.fr\\\/wp-content\\\/uploads\\\/2020\\\/04\\\/Mousse-Olaian-8-75L.jpg\",\"contentUrl\":\"https:\\\/\\\/homieboards.fr\\\/wp-content\\\/uploads\\\/2020\\\/04\\\/Mousse-Olaian-8-75L.jpg\"},{\"@type\":\"BreadcrumbList\",\"@id\":\"https:\\\/\\\/homieboards.fr\\\/es\\\/alquiler-de-longboard\\\/#breadcrumb\",\"itemListElement\":[{\"@type\":\"ListItem\",\"position\":1,\"name\":\"Accueil\",\"item\":\"https:\\\/\\\/homieboards.fr\\\/es\\\/inicio\\\/\"},{\"@type\":\"ListItem\",\"position\":2,\"name\":\"Alquiler de longboard\"}]},{\"@type\":\"WebSite\",\"@id\":\"https:\\\/\\\/homieboards.fr\\\/es\\\/#website\",\"url\":\"https:\\\/\\\/homieboards.fr\\\/es\\\/\",\"name\":\"Homie Boards\",\"description\":\"Location de planches de surf\",\"publisher\":{\"@id\":\"https:\\\/\\\/homieboards.fr\\\/es\\\/#organization\"},\"potentialAction\":[{\"@type\":\"SearchAction\",\"target\":{\"@type\":\"EntryPoint\",\"urlTemplate\":\"https:\\\/\\\/homieboards.fr\\\/es\\\/?s={search_term_string}\"},\"query-input\":{\"@type\":\"PropertyValueSpecification\",\"valueRequired\":true,\"valueName\":\"search_term_string\"}}],\"inLanguage\":\"es\"},{\"@type\":\"Organization\",\"@id\":\"https:\\\/\\\/homieboards.fr\\\/es\\\/#organization\",\"name\":\"Homie Boards\",\"url\":\"https:\\\/\\\/homieboards.fr\\\/es\\\/\",\"logo\":{\"@type\":\"ImageObject\",\"inLanguage\":\"es\",\"@id\":\"https:\\\/\\\/homieboards.fr\\\/es\\\/#\\\/schema\\\/logo\\\/image\\\/\",\"url\":\"https:\\\/\\\/homieboards.fr\\\/wp-content\\\/uploads\\\/2024\\\/04\\\/logo_blanc_2-1.png\",\"contentUrl\":\"https:\\\/\\\/homieboards.fr\\\/wp-content\\\/uploads\\\/2024\\\/04\\\/logo_blanc_2-1.png\",\"width\":796,\"height\":618,\"caption\":\"Homie Boards\"},\"image\":{\"@id\":\"https:\\\/\\\/homieboards.fr\\\/es\\\/#\\\/schema\\\/logo\\\/image\\\/\"},\"sameAs\":[\"https:\\\/\\\/www.facebook.com\\\/locationplanchesurf\\\/\",\"https:\\\/\\\/www.instagram.com\\\/homieboards\\\/\"]}]}<\/script>\n<!-- \/ Yoast SEO plugin. -->","yoast_head_json":{"title":"Alquiler de longboard - Homie Boards","robots":{"index":"index","follow":"follow","max-snippet":"max-snippet:-1","max-image-preview":"max-image-preview:large","max-video-preview":"max-video-preview:-1"},"canonical":"https:\/\/homieboards.fr\/es\/alquiler-de-longboard\/","og_locale":"es_ES","og_type":"article","og_title":"Alquiler de longboard - Homie Boards","og_description":"ALQUILER DE SURF LONGBOARD POR HOMIE BOARDS Es grande, a menudo es muy hermoso y nos recuerda los inicios del surf. El longboard ha sido durante mucho tiempo la tabla estrella de los surfistas y la primera en haber sido realmente popularizada. Tambi\u00e9n llamada Malibu, esta tabla te permitir\u00e1 deslizarte suavemente en peque\u00f1as olas de [&hellip;]","og_url":"https:\/\/homieboards.fr\/es\/alquiler-de-longboard\/","og_site_name":"Homie Boards","article_publisher":"https:\/\/www.facebook.com\/locationplanchesurf\/","article_modified_time":"2024-06-29T08:59:29+00:00","og_image":[{"url":"https:\/\/homieboards.fr\/wp-content\/uploads\/2020\/04\/Mousse-Olaian-8-75L.jpg","type":"","width":"","height":""}],"twitter_card":"summary_large_image","twitter_misc":{"Tiempo de lectura":"1 minuto"},"schema":{"@context":"https:\/\/schema.org","@graph":[{"@type":"WebPage","@id":"https:\/\/homieboards.fr\/es\/alquiler-de-longboard\/","url":"https:\/\/homieboards.fr\/es\/alquiler-de-longboard\/","name":"Alquiler de longboard - Homie Boards","isPartOf":{"@id":"https:\/\/homieboards.fr\/es\/#website"},"primaryImageOfPage":{"@id":"https:\/\/homieboards.fr\/es\/alquiler-de-longboard\/#primaryimage"},"image":{"@id":"https:\/\/homieboards.fr\/es\/alquiler-de-longboard\/#primaryimage"},"thumbnailUrl":"https:\/\/homieboards.fr\/wp-content\/uploads\/2020\/04\/Mousse-Olaian-8-75L.jpg","datePublished":"2024-04-24T13:33:11+00:00","dateModified":"2024-06-29T08:59:29+00:00","breadcrumb":{"@id":"https:\/\/homieboards.fr\/es\/alquiler-de-longboard\/#breadcrumb"},"inLanguage":"es","potentialAction":[{"@type":"ReadAction","target":["https:\/\/homieboards.fr\/es\/alquiler-de-longboard\/"]}]},{"@type":"ImageObject","inLanguage":"es","@id":"https:\/\/homieboards.fr\/es\/alquiler-de-longboard\/#primaryimage","url":"https:\/\/homieboards.fr\/wp-content\/uploads\/2020\/04\/Mousse-Olaian-8-75L.jpg","contentUrl":"https:\/\/homieboards.fr\/wp-content\/uploads\/2020\/04\/Mousse-Olaian-8-75L.jpg"},{"@type":"BreadcrumbList","@id":"https:\/\/homieboards.fr\/es\/alquiler-de-longboard\/#breadcrumb","itemListElement":[{"@type":"ListItem","position":1,"name":"Accueil","item":"https:\/\/homieboards.fr\/es\/inicio\/"},{"@type":"ListItem","position":2,"name":"Alquiler de longboard"}]},{"@type":"WebSite","@id":"https:\/\/homieboards.fr\/es\/#website","url":"https:\/\/homieboards.fr\/es\/","name":"Homie Boards","description":"Location de planches de surf","publisher":{"@id":"https:\/\/homieboards.fr\/es\/#organization"},"potentialAction":[{"@type":"SearchAction","target":{"@type":"EntryPoint","urlTemplate":"https:\/\/homieboards.fr\/es\/?s={search_term_string}"},"query-input":{"@type":"PropertyValueSpecification","valueRequired":true,"valueName":"search_term_string"}}],"inLanguage":"es"},{"@type":"Organization","@id":"https:\/\/homieboards.fr\/es\/#organization","name":"Homie Boards","url":"https:\/\/homieboards.fr\/es\/","logo":{"@type":"ImageObject","inLanguage":"es","@id":"https:\/\/homieboards.fr\/es\/#\/schema\/logo\/image\/","url":"https:\/\/homieboards.fr\/wp-content\/uploads\/2024\/04\/logo_blanc_2-1.png","contentUrl":"https:\/\/homieboards.fr\/wp-content\/uploads\/2024\/04\/logo_blanc_2-1.png","width":796,"height":618,"caption":"Homie Boards"},"image":{"@id":"https:\/\/homieboards.fr\/es\/#\/schema\/logo\/image\/"},"sameAs":["https:\/\/www.facebook.com\/locationplanchesurf\/","https:\/\/www.instagram.com\/homieboards\/"]}]}},"_links":{"self":[{"href":"https:\/\/homieboards.fr\/es\/wp-json\/wp\/v2\/pages\/3510","targetHints":{"allow":["GET"]}}],"collection":[{"href":"https:\/\/homieboards.fr\/es\/wp-json\/wp\/v2\/pages"}],"about":[{"href":"https:\/\/homieboards.fr\/es\/wp-json\/wp\/v2\/types\/page"}],"author":[{"embeddable":true,"href":"https:\/\/homieboards.fr\/es\/wp-json\/wp\/v2\/users\/1"}],"replies":[{"embeddable":true,"href":"https:\/\/homieboards.fr\/es\/wp-json\/wp\/v2\/comments?post=3510"}],"version-history":[{"count":1,"href":"https:\/\/homieboards.fr\/es\/wp-json\/wp\/v2\/pages\/3510\/revisions"}],"predecessor-version":[{"id":3511,"href":"https:\/\/homieboards.fr\/es\/wp-json\/wp\/v2\/pages\/3510\/revisions\/3511"}],"wp:attachment":[{"href":"https:\/\/homieboards.fr\/es\/wp-json\/wp\/v2\/media?parent=3510"}],"curies":[{"name":"wp","href":"https:\/\/api.w.org\/{rel}","templated":true}]}}