{"id":3512,"date":"2024-04-24T13:42:47","date_gmt":"2024-04-24T13:42:47","guid":{"rendered":"https:\/\/homieboards.fr\/alquiler-de-stand-up-paddle\/"},"modified":"2024-06-29T09:03:35","modified_gmt":"2024-06-29T09:03:35","slug":"alquiler-de-stand-up-paddle","status":"publish","type":"page","link":"https:\/\/homieboards.fr\/es\/alquiler-de-stand-up-paddle\/","title":{"rendered":"Alquiler de stand up paddle"},"content":{"rendered":"\t\t<div data-elementor-type=\"wp-page\" data-elementor-id=\"3512\" class=\"elementor elementor-3512 elementor-2172\" data-elementor-post-type=\"page\">\n\t\t\t\t<div class=\"elementor-element elementor-element-e9fb86a e-flex e-con-boxed e-con e-parent\" data-id=\"e9fb86a\" data-element_type=\"container\" data-e-type=\"container\">\n\t\t\t\t\t<div class=\"e-con-inner\">\n\t\t<div class=\"elementor-element elementor-element-0682cd7 e-con-full e-flex e-con e-child\" data-id=\"0682cd7\" data-element_type=\"container\" data-e-type=\"container\" data-settings=\"{&quot;background_background&quot;:&quot;classic&quot;}\">\n\t\t\t\t<\/div>\n\t\t<div class=\"elementor-element elementor-element-9bf052e e-con-full e-flex e-con e-child\" data-id=\"9bf052e\" data-element_type=\"container\" data-e-type=\"container\" data-settings=\"{&quot;background_background&quot;:&quot;classic&quot;}\">\n\t\t\t\t<div class=\"elementor-element elementor-element-ea82e6e elementor-widget elementor-widget-heading\" data-id=\"ea82e6e\" data-element_type=\"widget\" data-e-type=\"widget\" data-widget_type=\"heading.default\">\n\t\t\t\t<div class=\"elementor-widget-container\">\n\t\t\t\t\t<h1 class=\"elementor-heading-title elementor-size-default\">ALQUILER DE Stand up paddle POR HOMIE BOARDS<\/h1>\t\t\t\t<\/div>\n\t\t\t\t<\/div>\n\t\t\t\t<div class=\"elementor-element elementor-element-4ec5e87 elementor-widget elementor-widget-text-editor\" data-id=\"4ec5e87\" data-element_type=\"widget\" data-e-type=\"widget\" data-widget_type=\"text-editor.default\">\n\t\t\t\t<div class=\"elementor-widget-container\">\n\t\t\t\t\t\t\t\t\t<p>Hoy nos interesamos en el Stand Up Paddle. Primo del surf, este tiene todo para ofrecerte tambi\u00e9n hermosos paseos sobre el agua.<\/p>\n<p>\u00bfPara qui\u00e9n?<\/p>\n<p>Este \u00faltimo tiene lo necesario para conquistar a todos y est\u00e1 dirigido tanto a los apasionados del deslizamiento como a los aficionados a los hermosos paseos. F\u00e1cil para los principiantes, divertido y amigable, el paddle te puede permitir tambi\u00e9n surfear olas estupendas (cuidado con los surfistas que no disfrutan mucho compartiendo sus lugares) as\u00ed como hacer paseos tranquilos en alta mar o incluso una peque\u00f1a sesi\u00f3n de fitness en el agua.<\/p>\n\t\t\t\t\t\t\t\t<\/div>\n\t\t\t\t<\/div>\n\t\t\t\t<div class=\"elementor-element elementor-element-e8781a9 elementor-align-center elementor-widget elementor-widget-button\" data-id=\"e8781a9\" data-element_type=\"widget\" data-e-type=\"widget\" data-widget_type=\"button.default\">\n\t\t\t\t<div class=\"elementor-widget-container\">\n\t\t\t\t\t\t\t\t\t<div class=\"elementor-button-wrapper\">\n\t\t\t\t\t<a class=\"elementor-button elementor-button-link elementor-size-sm elementor-animation-grow\" href=\"https:\/\/homieboards.fr\/en\/contact\/\">\n\t\t\t\t\t\t<span class=\"elementor-button-content-wrapper\">\n\t\t\t\t\t\t\t\t\t<span class=\"elementor-button-text\">Cont\u00e1ctanos<\/span>\n\t\t\t\t\t<\/span>\n\t\t\t\t\t<\/a>\n\t\t\t\t<\/div>\n\t\t\t\t\t\t\t\t<\/div>\n\t\t\t\t<\/div>\n\t\t\t\t<\/div>\n\t\t\t\t\t<\/div>\n\t\t\t\t<\/div>\n\t\t<div class=\"elementor-element elementor-element-80b7e5f e-flex e-con-boxed e-con e-child\" data-id=\"80b7e5f\" data-element_type=\"container\" data-e-type=\"container\">\n\t\t\t\t\t<div class=\"e-con-inner\">\n\t\t<div class=\"elementor-element elementor-element-c242b91 e-flex e-con-boxed e-con e-child\" data-id=\"c242b91\" data-element_type=\"container\" data-e-type=\"container\">\n\t\t\t\t\t<div class=\"e-con-inner\">\n\t\t\t\t<div class=\"elementor-element elementor-element-2c914da e-transform elementor-widget elementor-widget-image\" data-id=\"2c914da\" data-element_type=\"widget\" data-e-type=\"widget\" data-settings=\"{&quot;_transform_translateY_effect_hover&quot;:{&quot;unit&quot;:&quot;px&quot;,&quot;size&quot;:-2,&quot;sizes&quot;:[]},&quot;_transform_translateX_effect_hover&quot;:{&quot;unit&quot;:&quot;px&quot;,&quot;size&quot;:&quot;&quot;,&quot;sizes&quot;:[]},&quot;_transform_translateX_effect_hover_tablet&quot;:{&quot;unit&quot;:&quot;px&quot;,&quot;size&quot;:&quot;&quot;,&quot;sizes&quot;:[]},&quot;_transform_translateX_effect_hover_mobile&quot;:{&quot;unit&quot;:&quot;px&quot;,&quot;size&quot;:&quot;&quot;,&quot;sizes&quot;:[]},&quot;_transform_translateY_effect_hover_tablet&quot;:{&quot;unit&quot;:&quot;px&quot;,&quot;size&quot;:&quot;&quot;,&quot;sizes&quot;:[]},&quot;_transform_translateY_effect_hover_mobile&quot;:{&quot;unit&quot;:&quot;px&quot;,&quot;size&quot;:&quot;&quot;,&quot;sizes&quot;:[]}}\" data-widget_type=\"image.default\">\n\t\t\t\t<div class=\"elementor-widget-container\">\n\t\t\t\t\t\t\t\t\t\t\t\t\t\t\t\t<a href=\"https:\/\/homieboards.fr\/en\/stand-up-paddle-106\/\">\n\t\t\t\t\t\t\t<img fetchpriority=\"high\" decoding=\"async\" width=\"425\" height=\"436\" src=\"https:\/\/homieboards.fr\/wp-content\/uploads\/2020\/04\/Paddle-Board-10.6.jpg\" class=\"attachment-large size-large wp-image-610\" alt=\"location surf paddle Biarritz Anglet Bidart Hendaye\" srcset=\"https:\/\/homieboards.fr\/wp-content\/uploads\/2020\/04\/Paddle-Board-10.6.jpg 425w, https:\/\/homieboards.fr\/wp-content\/uploads\/2020\/04\/Paddle-Board-10.6-292x300.jpg 292w\" sizes=\"(max-width: 425px) 100vw, 425px\" \/>\t\t\t\t\t\t\t\t<\/a>\n\t\t\t\t\t\t\t\t\t\t\t\t\t\t\t<\/div>\n\t\t\t\t<\/div>\n\t\t\t\t<div class=\"elementor-element elementor-element-806558d elementor-widget elementor-widget-heading\" data-id=\"806558d\" data-element_type=\"widget\" data-e-type=\"widget\" data-widget_type=\"heading.default\">\n\t\t\t\t<div class=\"elementor-widget-container\">\n\t\t\t\t\t<span class=\"elementor-heading-title elementor-size-default\"><a href=\"https:\/\/homieboards.fr\/en\/stand-up-paddle-106\/\">STAND UP PADDLE 10\u20196<\/a><\/span>\t\t\t\t<\/div>\n\t\t\t\t<\/div>\n\t\t\t\t\t<\/div>\n\t\t\t\t<\/div>\n\t\t\t\t\t<\/div>\n\t\t\t\t<\/div>\n\t\t<div class=\"elementor-element elementor-element-dde1c82 e-flex e-con-boxed e-con e-parent\" data-id=\"dde1c82\" data-element_type=\"container\" data-e-type=\"container\">\n\t\t\t\t\t<div class=\"e-con-inner\">\n\t\t<div class=\"elementor-element elementor-element-6c95e74 e-con-full e-flex e-con e-child\" data-id=\"6c95e74\" data-element_type=\"container\" data-e-type=\"container\">\n\t\t\t\t<div class=\"elementor-element elementor-element-05fcdf6 elementor-widget elementor-widget-text-editor\" data-id=\"05fcdf6\" data-element_type=\"widget\" data-e-type=\"widget\" data-widget_type=\"text-editor.default\">\n\t\t\t\t<div class=\"elementor-widget-container\">\n\t\t\t\t\t\t\t\t\t<section class=\"av_textblock_section \">\n<div class=\"avia_textblock \">\n<h2 class=\"p1\"><span class=\"s1\">\u00bfPARA QU\u00c9 UN STAND UP PADDLE?<\/span><\/h2>\n<ul>\n<li class=\"p1\"><span class=\"s1\"><strong>Un paseo<\/strong>: la disciplina m\u00e1s accesible, tambi\u00e9n es el formato m\u00e1s com\u00fan que permite disfrutar de las magn\u00edficas costas francesas desde el <em>oc\u00e9ano<\/em> mientras te superas. El <strong>paddle<\/strong> es bastante grande, hoy en d\u00eda se encuentran <em>hinchables<\/em> para facilitar el transporte.<\/span><\/li>\n<li class=\"p1\"><span class=\"s1\"><strong>Surf<\/strong>: ya no es necesario acostarse y <em>remar<\/em>, con el paddle basta con 3 golpes de remo para coger la <strong>ola<\/strong>. Favoreceremos entonces peque\u00f1os paddle muy maniobrables.<\/span><\/li>\n<li class=\"p1\"><span class=\"s1\"><strong>De la carrera<\/strong>: es sin duda la disciplina m\u00e1s f\u00edsica, estas carreras de <strong>paddle<\/strong> en tablas muy largas y perfiladas son cada vez m\u00e1s populares y se pueden ver algunas en las costas francesas como en <a href=\"https:\/\/plomeur.com\/la-torche-spot-de-surf-et-de-glisse\/\">La Torche, en Breta\u00f1a<\/a>.<\/span><\/li>\n<li class=\"p1\"><span class=\"s1\"><strong>La pesca<\/strong>: \u00bfpor qu\u00e9 no, despu\u00e9s de todo?<\/span><\/li>\n<\/ul>\n<h2 class=\"p1\"><span class=\"s1\">\u00bfC\u00d3MO EMPEZAR?<\/span><\/h2>\n<p class=\"p1\"><span class=\"s1\">No hay secretos, hay que practicar. Por supuesto, puedes ponerte en las mejores condiciones. Se empieza en una <strong>tabla<\/strong> f\u00e1cil para su tama\u00f1o (grande y ancha en general para m\u00e1s estabilidad). El objetivo de las primeras salidas no es hacer una actuaci\u00f3n de equilibrista sino integrar las bases: ponerse de pie, tener un movimiento de remo correcto y una buena postura, girar, arrodillarse.<\/span><\/p>\n<p class=\"p1\"><span class=\"s1\">Ahora solo te queda encontrar el lugar ideal (lo m\u00e1s plano posible) y lanzarte! <\/span><\/p>\n<\/div>\n<\/section>\n\t\t\t\t\t\t\t\t<\/div>\n\t\t\t\t<\/div>\n\t\t\t\t<\/div>\n\t\t\t\t\t<\/div>\n\t\t\t\t<\/div>\n\t\t<div class=\"elementor-element elementor-element-f0678d9 e-flex e-con-boxed e-con e-parent\" data-id=\"f0678d9\" data-element_type=\"container\" data-e-type=\"container\">\n\t\t\t\t\t<div class=\"e-con-inner\">\n\t\t<div class=\"elementor-element elementor-element-4be4da6 e-con-full e-flex e-con e-child\" data-id=\"4be4da6\" data-element_type=\"container\" data-e-type=\"container\">\n\t\t\t\t<div class=\"elementor-element elementor-element-b2b3017 elementor-widget elementor-widget-image\" data-id=\"b2b3017\" data-element_type=\"widget\" data-e-type=\"widget\" data-widget_type=\"image.default\">\n\t\t\t\t<div class=\"elementor-widget-container\">\n\t\t\t\t\t\t\t\t\t\t\t\t\t\t\t<img decoding=\"async\" width=\"710\" height=\"481\" src=\"https:\/\/homieboards.fr\/wp-content\/uploads\/2020\/06\/SUP2.png\" class=\"attachment-large size-large wp-image-1103\" alt=\"location stand up paddle biarritz anglet bidart\" srcset=\"https:\/\/homieboards.fr\/wp-content\/uploads\/2020\/06\/SUP2.png 710w, https:\/\/homieboards.fr\/wp-content\/uploads\/2020\/06\/SUP2-300x203.png 300w\" sizes=\"(max-width: 710px) 100vw, 710px\" \/>\t\t\t\t\t\t\t\t\t\t\t\t\t\t\t<\/div>\n\t\t\t\t<\/div>\n\t\t\t\t<\/div>\n\t\t<div class=\"elementor-element elementor-element-9983984 e-con-full e-flex e-con e-child\" data-id=\"9983984\" data-element_type=\"container\" data-e-type=\"container\">\n\t\t\t\t<div class=\"elementor-element elementor-element-bd4bae0 elementor-widget elementor-widget-image\" data-id=\"bd4bae0\" data-element_type=\"widget\" data-e-type=\"widget\" data-widget_type=\"image.default\">\n\t\t\t\t<div class=\"elementor-widget-container\">\n\t\t\t\t\t\t\t\t\t\t\t\t\t\t\t<img decoding=\"async\" width=\"714\" height=\"424\" src=\"https:\/\/homieboards.fr\/wp-content\/uploads\/2020\/06\/SUP1.png\" class=\"attachment-large size-large wp-image-1100\" alt=\"location stand up paddle\" srcset=\"https:\/\/homieboards.fr\/wp-content\/uploads\/2020\/06\/SUP1.png 714w, https:\/\/homieboards.fr\/wp-content\/uploads\/2020\/06\/SUP1-300x178.png 300w\" sizes=\"(max-width: 714px) 100vw, 714px\" \/>\t\t\t\t\t\t\t\t\t\t\t\t\t\t\t<\/div>\n\t\t\t\t<\/div>\n\t\t\t\t<\/div>\n\t\t\t\t\t<\/div>\n\t\t\t\t<\/div>\n\t\t\t\t<\/div>\n\t\t","protected":false},"excerpt":{"rendered":"<p>ALQUILER DE Stand up paddle POR HOMIE BOARDS Hoy nos interesamos en el Stand Up Paddle. Primo del surf, este tiene todo para ofrecerte tambi\u00e9n hermosos paseos sobre el agua. \u00bfPara qui\u00e9n? Este \u00faltimo tiene lo necesario para conquistar a todos y est\u00e1 dirigido tanto a los apasionados del deslizamiento como a los aficionados a [&hellip;]<\/p>\n","protected":false},"author":1,"featured_media":0,"parent":0,"menu_order":0,"comment_status":"closed","ping_status":"closed","template":"","meta":{"footnotes":""},"class_list":["post-3512","page","type-page","status-publish","hentry"],"yoast_head":"<!-- This site is optimized with the Yoast SEO plugin v27.3 - https:\/\/yoast.com\/product\/yoast-seo-wordpress\/ -->\n<title>Alquiler de Stand Up Paddle \u2013 Biarritz y Pa\u00eds Vasco<\/title>\n<meta name=\"robots\" content=\"index, follow, max-snippet:-1, max-image-preview:large, max-video-preview:-1\" \/>\n<link rel=\"canonical\" href=\"https:\/\/homieboards.fr\/es\/alquiler-de-stand-up-paddle\/\" \/>\n<meta property=\"og:locale\" content=\"es_ES\" \/>\n<meta property=\"og:type\" content=\"article\" \/>\n<meta property=\"og:title\" content=\"Alquiler de Stand Up Paddle \u2013 Biarritz y Pa\u00eds Vasco\" \/>\n<meta property=\"og:description\" content=\"ALQUILER DE Stand up paddle POR HOMIE BOARDS Hoy nos interesamos en el Stand Up Paddle. Primo del surf, este tiene todo para ofrecerte tambi\u00e9n hermosos paseos sobre el agua. \u00bfPara qui\u00e9n? Este \u00faltimo tiene lo necesario para conquistar a todos y est\u00e1 dirigido tanto a los apasionados del deslizamiento como a los aficionados a [&hellip;]\" \/>\n<meta property=\"og:url\" content=\"https:\/\/homieboards.fr\/es\/alquiler-de-stand-up-paddle\/\" \/>\n<meta property=\"og:site_name\" content=\"Homie Boards\" \/>\n<meta property=\"article:publisher\" content=\"https:\/\/www.facebook.com\/locationplanchesurf\/\" \/>\n<meta property=\"article:modified_time\" content=\"2024-06-29T09:03:35+00:00\" \/>\n<meta property=\"og:image\" content=\"https:\/\/homieboards.fr\/wp-content\/uploads\/2020\/04\/Paddle-Board-10.6.jpg\" \/>\n<meta name=\"twitter:card\" content=\"summary_large_image\" \/>\n<meta name=\"twitter:label1\" content=\"Tiempo de lectura\" \/>\n\t<meta name=\"twitter:data1\" content=\"2 minutos\" \/>\n<script type=\"application\/ld+json\" class=\"yoast-schema-graph\">{\"@context\":\"https:\\\/\\\/schema.org\",\"@graph\":[{\"@type\":\"WebPage\",\"@id\":\"https:\\\/\\\/homieboards.fr\\\/es\\\/alquiler-de-stand-up-paddle\\\/\",\"url\":\"https:\\\/\\\/homieboards.fr\\\/es\\\/alquiler-de-stand-up-paddle\\\/\",\"name\":\"Alquiler de Stand Up Paddle \u2013 Biarritz y Pa\u00eds Vasco\",\"isPartOf\":{\"@id\":\"https:\\\/\\\/homieboards.fr\\\/es\\\/#website\"},\"primaryImageOfPage\":{\"@id\":\"https:\\\/\\\/homieboards.fr\\\/es\\\/alquiler-de-stand-up-paddle\\\/#primaryimage\"},\"image\":{\"@id\":\"https:\\\/\\\/homieboards.fr\\\/es\\\/alquiler-de-stand-up-paddle\\\/#primaryimage\"},\"thumbnailUrl\":\"https:\\\/\\\/homieboards.fr\\\/wp-content\\\/uploads\\\/2020\\\/04\\\/Paddle-Board-10.6.jpg\",\"datePublished\":\"2024-04-24T13:42:47+00:00\",\"dateModified\":\"2024-06-29T09:03:35+00:00\",\"breadcrumb\":{\"@id\":\"https:\\\/\\\/homieboards.fr\\\/es\\\/alquiler-de-stand-up-paddle\\\/#breadcrumb\"},\"inLanguage\":\"es\",\"potentialAction\":[{\"@type\":\"ReadAction\",\"target\":[\"https:\\\/\\\/homieboards.fr\\\/es\\\/alquiler-de-stand-up-paddle\\\/\"]}]},{\"@type\":\"ImageObject\",\"inLanguage\":\"es\",\"@id\":\"https:\\\/\\\/homieboards.fr\\\/es\\\/alquiler-de-stand-up-paddle\\\/#primaryimage\",\"url\":\"https:\\\/\\\/homieboards.fr\\\/wp-content\\\/uploads\\\/2020\\\/04\\\/Paddle-Board-10.6.jpg\",\"contentUrl\":\"https:\\\/\\\/homieboards.fr\\\/wp-content\\\/uploads\\\/2020\\\/04\\\/Paddle-Board-10.6.jpg\"},{\"@type\":\"BreadcrumbList\",\"@id\":\"https:\\\/\\\/homieboards.fr\\\/es\\\/alquiler-de-stand-up-paddle\\\/#breadcrumb\",\"itemListElement\":[{\"@type\":\"ListItem\",\"position\":1,\"name\":\"Accueil\",\"item\":\"https:\\\/\\\/homieboards.fr\\\/es\\\/inicio\\\/\"},{\"@type\":\"ListItem\",\"position\":2,\"name\":\"Alquiler de stand up paddle\"}]},{\"@type\":\"WebSite\",\"@id\":\"https:\\\/\\\/homieboards.fr\\\/es\\\/#website\",\"url\":\"https:\\\/\\\/homieboards.fr\\\/es\\\/\",\"name\":\"Homie Boards\",\"description\":\"Location de planches de surf\",\"publisher\":{\"@id\":\"https:\\\/\\\/homieboards.fr\\\/es\\\/#organization\"},\"potentialAction\":[{\"@type\":\"SearchAction\",\"target\":{\"@type\":\"EntryPoint\",\"urlTemplate\":\"https:\\\/\\\/homieboards.fr\\\/es\\\/?s={search_term_string}\"},\"query-input\":{\"@type\":\"PropertyValueSpecification\",\"valueRequired\":true,\"valueName\":\"search_term_string\"}}],\"inLanguage\":\"es\"},{\"@type\":\"Organization\",\"@id\":\"https:\\\/\\\/homieboards.fr\\\/es\\\/#organization\",\"name\":\"Homie Boards\",\"url\":\"https:\\\/\\\/homieboards.fr\\\/es\\\/\",\"logo\":{\"@type\":\"ImageObject\",\"inLanguage\":\"es\",\"@id\":\"https:\\\/\\\/homieboards.fr\\\/es\\\/#\\\/schema\\\/logo\\\/image\\\/\",\"url\":\"https:\\\/\\\/homieboards.fr\\\/wp-content\\\/uploads\\\/2024\\\/04\\\/logo_blanc_2-1.png\",\"contentUrl\":\"https:\\\/\\\/homieboards.fr\\\/wp-content\\\/uploads\\\/2024\\\/04\\\/logo_blanc_2-1.png\",\"width\":796,\"height\":618,\"caption\":\"Homie Boards\"},\"image\":{\"@id\":\"https:\\\/\\\/homieboards.fr\\\/es\\\/#\\\/schema\\\/logo\\\/image\\\/\"},\"sameAs\":[\"https:\\\/\\\/www.facebook.com\\\/locationplanchesurf\\\/\",\"https:\\\/\\\/www.instagram.com\\\/homieboards\\\/\"]}]}<\/script>\n<!-- \/ Yoast SEO plugin. -->","yoast_head_json":{"title":"Alquiler de Stand Up Paddle \u2013 Biarritz y Pa\u00eds Vasco","robots":{"index":"index","follow":"follow","max-snippet":"max-snippet:-1","max-image-preview":"max-image-preview:large","max-video-preview":"max-video-preview:-1"},"canonical":"https:\/\/homieboards.fr\/es\/alquiler-de-stand-up-paddle\/","og_locale":"es_ES","og_type":"article","og_title":"Alquiler de Stand Up Paddle \u2013 Biarritz y Pa\u00eds Vasco","og_description":"ALQUILER DE Stand up paddle POR HOMIE BOARDS Hoy nos interesamos en el Stand Up Paddle. Primo del surf, este tiene todo para ofrecerte tambi\u00e9n hermosos paseos sobre el agua. \u00bfPara qui\u00e9n? Este \u00faltimo tiene lo necesario para conquistar a todos y est\u00e1 dirigido tanto a los apasionados del deslizamiento como a los aficionados a [&hellip;]","og_url":"https:\/\/homieboards.fr\/es\/alquiler-de-stand-up-paddle\/","og_site_name":"Homie Boards","article_publisher":"https:\/\/www.facebook.com\/locationplanchesurf\/","article_modified_time":"2024-06-29T09:03:35+00:00","og_image":[{"url":"https:\/\/homieboards.fr\/wp-content\/uploads\/2020\/04\/Paddle-Board-10.6.jpg","type":"","width":"","height":""}],"twitter_card":"summary_large_image","twitter_misc":{"Tiempo de lectura":"2 minutos"},"schema":{"@context":"https:\/\/schema.org","@graph":[{"@type":"WebPage","@id":"https:\/\/homieboards.fr\/es\/alquiler-de-stand-up-paddle\/","url":"https:\/\/homieboards.fr\/es\/alquiler-de-stand-up-paddle\/","name":"Alquiler de Stand Up Paddle \u2013 Biarritz y Pa\u00eds Vasco","isPartOf":{"@id":"https:\/\/homieboards.fr\/es\/#website"},"primaryImageOfPage":{"@id":"https:\/\/homieboards.fr\/es\/alquiler-de-stand-up-paddle\/#primaryimage"},"image":{"@id":"https:\/\/homieboards.fr\/es\/alquiler-de-stand-up-paddle\/#primaryimage"},"thumbnailUrl":"https:\/\/homieboards.fr\/wp-content\/uploads\/2020\/04\/Paddle-Board-10.6.jpg","datePublished":"2024-04-24T13:42:47+00:00","dateModified":"2024-06-29T09:03:35+00:00","breadcrumb":{"@id":"https:\/\/homieboards.fr\/es\/alquiler-de-stand-up-paddle\/#breadcrumb"},"inLanguage":"es","potentialAction":[{"@type":"ReadAction","target":["https:\/\/homieboards.fr\/es\/alquiler-de-stand-up-paddle\/"]}]},{"@type":"ImageObject","inLanguage":"es","@id":"https:\/\/homieboards.fr\/es\/alquiler-de-stand-up-paddle\/#primaryimage","url":"https:\/\/homieboards.fr\/wp-content\/uploads\/2020\/04\/Paddle-Board-10.6.jpg","contentUrl":"https:\/\/homieboards.fr\/wp-content\/uploads\/2020\/04\/Paddle-Board-10.6.jpg"},{"@type":"BreadcrumbList","@id":"https:\/\/homieboards.fr\/es\/alquiler-de-stand-up-paddle\/#breadcrumb","itemListElement":[{"@type":"ListItem","position":1,"name":"Accueil","item":"https:\/\/homieboards.fr\/es\/inicio\/"},{"@type":"ListItem","position":2,"name":"Alquiler de stand up paddle"}]},{"@type":"WebSite","@id":"https:\/\/homieboards.fr\/es\/#website","url":"https:\/\/homieboards.fr\/es\/","name":"Homie Boards","description":"Location de planches de surf","publisher":{"@id":"https:\/\/homieboards.fr\/es\/#organization"},"potentialAction":[{"@type":"SearchAction","target":{"@type":"EntryPoint","urlTemplate":"https:\/\/homieboards.fr\/es\/?s={search_term_string}"},"query-input":{"@type":"PropertyValueSpecification","valueRequired":true,"valueName":"search_term_string"}}],"inLanguage":"es"},{"@type":"Organization","@id":"https:\/\/homieboards.fr\/es\/#organization","name":"Homie Boards","url":"https:\/\/homieboards.fr\/es\/","logo":{"@type":"ImageObject","inLanguage":"es","@id":"https:\/\/homieboards.fr\/es\/#\/schema\/logo\/image\/","url":"https:\/\/homieboards.fr\/wp-content\/uploads\/2024\/04\/logo_blanc_2-1.png","contentUrl":"https:\/\/homieboards.fr\/wp-content\/uploads\/2024\/04\/logo_blanc_2-1.png","width":796,"height":618,"caption":"Homie Boards"},"image":{"@id":"https:\/\/homieboards.fr\/es\/#\/schema\/logo\/image\/"},"sameAs":["https:\/\/www.facebook.com\/locationplanchesurf\/","https:\/\/www.instagram.com\/homieboards\/"]}]}},"_links":{"self":[{"href":"https:\/\/homieboards.fr\/es\/wp-json\/wp\/v2\/pages\/3512","targetHints":{"allow":["GET"]}}],"collection":[{"href":"https:\/\/homieboards.fr\/es\/wp-json\/wp\/v2\/pages"}],"about":[{"href":"https:\/\/homieboards.fr\/es\/wp-json\/wp\/v2\/types\/page"}],"author":[{"embeddable":true,"href":"https:\/\/homieboards.fr\/es\/wp-json\/wp\/v2\/users\/1"}],"replies":[{"embeddable":true,"href":"https:\/\/homieboards.fr\/es\/wp-json\/wp\/v2\/comments?post=3512"}],"version-history":[{"count":1,"href":"https:\/\/homieboards.fr\/es\/wp-json\/wp\/v2\/pages\/3512\/revisions"}],"predecessor-version":[{"id":3513,"href":"https:\/\/homieboards.fr\/es\/wp-json\/wp\/v2\/pages\/3512\/revisions\/3513"}],"wp:attachment":[{"href":"https:\/\/homieboards.fr\/es\/wp-json\/wp\/v2\/media?parent=3512"}],"curies":[{"name":"wp","href":"https:\/\/api.w.org\/{rel}","templated":true}]}}