{"id":3555,"date":"2024-04-22T08:23:47","date_gmt":"2024-04-22T08:23:47","guid":{"rendered":"https:\/\/homieboards.fr\/guia-de-surf\/"},"modified":"2024-06-29T21:00:45","modified_gmt":"2024-06-29T21:00:45","slug":"guia-de-surf","status":"publish","type":"page","link":"https:\/\/homieboards.fr\/es\/guia-de-surf\/","title":{"rendered":"Gu\u00eda de surf"},"content":{"rendered":"\t\t<div data-elementor-type=\"wp-page\" data-elementor-id=\"3555\" class=\"elementor elementor-3555 elementor-250\" data-elementor-post-type=\"page\">\n\t\t\t\t<div class=\"elementor-element elementor-element-004ba94 e-flex e-con-boxed e-con e-parent\" data-id=\"004ba94\" data-element_type=\"container\" data-e-type=\"container\">\n\t\t\t\t\t<div class=\"e-con-inner\">\n\t\t<div class=\"elementor-element elementor-element-1580da6 e-con-full e-flex e-con e-child\" data-id=\"1580da6\" data-element_type=\"container\" data-e-type=\"container\" data-settings=\"{&quot;background_background&quot;:&quot;classic&quot;}\">\n\t\t\t\t<\/div>\n\t\t<div class=\"elementor-element elementor-element-7c1a4cd e-con-full e-flex e-con e-child\" data-id=\"7c1a4cd\" data-element_type=\"container\" data-e-type=\"container\" data-settings=\"{&quot;background_background&quot;:&quot;classic&quot;}\">\n\t\t\t\t<div class=\"elementor-element elementor-element-9900b7e elementor-widget elementor-widget-heading\" data-id=\"9900b7e\" data-element_type=\"widget\" data-e-type=\"widget\" data-widget_type=\"heading.default\">\n\t\t\t\t<div class=\"elementor-widget-container\">\n\t\t\t\t\t<h1 class=\"elementor-heading-title elementor-size-default\">Gu\u00eda de surf en el Pa\u00eds Vasco<\/h1>\t\t\t\t<\/div>\n\t\t\t\t<\/div>\n\t\t\t\t<div class=\"elementor-element elementor-element-2c65199 elementor-widget elementor-widget-text-editor\" data-id=\"2c65199\" data-element_type=\"widget\" data-e-type=\"widget\" data-widget_type=\"text-editor.default\">\n\t\t\t\t<div class=\"elementor-widget-container\">\n\t\t\t\t\t\t\t\t\t<p>\u00a1Reg\u00e1late unas sesiones de surf inolvidables en el mejor lugar en el mejor momento! Con nuestra f\u00f3rmula \u00abSurf Guide\u00bb, Xabi o Julien, nuestros profesores de surf locales te acompa\u00f1ar\u00e1n en el agua para hacerte descubrir la regi\u00f3n y sus mejores lugares para surfear. \u00a1Cont\u00e1ctanos para m\u00e1s informaci\u00f3n!<\/p>\n\t\t\t\t\t\t\t\t<\/div>\n\t\t\t\t<\/div>\n\t\t\t\t<div class=\"elementor-element elementor-element-7f3c88d elementor-align-center elementor-widget elementor-widget-button\" data-id=\"7f3c88d\" data-element_type=\"widget\" data-e-type=\"widget\" data-widget_type=\"button.default\">\n\t\t\t\t<div class=\"elementor-widget-container\">\n\t\t\t\t\t\t\t\t\t<div class=\"elementor-button-wrapper\">\n\t\t\t\t\t<a class=\"elementor-button elementor-button-link elementor-size-sm elementor-animation-grow\" href=\"https:\/\/homieboards.fr\/es\/contact\/\">\n\t\t\t\t\t\t<span class=\"elementor-button-content-wrapper\">\n\t\t\t\t\t\t\t\t\t<span class=\"elementor-button-text\">Cont\u00e1ctanos<\/span>\n\t\t\t\t\t<\/span>\n\t\t\t\t\t<\/a>\n\t\t\t\t<\/div>\n\t\t\t\t\t\t\t\t<\/div>\n\t\t\t\t<\/div>\n\t\t\t\t<\/div>\n\t\t\t\t\t<\/div>\n\t\t\t\t<\/div>\n\t\t<div class=\"elementor-element elementor-element-b173cc6 elementor-hidden-desktop elementor-hidden-tablet elementor-hidden-mobile e-flex e-con-boxed e-con e-parent\" data-id=\"b173cc6\" data-element_type=\"container\" data-e-type=\"container\" data-settings=\"{&quot;background_background&quot;:&quot;classic&quot;}\">\n\t\t\t\t\t<div class=\"e-con-inner\">\n\t\t<div class=\"elementor-element elementor-element-9d5b8ad e-flex e-con-boxed e-con e-child\" data-id=\"9d5b8ad\" data-element_type=\"container\" data-e-type=\"container\" data-settings=\"{&quot;background_background&quot;:&quot;classic&quot;}\">\n\t\t\t\t\t<div class=\"e-con-inner\">\n\t\t\t\t<div class=\"elementor-element elementor-element-a325f11 elementor-widget elementor-widget-heading\" data-id=\"a325f11\" data-element_type=\"widget\" data-e-type=\"widget\" data-widget_type=\"heading.default\">\n\t\t\t\t<div class=\"elementor-widget-container\">\n\t\t\t\t\t<span class=\"elementor-heading-title elementor-size-default\">Insertar widget de rese\u00f1as aqu\u00ed<\/span>\t\t\t\t<\/div>\n\t\t\t\t<\/div>\n\t\t\t\t\t<\/div>\n\t\t\t\t<\/div>\n\t\t\t\t\t<\/div>\n\t\t\t\t<\/div>\n\t\t<div class=\"elementor-element elementor-element-7b78991 e-flex e-con-boxed e-con e-parent\" data-id=\"7b78991\" data-element_type=\"container\" data-e-type=\"container\">\n\t\t\t\t\t<div class=\"e-con-inner\">\n\t\t<div class=\"elementor-element elementor-element-c823747 e-flex e-con-boxed e-con e-child\" data-id=\"c823747\" data-element_type=\"container\" data-e-type=\"container\">\n\t\t\t\t\t<div class=\"e-con-inner\">\n\t\t\t\t<div class=\"elementor-element elementor-element-eee758b elementor-widget__width-initial elementor-widget elementor-widget-text-editor\" data-id=\"eee758b\" data-element_type=\"widget\" data-e-type=\"widget\" data-widget_type=\"text-editor.default\">\n\t\t\t\t<div class=\"elementor-widget-container\">\n\t\t\t\t\t\t\t\t\t<p>\u00a1Ven a descubrir los mejores lugares de surf acompa\u00f1ado de un <strong> gu\u00eda local experimentado<\/strong>! Ya seas principiante o surfista avanzado, contar con un gu\u00eda de surf te permitir\u00e1 tener la certeza de disfrutar de las <strong>mejores condiciones posibles para surfear<\/strong> en el Pa\u00eds Vasco o en Las Landas.<\/p>\n<p>Nuestros gu\u00edas locales conocen perfectamente los lugares de la regi\u00f3n y sabr\u00e1n llevarte a los mejores seg\u00fan las condiciones del d\u00eda. Olas, corrientes, mareas, clima&#8230; tantos par\u00e1metros que tu gu\u00eda analizar\u00e1 para garantizarte una sesi\u00f3n de surf \u00f3ptima. Se acab\u00f3 el tiempo perdido buscando el lugar adecuado, podr\u00e1s concentrarte en lo esencial: disfrutar de las olas y progresar en tu pr\u00e1ctica.<\/p>\n\t\t\t\t\t\t\t\t<\/div>\n\t\t\t\t<\/div>\n\t\t\t\t<div class=\"elementor-element elementor-element-edc5f79 elementor-widget__width-initial e-transform e-transform elementor-widget elementor-widget-image\" data-id=\"edc5f79\" data-element_type=\"widget\" data-e-type=\"widget\" data-settings=\"{&quot;_transform_rotateZ_effect&quot;:{&quot;unit&quot;:&quot;px&quot;,&quot;size&quot;:4,&quot;sizes&quot;:[]},&quot;_transform_rotateZ_effect_hover&quot;:{&quot;unit&quot;:&quot;px&quot;,&quot;size&quot;:5,&quot;sizes&quot;:[]},&quot;_transform_rotateZ_effect_tablet&quot;:{&quot;unit&quot;:&quot;deg&quot;,&quot;size&quot;:&quot;&quot;,&quot;sizes&quot;:[]},&quot;_transform_rotateZ_effect_mobile&quot;:{&quot;unit&quot;:&quot;deg&quot;,&quot;size&quot;:&quot;&quot;,&quot;sizes&quot;:[]},&quot;_transform_rotateZ_effect_hover_tablet&quot;:{&quot;unit&quot;:&quot;deg&quot;,&quot;size&quot;:&quot;&quot;,&quot;sizes&quot;:[]},&quot;_transform_rotateZ_effect_hover_mobile&quot;:{&quot;unit&quot;:&quot;deg&quot;,&quot;size&quot;:&quot;&quot;,&quot;sizes&quot;:[]}}\" data-widget_type=\"image.default\">\n\t\t\t\t<div class=\"elementor-widget-container\">\n\t\t\t\t\t\t\t\t\t\t\t\t\t\t\t<img fetchpriority=\"high\" decoding=\"async\" width=\"800\" height=\"534\" src=\"https:\/\/homieboards.fr\/wp-content\/uploads\/2024\/04\/homieboardsbiarritz-1024x683.jpg\" class=\"attachment-large size-large wp-image-3517\" alt=\"\" srcset=\"https:\/\/homieboards.fr\/wp-content\/uploads\/2024\/04\/homieboardsbiarritz-1024x683.jpg 1024w, https:\/\/homieboards.fr\/wp-content\/uploads\/2024\/04\/homieboardsbiarritz-300x200.jpg 300w, https:\/\/homieboards.fr\/wp-content\/uploads\/2024\/04\/homieboardsbiarritz-768x512.jpg 768w, https:\/\/homieboards.fr\/wp-content\/uploads\/2024\/04\/homieboardsbiarritz.jpg 1200w\" sizes=\"(max-width: 800px) 100vw, 800px\" \/>\t\t\t\t\t\t\t\t\t\t\t\t\t\t\t<\/div>\n\t\t\t\t<\/div>\n\t\t\t\t\t<\/div>\n\t\t\t\t<\/div>\n\t\t\t\t\t<\/div>\n\t\t\t\t<\/div>\n\t\t\t\t<\/div>\n\t\t","protected":false},"excerpt":{"rendered":"<p>Gu\u00eda de surf en el Pa\u00eds Vasco \u00a1Reg\u00e1late unas sesiones de surf inolvidables en el mejor lugar en el mejor momento! Con nuestra f\u00f3rmula \u00abSurf Guide\u00bb, Xabi o Julien, nuestros profesores de surf locales te acompa\u00f1ar\u00e1n en el agua para hacerte descubrir la regi\u00f3n y sus mejores lugares para surfear. \u00a1Cont\u00e1ctanos para m\u00e1s informaci\u00f3n! Cont\u00e1ctanos [&hellip;]<\/p>\n","protected":false},"author":1,"featured_media":0,"parent":0,"menu_order":0,"comment_status":"closed","ping_status":"closed","template":"","meta":{"footnotes":""},"class_list":["post-3555","page","type-page","status-publish","hentry"],"yoast_head":"<!-- This site is optimized with the Yoast SEO plugin v27.3 - https:\/\/yoast.com\/product\/yoast-seo-wordpress\/ -->\n<title>Gu\u00eda de Surf en el Pa\u00eds Vasco \u2013 Homie Boards<\/title>\n<meta name=\"robots\" content=\"index, follow, max-snippet:-1, max-image-preview:large, max-video-preview:-1\" \/>\n<link rel=\"canonical\" href=\"https:\/\/homieboards.fr\/es\/guia-de-surf\/\" \/>\n<meta property=\"og:locale\" content=\"es_ES\" \/>\n<meta property=\"og:type\" content=\"article\" \/>\n<meta property=\"og:title\" content=\"Gu\u00eda de Surf en el Pa\u00eds Vasco \u2013 Homie Boards\" \/>\n<meta property=\"og:description\" content=\"Gu\u00eda de surf en el Pa\u00eds Vasco \u00a1Reg\u00e1late unas sesiones de surf inolvidables en el mejor lugar en el mejor momento! Con nuestra f\u00f3rmula \u00abSurf Guide\u00bb, Xabi o Julien, nuestros profesores de surf locales te acompa\u00f1ar\u00e1n en el agua para hacerte descubrir la regi\u00f3n y sus mejores lugares para surfear. \u00a1Cont\u00e1ctanos para m\u00e1s informaci\u00f3n! Cont\u00e1ctanos [&hellip;]\" \/>\n<meta property=\"og:url\" content=\"https:\/\/homieboards.fr\/es\/guia-de-surf\/\" \/>\n<meta property=\"og:site_name\" content=\"Homie Boards\" \/>\n<meta property=\"article:publisher\" content=\"https:\/\/www.facebook.com\/locationplanchesurf\/\" \/>\n<meta property=\"article:modified_time\" content=\"2024-06-29T21:00:45+00:00\" \/>\n<meta property=\"og:image\" content=\"https:\/\/homieboards.fr\/wp-content\/uploads\/2024\/04\/homieboardsbiarritz-1024x683.jpg\" \/>\n<meta name=\"twitter:card\" content=\"summary_large_image\" \/>\n<meta name=\"twitter:label1\" content=\"Tiempo de lectura\" \/>\n\t<meta name=\"twitter:data1\" content=\"1 minuto\" \/>\n<script type=\"application\/ld+json\" class=\"yoast-schema-graph\">{\"@context\":\"https:\\\/\\\/schema.org\",\"@graph\":[{\"@type\":\"WebPage\",\"@id\":\"https:\\\/\\\/homieboards.fr\\\/es\\\/guia-de-surf\\\/\",\"url\":\"https:\\\/\\\/homieboards.fr\\\/es\\\/guia-de-surf\\\/\",\"name\":\"Gu\u00eda de Surf en el Pa\u00eds Vasco \u2013 Homie Boards\",\"isPartOf\":{\"@id\":\"https:\\\/\\\/homieboards.fr\\\/es\\\/#website\"},\"primaryImageOfPage\":{\"@id\":\"https:\\\/\\\/homieboards.fr\\\/es\\\/guia-de-surf\\\/#primaryimage\"},\"image\":{\"@id\":\"https:\\\/\\\/homieboards.fr\\\/es\\\/guia-de-surf\\\/#primaryimage\"},\"thumbnailUrl\":\"https:\\\/\\\/homieboards.fr\\\/wp-content\\\/uploads\\\/2024\\\/04\\\/homieboardsbiarritz-1024x683.jpg\",\"datePublished\":\"2024-04-22T08:23:47+00:00\",\"dateModified\":\"2024-06-29T21:00:45+00:00\",\"breadcrumb\":{\"@id\":\"https:\\\/\\\/homieboards.fr\\\/es\\\/guia-de-surf\\\/#breadcrumb\"},\"inLanguage\":\"es\",\"potentialAction\":[{\"@type\":\"ReadAction\",\"target\":[\"https:\\\/\\\/homieboards.fr\\\/es\\\/guia-de-surf\\\/\"]}]},{\"@type\":\"ImageObject\",\"inLanguage\":\"es\",\"@id\":\"https:\\\/\\\/homieboards.fr\\\/es\\\/guia-de-surf\\\/#primaryimage\",\"url\":\"https:\\\/\\\/homieboards.fr\\\/wp-content\\\/uploads\\\/2024\\\/04\\\/homieboardsbiarritz-1024x683.jpg\",\"contentUrl\":\"https:\\\/\\\/homieboards.fr\\\/wp-content\\\/uploads\\\/2024\\\/04\\\/homieboardsbiarritz-1024x683.jpg\"},{\"@type\":\"BreadcrumbList\",\"@id\":\"https:\\\/\\\/homieboards.fr\\\/es\\\/guia-de-surf\\\/#breadcrumb\",\"itemListElement\":[{\"@type\":\"ListItem\",\"position\":1,\"name\":\"Accueil\",\"item\":\"https:\\\/\\\/homieboards.fr\\\/es\\\/inicio\\\/\"},{\"@type\":\"ListItem\",\"position\":2,\"name\":\"Gu\u00eda de surf\"}]},{\"@type\":\"WebSite\",\"@id\":\"https:\\\/\\\/homieboards.fr\\\/es\\\/#website\",\"url\":\"https:\\\/\\\/homieboards.fr\\\/es\\\/\",\"name\":\"Homie Boards\",\"description\":\"Location de planches de surf\",\"publisher\":{\"@id\":\"https:\\\/\\\/homieboards.fr\\\/es\\\/#organization\"},\"potentialAction\":[{\"@type\":\"SearchAction\",\"target\":{\"@type\":\"EntryPoint\",\"urlTemplate\":\"https:\\\/\\\/homieboards.fr\\\/es\\\/?s={search_term_string}\"},\"query-input\":{\"@type\":\"PropertyValueSpecification\",\"valueRequired\":true,\"valueName\":\"search_term_string\"}}],\"inLanguage\":\"es\"},{\"@type\":\"Organization\",\"@id\":\"https:\\\/\\\/homieboards.fr\\\/es\\\/#organization\",\"name\":\"Homie Boards\",\"url\":\"https:\\\/\\\/homieboards.fr\\\/es\\\/\",\"logo\":{\"@type\":\"ImageObject\",\"inLanguage\":\"es\",\"@id\":\"https:\\\/\\\/homieboards.fr\\\/es\\\/#\\\/schema\\\/logo\\\/image\\\/\",\"url\":\"https:\\\/\\\/homieboards.fr\\\/wp-content\\\/uploads\\\/2024\\\/04\\\/logo_blanc_2-1.png\",\"contentUrl\":\"https:\\\/\\\/homieboards.fr\\\/wp-content\\\/uploads\\\/2024\\\/04\\\/logo_blanc_2-1.png\",\"width\":796,\"height\":618,\"caption\":\"Homie Boards\"},\"image\":{\"@id\":\"https:\\\/\\\/homieboards.fr\\\/es\\\/#\\\/schema\\\/logo\\\/image\\\/\"},\"sameAs\":[\"https:\\\/\\\/www.facebook.com\\\/locationplanchesurf\\\/\",\"https:\\\/\\\/www.instagram.com\\\/homieboards\\\/\"]}]}<\/script>\n<!-- \/ Yoast SEO plugin. -->","yoast_head_json":{"title":"Gu\u00eda de Surf en el Pa\u00eds Vasco \u2013 Homie Boards","robots":{"index":"index","follow":"follow","max-snippet":"max-snippet:-1","max-image-preview":"max-image-preview:large","max-video-preview":"max-video-preview:-1"},"canonical":"https:\/\/homieboards.fr\/es\/guia-de-surf\/","og_locale":"es_ES","og_type":"article","og_title":"Gu\u00eda de Surf en el Pa\u00eds Vasco \u2013 Homie Boards","og_description":"Gu\u00eda de surf en el Pa\u00eds Vasco \u00a1Reg\u00e1late unas sesiones de surf inolvidables en el mejor lugar en el mejor momento! Con nuestra f\u00f3rmula \u00abSurf Guide\u00bb, Xabi o Julien, nuestros profesores de surf locales te acompa\u00f1ar\u00e1n en el agua para hacerte descubrir la regi\u00f3n y sus mejores lugares para surfear. \u00a1Cont\u00e1ctanos para m\u00e1s informaci\u00f3n! Cont\u00e1ctanos [&hellip;]","og_url":"https:\/\/homieboards.fr\/es\/guia-de-surf\/","og_site_name":"Homie Boards","article_publisher":"https:\/\/www.facebook.com\/locationplanchesurf\/","article_modified_time":"2024-06-29T21:00:45+00:00","og_image":[{"url":"https:\/\/homieboards.fr\/wp-content\/uploads\/2024\/04\/homieboardsbiarritz-1024x683.jpg","type":"","width":"","height":""}],"twitter_card":"summary_large_image","twitter_misc":{"Tiempo de lectura":"1 minuto"},"schema":{"@context":"https:\/\/schema.org","@graph":[{"@type":"WebPage","@id":"https:\/\/homieboards.fr\/es\/guia-de-surf\/","url":"https:\/\/homieboards.fr\/es\/guia-de-surf\/","name":"Gu\u00eda de Surf en el Pa\u00eds Vasco \u2013 Homie Boards","isPartOf":{"@id":"https:\/\/homieboards.fr\/es\/#website"},"primaryImageOfPage":{"@id":"https:\/\/homieboards.fr\/es\/guia-de-surf\/#primaryimage"},"image":{"@id":"https:\/\/homieboards.fr\/es\/guia-de-surf\/#primaryimage"},"thumbnailUrl":"https:\/\/homieboards.fr\/wp-content\/uploads\/2024\/04\/homieboardsbiarritz-1024x683.jpg","datePublished":"2024-04-22T08:23:47+00:00","dateModified":"2024-06-29T21:00:45+00:00","breadcrumb":{"@id":"https:\/\/homieboards.fr\/es\/guia-de-surf\/#breadcrumb"},"inLanguage":"es","potentialAction":[{"@type":"ReadAction","target":["https:\/\/homieboards.fr\/es\/guia-de-surf\/"]}]},{"@type":"ImageObject","inLanguage":"es","@id":"https:\/\/homieboards.fr\/es\/guia-de-surf\/#primaryimage","url":"https:\/\/homieboards.fr\/wp-content\/uploads\/2024\/04\/homieboardsbiarritz-1024x683.jpg","contentUrl":"https:\/\/homieboards.fr\/wp-content\/uploads\/2024\/04\/homieboardsbiarritz-1024x683.jpg"},{"@type":"BreadcrumbList","@id":"https:\/\/homieboards.fr\/es\/guia-de-surf\/#breadcrumb","itemListElement":[{"@type":"ListItem","position":1,"name":"Accueil","item":"https:\/\/homieboards.fr\/es\/inicio\/"},{"@type":"ListItem","position":2,"name":"Gu\u00eda de surf"}]},{"@type":"WebSite","@id":"https:\/\/homieboards.fr\/es\/#website","url":"https:\/\/homieboards.fr\/es\/","name":"Homie Boards","description":"Location de planches de surf","publisher":{"@id":"https:\/\/homieboards.fr\/es\/#organization"},"potentialAction":[{"@type":"SearchAction","target":{"@type":"EntryPoint","urlTemplate":"https:\/\/homieboards.fr\/es\/?s={search_term_string}"},"query-input":{"@type":"PropertyValueSpecification","valueRequired":true,"valueName":"search_term_string"}}],"inLanguage":"es"},{"@type":"Organization","@id":"https:\/\/homieboards.fr\/es\/#organization","name":"Homie Boards","url":"https:\/\/homieboards.fr\/es\/","logo":{"@type":"ImageObject","inLanguage":"es","@id":"https:\/\/homieboards.fr\/es\/#\/schema\/logo\/image\/","url":"https:\/\/homieboards.fr\/wp-content\/uploads\/2024\/04\/logo_blanc_2-1.png","contentUrl":"https:\/\/homieboards.fr\/wp-content\/uploads\/2024\/04\/logo_blanc_2-1.png","width":796,"height":618,"caption":"Homie Boards"},"image":{"@id":"https:\/\/homieboards.fr\/es\/#\/schema\/logo\/image\/"},"sameAs":["https:\/\/www.facebook.com\/locationplanchesurf\/","https:\/\/www.instagram.com\/homieboards\/"]}]}},"_links":{"self":[{"href":"https:\/\/homieboards.fr\/es\/wp-json\/wp\/v2\/pages\/3555","targetHints":{"allow":["GET"]}}],"collection":[{"href":"https:\/\/homieboards.fr\/es\/wp-json\/wp\/v2\/pages"}],"about":[{"href":"https:\/\/homieboards.fr\/es\/wp-json\/wp\/v2\/types\/page"}],"author":[{"embeddable":true,"href":"https:\/\/homieboards.fr\/es\/wp-json\/wp\/v2\/users\/1"}],"replies":[{"embeddable":true,"href":"https:\/\/homieboards.fr\/es\/wp-json\/wp\/v2\/comments?post=3555"}],"version-history":[{"count":2,"href":"https:\/\/homieboards.fr\/es\/wp-json\/wp\/v2\/pages\/3555\/revisions"}],"predecessor-version":[{"id":3620,"href":"https:\/\/homieboards.fr\/es\/wp-json\/wp\/v2\/pages\/3555\/revisions\/3620"}],"wp:attachment":[{"href":"https:\/\/homieboards.fr\/es\/wp-json\/wp\/v2\/media?parent=3555"}],"curies":[{"name":"wp","href":"https:\/\/api.w.org\/{rel}","templated":true}]}}