{"id":3574,"date":"2024-04-29T16:33:54","date_gmt":"2024-04-29T16:33:54","guid":{"rendered":"https:\/\/homieboards.fr\/bic-6-7\/"},"modified":"2024-06-29T14:02:07","modified_gmt":"2024-06-29T14:02:07","slug":"bic-6-7","status":"publish","type":"page","link":"https:\/\/homieboards.fr\/es\/bic-6-7\/","title":{"rendered":"BIC 6.7"},"content":{"rendered":"\t\t<div data-elementor-type=\"wp-page\" data-elementor-id=\"3574\" class=\"elementor elementor-3574 elementor-2239\" data-elementor-post-type=\"page\">\n\t\t\t\t<div class=\"elementor-element elementor-element-0ad48f2 e-flex e-con-boxed e-con e-parent\" data-id=\"0ad48f2\" data-element_type=\"container\" data-e-type=\"container\">\n\t\t\t\t\t<div class=\"e-con-inner\">\n\t\t<div class=\"elementor-element elementor-element-1f92b2f e-con-full e-flex e-con e-child\" data-id=\"1f92b2f\" data-element_type=\"container\" data-e-type=\"container\" data-settings=\"{&quot;background_background&quot;:&quot;classic&quot;}\">\n\t\t\t\t<\/div>\n\t\t<div class=\"elementor-element elementor-element-0d832e3 e-con-full e-flex e-con e-child\" data-id=\"0d832e3\" data-element_type=\"container\" data-e-type=\"container\" data-settings=\"{&quot;background_background&quot;:&quot;classic&quot;}\">\n\t\t\t\t<div class=\"elementor-element elementor-element-e8f997f elementor-widget elementor-widget-heading\" data-id=\"e8f997f\" data-element_type=\"widget\" data-e-type=\"widget\" data-widget_type=\"heading.default\">\n\t\t\t\t<div class=\"elementor-widget-container\">\n\t\t\t\t\t<h1 class=\"elementor-heading-title elementor-size-default\">ALQUILER TABLA DE SURF BIC 6.7<\/h1>\t\t\t\t<\/div>\n\t\t\t\t<\/div>\n\t\t\t\t<div class=\"elementor-element elementor-element-e1a8b20 elementor-widget elementor-widget-text-editor\" data-id=\"e1a8b20\" data-element_type=\"widget\" data-e-type=\"widget\" data-widget_type=\"text-editor.default\">\n\t\t\t\t<div class=\"elementor-widget-container\">\n\t\t\t\t\t\t\t\t\t<p>Con Homie Boards puedes alquilar esta tabla de surf por solo 15\u20ac\/d\u00eda y 75\u20ac\/semana ya sea en Biarritz, Anglet, Bidart o sus alrededores. Te la entregamos de forma gratuita y en un tiempo r\u00e9cord. Ll\u00e1menos ahora al 06 38 43 35 38 para que su tabla de surf sea entregada lo antes posible.<\/p>\n\t\t\t\t\t\t\t\t<\/div>\n\t\t\t\t<\/div>\n\t\t\t\t<div class=\"elementor-element elementor-element-b799977 elementor-widget elementor-widget-html\" data-id=\"b799977\" data-element_type=\"widget\" data-e-type=\"widget\" data-widget_type=\"html.default\">\n\t\t\t\t<div class=\"elementor-widget-container\">\n\t\t\t\t\t  <style>\n\ntd\n {\n          border-color:white !important;\n          color:white;\n }\n  <\/style>\n    <table border=\"1\"> <!-- Bordure du tableau pour mieux voir les cellules -->\n        <tr>\n            <td>Tipo de tabla<\/td>\n            <td>Intermedio<\/td>\n        <\/tr>\n        <tr>\n            <td>Tama\u00f1o de ola<\/td>\n            <td>30cm a 2m<\/td>\n        <\/tr>\n        <tr>\n            <td>Tipo de ola<\/td>\n            <td>Suaves y huecas<\/td>\n        <\/tr>\n        <tr>\n            <td>Especificaciones<\/td>\n            <td>Volumen: 38L | Longitud: 198 cm | Ancho: 53 cm<\/td>\n        <\/tr>\n        <tr>\n            <td>Nivel<\/td>\n            <td>Intermedio o buen surfista<\/td>\n        <\/tr>\n    <\/table>\n\t\t\t\t<\/div>\n\t\t\t\t<\/div>\n\t\t\t\t<div class=\"elementor-element elementor-element-860423a elementor-align-center elementor-widget elementor-widget-button\" data-id=\"860423a\" data-element_type=\"widget\" data-e-type=\"widget\" data-widget_type=\"button.default\">\n\t\t\t\t<div class=\"elementor-widget-container\">\n\t\t\t\t\t\t\t\t\t<div class=\"elementor-button-wrapper\">\n\t\t\t\t\t<a class=\"elementor-button elementor-button-link elementor-size-sm elementor-animation-grow\" href=\"https:\/\/homieboards.fr\/es\/contact\/\">\n\t\t\t\t\t\t<span class=\"elementor-button-content-wrapper\">\n\t\t\t\t\t\t\t\t\t<span class=\"elementor-button-text\">Cont\u00e1ctanos<\/span>\n\t\t\t\t\t<\/span>\n\t\t\t\t\t<\/a>\n\t\t\t\t<\/div>\n\t\t\t\t\t\t\t\t<\/div>\n\t\t\t\t<\/div>\n\t\t\t\t<\/div>\n\t\t\t\t\t<\/div>\n\t\t\t\t<\/div>\n\t\t<div class=\"elementor-element elementor-element-c6f369e e-flex e-con-boxed e-con e-parent\" data-id=\"c6f369e\" data-element_type=\"container\" data-e-type=\"container\">\n\t\t\t\t\t<div class=\"e-con-inner\">\n\t\t<div class=\"elementor-element elementor-element-d3ed7e0 e-con-full e-flex e-con e-child\" data-id=\"d3ed7e0\" data-element_type=\"container\" data-e-type=\"container\">\n\t\t\t\t<div class=\"elementor-element elementor-element-65d47ee elementor-widget elementor-widget-text-editor\" data-id=\"65d47ee\" data-element_type=\"widget\" data-e-type=\"widget\" data-widget_type=\"text-editor.default\">\n\t\t\t\t<div class=\"elementor-widget-container\">\n\t\t\t\t\t\t\t\t\t<div class=\"flex_column av_one_half flex_column_table_cell av-equal-height-column av-align-middle first avia-builder-el-3 el_after_av_hr el_before_av_one_half \">\n<section class=\"av_textblock_section \">\n<div class=\"avia_textblock \">\n<h2>DESCRIPCI\u00d3N \/ SENSACI\u00d3N:<\/h2>\n<p>El alquiler de esta tabla de surf Bic 6.7 te garantiza una gran resistencia a los golpes con la tecnolog\u00eda DURA-TEC propia de la marca BIC y una adaptabilidad ideal.<\/p>\n<p>Esta tabla de surf Made in France est\u00e1 dise\u00f1ada seg\u00fan las formas de Gerard DABBADIE.<\/p>\n<p>El modelo se basa en una nueva forma estilizada y cercana a la short board epoxy con una mayor resistencia.<\/p>\n<p>Volumen importante y longitud apreciable para remar.<\/p>\n<h2>CARACTER\u00cdSTICAS:<\/h2>\n<ul>\n<li><strong>Longitud de la tabla<\/strong>: 198 cm<\/li>\n<li><strong>Ancho de la tabla:<\/strong> 53 cm<\/li>\n<li><strong>Volumen de la tabla<\/strong>: 38L<\/li>\n<li><strong>Forma de la cola:<\/strong> Shortboard<\/li>\n<li><strong>Peso<\/strong>: 4,7kg<\/li>\n<\/ul>\n<h2>TIPO DE OLA:<\/h2>\n<p>Puedes alquilar la tabla de surf 6.7 BIC para olas de entre<br \/>30cm a 2m.<\/p>\n<p>Esta tabla te permite surfear tanto beach breaks r\u00e1pidos como olas m\u00e1s suaves y condiciones agitadas.<\/p>\n<h2>NIVEL:<\/h2>\n<p>Esta tabla de surf es adecuada para niveles intermedios y avanzados en fase de progresi\u00f3n.<\/p>\n<\/div>\n<\/section>\n<\/div>\n\t\t\t\t\t\t\t\t<\/div>\n\t\t\t\t<\/div>\n\t\t\t\t<\/div>\n\t\t\t\t\t<\/div>\n\t\t\t\t<\/div>\n\t\t\t\t<\/div>\n\t\t","protected":false},"excerpt":{"rendered":"<p>ALQUILER TABLA DE SURF BIC 6.7 Con Homie Boards puedes alquilar esta tabla de surf por solo 15\u20ac\/d\u00eda y 75\u20ac\/semana ya sea en Biarritz, Anglet, Bidart o sus alrededores. Te la entregamos de forma gratuita y en un tiempo r\u00e9cord. Ll\u00e1menos ahora al 06 38 43 35 38 para que su tabla de surf sea [&hellip;]<\/p>\n","protected":false},"author":1,"featured_media":0,"parent":0,"menu_order":0,"comment_status":"closed","ping_status":"closed","template":"","meta":{"footnotes":""},"class_list":["post-3574","page","type-page","status-publish","hentry"],"yoast_head":"<!-- This site is optimized with the Yoast SEO plugin v27.3 - https:\/\/yoast.com\/product\/yoast-seo-wordpress\/ -->\n<title>BIC 6\u20197 \u2013 Alquiler Biarritz &amp; Pa\u00eds Vasco \u2013 Entrega gratuita<\/title>\n<meta name=\"robots\" content=\"noindex, follow\" \/>\n<meta property=\"og:locale\" content=\"es_ES\" \/>\n<meta property=\"og:type\" content=\"article\" \/>\n<meta property=\"og:title\" content=\"BIC 6\u20197 \u2013 Alquiler Biarritz &amp; Pa\u00eds Vasco \u2013 Entrega gratuita\" \/>\n<meta property=\"og:description\" content=\"ALQUILER TABLA DE SURF BIC 6.7 Con Homie Boards puedes alquilar esta tabla de surf por solo 15\u20ac\/d\u00eda y 75\u20ac\/semana ya sea en Biarritz, Anglet, Bidart o sus alrededores. Te la entregamos de forma gratuita y en un tiempo r\u00e9cord. Ll\u00e1menos ahora al 06 38 43 35 38 para que su tabla de surf sea [&hellip;]\" \/>\n<meta property=\"og:url\" content=\"https:\/\/homieboards.fr\/es\/bic-6-7\/\" \/>\n<meta property=\"og:site_name\" content=\"Homie Boards\" \/>\n<meta property=\"article:publisher\" content=\"https:\/\/www.facebook.com\/locationplanchesurf\/\" \/>\n<meta property=\"article:modified_time\" content=\"2024-06-29T14:02:07+00:00\" \/>\n<meta name=\"twitter:card\" content=\"summary_large_image\" \/>\n<meta name=\"twitter:label1\" content=\"Tiempo de lectura\" \/>\n\t<meta name=\"twitter:data1\" content=\"1 minuto\" \/>\n<script type=\"application\/ld+json\" class=\"yoast-schema-graph\">{\"@context\":\"https:\\\/\\\/schema.org\",\"@graph\":[{\"@type\":\"WebPage\",\"@id\":\"https:\\\/\\\/homieboards.fr\\\/es\\\/bic-6-7\\\/\",\"url\":\"https:\\\/\\\/homieboards.fr\\\/es\\\/bic-6-7\\\/\",\"name\":\"BIC 6\u20197 \u2013 Alquiler Biarritz & Pa\u00eds Vasco \u2013 Entrega gratuita\",\"isPartOf\":{\"@id\":\"https:\\\/\\\/homieboards.fr\\\/es\\\/#website\"},\"datePublished\":\"2024-04-29T16:33:54+00:00\",\"dateModified\":\"2024-06-29T14:02:07+00:00\",\"breadcrumb\":{\"@id\":\"https:\\\/\\\/homieboards.fr\\\/es\\\/bic-6-7\\\/#breadcrumb\"},\"inLanguage\":\"es\",\"potentialAction\":[{\"@type\":\"ReadAction\",\"target\":[\"https:\\\/\\\/homieboards.fr\\\/es\\\/bic-6-7\\\/\"]}]},{\"@type\":\"BreadcrumbList\",\"@id\":\"https:\\\/\\\/homieboards.fr\\\/es\\\/bic-6-7\\\/#breadcrumb\",\"itemListElement\":[{\"@type\":\"ListItem\",\"position\":1,\"name\":\"Accueil\",\"item\":\"https:\\\/\\\/homieboards.fr\\\/es\\\/inicio\\\/\"},{\"@type\":\"ListItem\",\"position\":2,\"name\":\"BIC 6.7\"}]},{\"@type\":\"WebSite\",\"@id\":\"https:\\\/\\\/homieboards.fr\\\/es\\\/#website\",\"url\":\"https:\\\/\\\/homieboards.fr\\\/es\\\/\",\"name\":\"Homie Boards\",\"description\":\"Location de planches de surf\",\"publisher\":{\"@id\":\"https:\\\/\\\/homieboards.fr\\\/es\\\/#organization\"},\"potentialAction\":[{\"@type\":\"SearchAction\",\"target\":{\"@type\":\"EntryPoint\",\"urlTemplate\":\"https:\\\/\\\/homieboards.fr\\\/es\\\/?s={search_term_string}\"},\"query-input\":{\"@type\":\"PropertyValueSpecification\",\"valueRequired\":true,\"valueName\":\"search_term_string\"}}],\"inLanguage\":\"es\"},{\"@type\":\"Organization\",\"@id\":\"https:\\\/\\\/homieboards.fr\\\/es\\\/#organization\",\"name\":\"Homie Boards\",\"url\":\"https:\\\/\\\/homieboards.fr\\\/es\\\/\",\"logo\":{\"@type\":\"ImageObject\",\"inLanguage\":\"es\",\"@id\":\"https:\\\/\\\/homieboards.fr\\\/es\\\/#\\\/schema\\\/logo\\\/image\\\/\",\"url\":\"https:\\\/\\\/homieboards.fr\\\/wp-content\\\/uploads\\\/2024\\\/04\\\/logo_blanc_2-1.png\",\"contentUrl\":\"https:\\\/\\\/homieboards.fr\\\/wp-content\\\/uploads\\\/2024\\\/04\\\/logo_blanc_2-1.png\",\"width\":796,\"height\":618,\"caption\":\"Homie Boards\"},\"image\":{\"@id\":\"https:\\\/\\\/homieboards.fr\\\/es\\\/#\\\/schema\\\/logo\\\/image\\\/\"},\"sameAs\":[\"https:\\\/\\\/www.facebook.com\\\/locationplanchesurf\\\/\",\"https:\\\/\\\/www.instagram.com\\\/homieboards\\\/\"]}]}<\/script>\n<!-- \/ Yoast SEO plugin. -->","yoast_head_json":{"title":"BIC 6\u20197 \u2013 Alquiler Biarritz & Pa\u00eds Vasco \u2013 Entrega gratuita","robots":{"index":"noindex","follow":"follow"},"og_locale":"es_ES","og_type":"article","og_title":"BIC 6\u20197 \u2013 Alquiler Biarritz & Pa\u00eds Vasco \u2013 Entrega gratuita","og_description":"ALQUILER TABLA DE SURF BIC 6.7 Con Homie Boards puedes alquilar esta tabla de surf por solo 15\u20ac\/d\u00eda y 75\u20ac\/semana ya sea en Biarritz, Anglet, Bidart o sus alrededores. Te la entregamos de forma gratuita y en un tiempo r\u00e9cord. Ll\u00e1menos ahora al 06 38 43 35 38 para que su tabla de surf sea [&hellip;]","og_url":"https:\/\/homieboards.fr\/es\/bic-6-7\/","og_site_name":"Homie Boards","article_publisher":"https:\/\/www.facebook.com\/locationplanchesurf\/","article_modified_time":"2024-06-29T14:02:07+00:00","twitter_card":"summary_large_image","twitter_misc":{"Tiempo de lectura":"1 minuto"},"schema":{"@context":"https:\/\/schema.org","@graph":[{"@type":"WebPage","@id":"https:\/\/homieboards.fr\/es\/bic-6-7\/","url":"https:\/\/homieboards.fr\/es\/bic-6-7\/","name":"BIC 6\u20197 \u2013 Alquiler Biarritz & Pa\u00eds Vasco \u2013 Entrega gratuita","isPartOf":{"@id":"https:\/\/homieboards.fr\/es\/#website"},"datePublished":"2024-04-29T16:33:54+00:00","dateModified":"2024-06-29T14:02:07+00:00","breadcrumb":{"@id":"https:\/\/homieboards.fr\/es\/bic-6-7\/#breadcrumb"},"inLanguage":"es","potentialAction":[{"@type":"ReadAction","target":["https:\/\/homieboards.fr\/es\/bic-6-7\/"]}]},{"@type":"BreadcrumbList","@id":"https:\/\/homieboards.fr\/es\/bic-6-7\/#breadcrumb","itemListElement":[{"@type":"ListItem","position":1,"name":"Accueil","item":"https:\/\/homieboards.fr\/es\/inicio\/"},{"@type":"ListItem","position":2,"name":"BIC 6.7"}]},{"@type":"WebSite","@id":"https:\/\/homieboards.fr\/es\/#website","url":"https:\/\/homieboards.fr\/es\/","name":"Homie Boards","description":"Location de planches de surf","publisher":{"@id":"https:\/\/homieboards.fr\/es\/#organization"},"potentialAction":[{"@type":"SearchAction","target":{"@type":"EntryPoint","urlTemplate":"https:\/\/homieboards.fr\/es\/?s={search_term_string}"},"query-input":{"@type":"PropertyValueSpecification","valueRequired":true,"valueName":"search_term_string"}}],"inLanguage":"es"},{"@type":"Organization","@id":"https:\/\/homieboards.fr\/es\/#organization","name":"Homie Boards","url":"https:\/\/homieboards.fr\/es\/","logo":{"@type":"ImageObject","inLanguage":"es","@id":"https:\/\/homieboards.fr\/es\/#\/schema\/logo\/image\/","url":"https:\/\/homieboards.fr\/wp-content\/uploads\/2024\/04\/logo_blanc_2-1.png","contentUrl":"https:\/\/homieboards.fr\/wp-content\/uploads\/2024\/04\/logo_blanc_2-1.png","width":796,"height":618,"caption":"Homie Boards"},"image":{"@id":"https:\/\/homieboards.fr\/es\/#\/schema\/logo\/image\/"},"sameAs":["https:\/\/www.facebook.com\/locationplanchesurf\/","https:\/\/www.instagram.com\/homieboards\/"]}]}},"_links":{"self":[{"href":"https:\/\/homieboards.fr\/es\/wp-json\/wp\/v2\/pages\/3574","targetHints":{"allow":["GET"]}}],"collection":[{"href":"https:\/\/homieboards.fr\/es\/wp-json\/wp\/v2\/pages"}],"about":[{"href":"https:\/\/homieboards.fr\/es\/wp-json\/wp\/v2\/types\/page"}],"author":[{"embeddable":true,"href":"https:\/\/homieboards.fr\/es\/wp-json\/wp\/v2\/users\/1"}],"replies":[{"embeddable":true,"href":"https:\/\/homieboards.fr\/es\/wp-json\/wp\/v2\/comments?post=3574"}],"version-history":[{"count":1,"href":"https:\/\/homieboards.fr\/es\/wp-json\/wp\/v2\/pages\/3574\/revisions"}],"predecessor-version":[{"id":3575,"href":"https:\/\/homieboards.fr\/es\/wp-json\/wp\/v2\/pages\/3574\/revisions\/3575"}],"wp:attachment":[{"href":"https:\/\/homieboards.fr\/es\/wp-json\/wp\/v2\/media?parent=3574"}],"curies":[{"name":"wp","href":"https:\/\/api.w.org\/{rel}","templated":true}]}}