{"id":3595,"date":"2024-06-06T15:51:17","date_gmt":"2024-06-06T15:51:17","guid":{"rendered":"https:\/\/homieboards.fr\/aviso-legal\/"},"modified":"2024-06-29T18:09:51","modified_gmt":"2024-06-29T18:09:51","slug":"aviso-legal","status":"publish","type":"page","link":"https:\/\/homieboards.fr\/es\/aviso-legal\/","title":{"rendered":"Aviso legal"},"content":{"rendered":"\n<p><strong>Editor del sitio<\/strong>: GUILLAUME LEONARD<\/p>\n\n<p>N\u00famero de SIRET: 89868291900011<\/p>\n\n<p>Responsable editorial: GUILLAUME LEONARD<\/p>\n\n<p>Email : contact@homieboards.fr<\/p>\n\n<p>Site web : homieboards.fr<\/p>\n\n<p><strong>H\u00e9bergement :<\/strong><\/p>\n\n<p>H\u00e9bergeur : OVH<br\/>2, rue Kellermann, 59100 Roubaix<\/p>\n\n<p>Site Web : ovh.com<\/p>\n\n<p><strong>Desarrollo<\/strong><strong>:<\/strong><\/p>\n\n<p>Antoine Broin<\/p>\n\n<p>Adresse : 2 Rue de Biarritz, Dax 40100<\/p>\n\n<p>Site Web : antoinebroin.fr<\/p>\n\n<p><strong>Condiciones de uso:<\/strong><\/p>\n\n<p>Este sitio est\u00e1 ofrecido en diferentes lenguajes web (HTML, HTML5, Javascript, CSS, etc.) para una mayor comodidad de uso y un dise\u00f1o m\u00e1s agradable.<\/p>\n\n<p>Le recomendamos usar navegadores modernos como Internet Explorer, Safari, Firefox, Google Chrome, etc.<\/p>\n\n<p>homieboards.fr utiliza todos los medios a su disposici\u00f3n para asegurar informaci\u00f3n fiable y una actualizaci\u00f3n confiable de sus sitios web.<\/p>\n\n<p>Sin embargo, pueden ocurrir errores u omisiones. Por lo tanto, el usuario de Internet debe asegurarse de la exactitud de la informaci\u00f3n con homieboards.fr, y reportar cualquier modificaci\u00f3n del sitio que considere \u00fatil. homieboards.fr no es en ning\u00fan caso responsable del uso hecho de esta informaci\u00f3n, y de cualquier perjuicio directo o indirecto que pueda derivarse.<\/p>\n\n<p><strong>Cookies: El sitio homieboards.fr puede pedirle que acepte cookies para necesidades estad\u00edsticas y de visualizaci\u00f3n.<\/strong> Una cookie es una informaci\u00f3n depositada en su disco duro por el servidor del sitio que visita.<\/p>\n\n<p>Contiene varios datos que se almacenan en su computadora en un simple archivo de texto al que accede un servidor para leer y registrar informaci\u00f3n. Contiene varios datos que se almacenan en su computadora en un simple archivo de texto al que accede un servidor para leer y registrar informaci\u00f3n.<\/p>\n\n<p><strong>Enlaces de hipertexto: Los sitios web pueden ofrecer enlaces a otros sitios web o a otros recursos disponibles en Internet.<\/strong> homieboards.fr no tiene medios para controlar los sitios conectados con sus sitios web.<\/p>\n\n<p>homieboards.fr no responde por la disponibilidad de tales sitios y fuentes externas, ni la garantiza. No puede ser considerada responsable de cualquier da\u00f1o, de cualquier naturaleza que sea, resultante del contenido de estos sitios o fuentes externas, y en particular de la informaci\u00f3n, productos o servicios que ofrecen, o de cualquier uso que se pueda hacer de estos elementos. Los riesgos relacionados con este uso recaen completamente en el usuario, quien debe cumplir con sus condiciones de uso.<\/p>\n\n<p>Los usuarios, suscriptores y visitantes de sitios web no pueden establecer un hiperv\u00ednculo hacia este sitio sin la autorizaci\u00f3n expresa y previa de homieboards.fr.<\/p>\n\n<p>En el caso de que un usuario o visitante desee establecer un hiperv\u00ednculo hacia uno de los sitios web de homieboards.fr, deber\u00e1 enviar un correo electr\u00f3nico accesible en el sitio para solicitar la creaci\u00f3n de un hiperv\u00ednculo.<\/p>\n\n<p>homieboards.fr se reserva el derecho de aceptar o rechazar un hiperv\u00ednculo sin tener que justificar su decisi\u00f3n.<\/p>\n\n<p><strong>Servicios proporcionados:<\/strong><\/p>\n\n<p>El conjunto de las actividades de la empresa as\u00ed como su informaci\u00f3n se presentan en nuestro sitio<\/p>\n\n<p>homieboards.fr se esfuerza por proporcionar en el sitio homieboards.fr informaci\u00f3n lo m\u00e1s precisa posible. La informaci\u00f3n que figura en el sitio daxavelo.fr no es exhaustiva y las fotos no son contractuales.<\/p>\n\n<p>Se dan sujetos a modificaciones que se hayan hecho desde su publicaci\u00f3n en l\u00ednea. Adem\u00e1s, toda la informaci\u00f3n indicada en el sitio homieboards.fr se da a t\u00edtulo indicativo y est\u00e1 sujeta a cambios o evoluci\u00f3n sin previo aviso.<\/p>\n\n<p><strong>Limitaci\u00f3n contractual sobre los datos:<\/strong><\/p>\n\n<p>La informaci\u00f3n contenida en este sitio es lo m\u00e1s precisa posible y el sitio se actualiza en diferentes momentos del a\u00f1o, pero puede contener inexactitudes u omisiones.<\/p>\n\n<p>Si observa una laguna, error o lo que parece ser un mal funcionamiento, por favor inf\u00f3rmelo por correo electr\u00f3nico a la direcci\u00f3n contact@homieboards.fr, describiendo el problema de la manera m\u00e1s precisa posible (p\u00e1gina que presenta el problema, tipo de computadora y navegador utilizado, &#8230;).<\/p>\n\n<p>Todo contenido descargado se realiza bajo el riesgo y responsabilidad del usuario. En consecuencia, no puede ser considerado responsable de cualquier da\u00f1o sufrido por la computadora del usuario o de cualquier p\u00e9rdida de datos consecutiva a la descarga.<\/p>\n\n<p>Adem\u00e1s, el usuario del sitio se compromete a acceder al sitio utilizando un equipo reciente, sin virus y con un navegador de \u00faltima generaci\u00f3n actualizado.<\/p>\n\n<p>Los enlaces de hipertexto establecidos en el marco del presente sitio web hacia otros recursos presentes en la red de Internet no comprometen la responsabilidad de homieboards.fr.<\/p>\n\n<p><strong>Propiedad intelectual:<\/strong><\/p>\n\n<p>Todo el contenido del presente sitio homieboards.fr, incluyendo, de manera no limitativa, gr\u00e1ficos, im\u00e1genes, textos, videos, animaciones, sonidos, logotipos, gifs e \u00edconos, as\u00ed como su dise\u00f1o son propiedad exclusiva de la empresa, con excepci\u00f3n de las marcas, logotipos o contenidos pertenecientes a otras empresas asociadas o autores.<\/p>\n\n<p>Toda reproducci\u00f3n, distribuci\u00f3n, modificaci\u00f3n, adaptaci\u00f3n, retransmisi\u00f3n o publicaci\u00f3n, incluso parcial, de estos diferentes elementos est\u00e1 estrictamente prohibida sin el consentimiento expreso por escrito de homieboards.fr. Esta representaci\u00f3n o reproducci\u00f3n, por cualquier medio que sea, constituye una infracci\u00f3n sancionada por los art\u00edculos L.335-2 y siguientes del C\u00f3digo de Propiedad Intelectual. El incumplimiento de esta prohibici\u00f3n constituye una infracci\u00f3n que puede comprometer la responsabilidad civil y penal del infractor. Adem\u00e1s, los propietarios de los Contenidos copiados podr\u00edan emprender acciones legales en su contra.<\/p>\n\n<p><strong>Declaraci\u00f3n a la CNIL:<\/strong><\/p>\n\n<p>De conformidad con la ley 78-17 del 6 de enero de 1978 (modificada por la ley 2004-801 del 6 de agosto de 2004 relativa a la protecci\u00f3n de las personas f\u00edsicas con respecto al tratamiento de datos de car\u00e1cter personal) relativa a la inform\u00e1tica, archivos y libertades, este sitio ha sido objeto de una declaraci\u00f3n 1656629 ante la Comisi\u00f3n Nacional de Inform\u00e1tica y Libertades (www.cnil.fr).<\/p>\n\n<p><strong>Litigios:<\/strong><\/p>\n\n<p>Las presentes condiciones del sitio homieboards.fr est\u00e1n regidas por las leyes francesas y cualquier disputa o litigio que pueda surgir de la interpretaci\u00f3n o ejecuci\u00f3n de las mismas ser\u00e1 de la competencia exclusiva de los tribunales de la sede social de la empresa. El idioma de referencia, para la resoluci\u00f3n de posibles conflictos, es el franc\u00e9s.<\/p>\n\n<p><strong>Datos personales:<\/strong><\/p>\n\n<p>En t\u00e9rminos generales, no est\u00e1 obligado a proporcionarnos sus datos personales cuando visita nuestro sitio web homieboards.fr<\/p>\n\n<p>Sin embargo, este principio tiene algunas excepciones. De hecho, para ciertos servicios ofrecidos por nuestro sitio, puede que se le solicite proporcionar algunos datos como: su nombre, su puesto, el nombre de su empresa, su direcci\u00f3n de correo electr\u00f3nico y su n\u00famero de tel\u00e9fono. Este es el caso cuando completa el formulario que se le ofrece en l\u00ednea, en la secci\u00f3n \u00abcontacto\u00bb.<\/p>\n\n<p>En todos los casos, puede negarse a proporcionar sus datos personales. En ese caso, no podr\u00e1 utilizar los servicios del sitio, en particular para solicitar informaci\u00f3n sobre nuestra empresa, o recibir boletines informativos.<\/p>\n\n<p>Por \u00faltimo, podemos recopilar de manera autom\u00e1tica cierta informaci\u00f3n sobre usted durante una simple navegaci\u00f3n en nuestro sitio web, en particular: informaci\u00f3n sobre el uso de nuestro sitio, como las \u00e1reas que visita y los servicios a los que accede, su direcci\u00f3n IP, el tipo de navegador, sus tiempos de acceso.<\/p>\n\n<p>Dicha informaci\u00f3n se utiliza exclusivamente con fines de estad\u00edsticas internas, con el fin de mejorar la calidad de los servicios que se le ofrecen. Las bases de datos est\u00e1n protegidas por las disposiciones de la ley del 1 de julio de 1998 que transpone la directiva 96\/9 del 11 de marzo de 1996 relativa a la protecci\u00f3n jur\u00eddica de las bases de datos.<\/p>\n","protected":false},"excerpt":{"rendered":"<p>Editor del sitio: GUILLAUME LEONARD N\u00famero de SIRET: 89868291900011 Responsable editorial: GUILLAUME LEONARD Email : contact@homieboards.fr Site web : homieboards.fr H\u00e9bergement : H\u00e9bergeur : OVH2, rue Kellermann, 59100 Roubaix Site Web : ovh.com Desarrollo: Antoine Broin Adresse : 2 Rue de Biarritz, Dax 40100 Site Web : antoinebroin.fr Condiciones de uso: Este sitio est\u00e1 ofrecido [&hellip;]<\/p>\n","protected":false},"author":1,"featured_media":0,"parent":0,"menu_order":0,"comment_status":"closed","ping_status":"closed","template":"","meta":{"footnotes":""},"class_list":["post-3595","page","type-page","status-publish","hentry"],"yoast_head":"<!-- This site is optimized with the Yoast SEO plugin v27.3 - https:\/\/yoast.com\/product\/yoast-seo-wordpress\/ -->\n<title>Aviso legal - Homie Boards<\/title>\n<meta name=\"robots\" content=\"index, follow, max-snippet:-1, max-image-preview:large, max-video-preview:-1\" \/>\n<link rel=\"canonical\" href=\"https:\/\/homieboards.fr\/es\/aviso-legal\/\" \/>\n<meta property=\"og:locale\" content=\"es_ES\" \/>\n<meta property=\"og:type\" content=\"article\" \/>\n<meta property=\"og:title\" content=\"Aviso legal - Homie Boards\" \/>\n<meta property=\"og:description\" content=\"Editor del sitio: GUILLAUME LEONARD N\u00famero de SIRET: 89868291900011 Responsable editorial: GUILLAUME LEONARD Email : contact@homieboards.fr Site web : homieboards.fr H\u00e9bergement : H\u00e9bergeur : OVH2, rue Kellermann, 59100 Roubaix Site Web : ovh.com Desarrollo: Antoine Broin Adresse : 2 Rue de Biarritz, Dax 40100 Site Web : antoinebroin.fr Condiciones de uso: Este sitio est\u00e1 ofrecido [&hellip;]\" \/>\n<meta property=\"og:url\" content=\"https:\/\/homieboards.fr\/es\/aviso-legal\/\" \/>\n<meta property=\"og:site_name\" content=\"Homie Boards\" \/>\n<meta property=\"article:publisher\" content=\"https:\/\/www.facebook.com\/locationplanchesurf\/\" \/>\n<meta property=\"article:modified_time\" content=\"2024-06-29T18:09:51+00:00\" \/>\n<meta name=\"twitter:card\" content=\"summary_large_image\" \/>\n<meta name=\"twitter:label1\" content=\"Tiempo de lectura\" \/>\n\t<meta name=\"twitter:data1\" content=\"6 minutos\" \/>\n<script type=\"application\/ld+json\" class=\"yoast-schema-graph\">{\"@context\":\"https:\\\/\\\/schema.org\",\"@graph\":[{\"@type\":\"WebPage\",\"@id\":\"https:\\\/\\\/homieboards.fr\\\/es\\\/aviso-legal\\\/\",\"url\":\"https:\\\/\\\/homieboards.fr\\\/es\\\/aviso-legal\\\/\",\"name\":\"Aviso legal - Homie Boards\",\"isPartOf\":{\"@id\":\"https:\\\/\\\/homieboards.fr\\\/es\\\/#website\"},\"datePublished\":\"2024-06-06T15:51:17+00:00\",\"dateModified\":\"2024-06-29T18:09:51+00:00\",\"breadcrumb\":{\"@id\":\"https:\\\/\\\/homieboards.fr\\\/es\\\/aviso-legal\\\/#breadcrumb\"},\"inLanguage\":\"es\",\"potentialAction\":[{\"@type\":\"ReadAction\",\"target\":[\"https:\\\/\\\/homieboards.fr\\\/es\\\/aviso-legal\\\/\"]}]},{\"@type\":\"BreadcrumbList\",\"@id\":\"https:\\\/\\\/homieboards.fr\\\/es\\\/aviso-legal\\\/#breadcrumb\",\"itemListElement\":[{\"@type\":\"ListItem\",\"position\":1,\"name\":\"Accueil\",\"item\":\"https:\\\/\\\/homieboards.fr\\\/es\\\/inicio\\\/\"},{\"@type\":\"ListItem\",\"position\":2,\"name\":\"Aviso legal\"}]},{\"@type\":\"WebSite\",\"@id\":\"https:\\\/\\\/homieboards.fr\\\/es\\\/#website\",\"url\":\"https:\\\/\\\/homieboards.fr\\\/es\\\/\",\"name\":\"Homie Boards\",\"description\":\"Location de planches de surf\",\"publisher\":{\"@id\":\"https:\\\/\\\/homieboards.fr\\\/es\\\/#organization\"},\"potentialAction\":[{\"@type\":\"SearchAction\",\"target\":{\"@type\":\"EntryPoint\",\"urlTemplate\":\"https:\\\/\\\/homieboards.fr\\\/es\\\/?s={search_term_string}\"},\"query-input\":{\"@type\":\"PropertyValueSpecification\",\"valueRequired\":true,\"valueName\":\"search_term_string\"}}],\"inLanguage\":\"es\"},{\"@type\":\"Organization\",\"@id\":\"https:\\\/\\\/homieboards.fr\\\/es\\\/#organization\",\"name\":\"Homie Boards\",\"url\":\"https:\\\/\\\/homieboards.fr\\\/es\\\/\",\"logo\":{\"@type\":\"ImageObject\",\"inLanguage\":\"es\",\"@id\":\"https:\\\/\\\/homieboards.fr\\\/es\\\/#\\\/schema\\\/logo\\\/image\\\/\",\"url\":\"https:\\\/\\\/homieboards.fr\\\/wp-content\\\/uploads\\\/2024\\\/04\\\/logo_blanc_2-1.png\",\"contentUrl\":\"https:\\\/\\\/homieboards.fr\\\/wp-content\\\/uploads\\\/2024\\\/04\\\/logo_blanc_2-1.png\",\"width\":796,\"height\":618,\"caption\":\"Homie Boards\"},\"image\":{\"@id\":\"https:\\\/\\\/homieboards.fr\\\/es\\\/#\\\/schema\\\/logo\\\/image\\\/\"},\"sameAs\":[\"https:\\\/\\\/www.facebook.com\\\/locationplanchesurf\\\/\",\"https:\\\/\\\/www.instagram.com\\\/homieboards\\\/\"]}]}<\/script>\n<!-- \/ Yoast SEO plugin. -->","yoast_head_json":{"title":"Aviso legal - Homie Boards","robots":{"index":"index","follow":"follow","max-snippet":"max-snippet:-1","max-image-preview":"max-image-preview:large","max-video-preview":"max-video-preview:-1"},"canonical":"https:\/\/homieboards.fr\/es\/aviso-legal\/","og_locale":"es_ES","og_type":"article","og_title":"Aviso legal - Homie Boards","og_description":"Editor del sitio: GUILLAUME LEONARD N\u00famero de SIRET: 89868291900011 Responsable editorial: GUILLAUME LEONARD Email : contact@homieboards.fr Site web : homieboards.fr H\u00e9bergement : H\u00e9bergeur : OVH2, rue Kellermann, 59100 Roubaix Site Web : ovh.com Desarrollo: Antoine Broin Adresse : 2 Rue de Biarritz, Dax 40100 Site Web : antoinebroin.fr Condiciones de uso: Este sitio est\u00e1 ofrecido [&hellip;]","og_url":"https:\/\/homieboards.fr\/es\/aviso-legal\/","og_site_name":"Homie Boards","article_publisher":"https:\/\/www.facebook.com\/locationplanchesurf\/","article_modified_time":"2024-06-29T18:09:51+00:00","twitter_card":"summary_large_image","twitter_misc":{"Tiempo de lectura":"6 minutos"},"schema":{"@context":"https:\/\/schema.org","@graph":[{"@type":"WebPage","@id":"https:\/\/homieboards.fr\/es\/aviso-legal\/","url":"https:\/\/homieboards.fr\/es\/aviso-legal\/","name":"Aviso legal - Homie Boards","isPartOf":{"@id":"https:\/\/homieboards.fr\/es\/#website"},"datePublished":"2024-06-06T15:51:17+00:00","dateModified":"2024-06-29T18:09:51+00:00","breadcrumb":{"@id":"https:\/\/homieboards.fr\/es\/aviso-legal\/#breadcrumb"},"inLanguage":"es","potentialAction":[{"@type":"ReadAction","target":["https:\/\/homieboards.fr\/es\/aviso-legal\/"]}]},{"@type":"BreadcrumbList","@id":"https:\/\/homieboards.fr\/es\/aviso-legal\/#breadcrumb","itemListElement":[{"@type":"ListItem","position":1,"name":"Accueil","item":"https:\/\/homieboards.fr\/es\/inicio\/"},{"@type":"ListItem","position":2,"name":"Aviso legal"}]},{"@type":"WebSite","@id":"https:\/\/homieboards.fr\/es\/#website","url":"https:\/\/homieboards.fr\/es\/","name":"Homie Boards","description":"Location de planches de surf","publisher":{"@id":"https:\/\/homieboards.fr\/es\/#organization"},"potentialAction":[{"@type":"SearchAction","target":{"@type":"EntryPoint","urlTemplate":"https:\/\/homieboards.fr\/es\/?s={search_term_string}"},"query-input":{"@type":"PropertyValueSpecification","valueRequired":true,"valueName":"search_term_string"}}],"inLanguage":"es"},{"@type":"Organization","@id":"https:\/\/homieboards.fr\/es\/#organization","name":"Homie Boards","url":"https:\/\/homieboards.fr\/es\/","logo":{"@type":"ImageObject","inLanguage":"es","@id":"https:\/\/homieboards.fr\/es\/#\/schema\/logo\/image\/","url":"https:\/\/homieboards.fr\/wp-content\/uploads\/2024\/04\/logo_blanc_2-1.png","contentUrl":"https:\/\/homieboards.fr\/wp-content\/uploads\/2024\/04\/logo_blanc_2-1.png","width":796,"height":618,"caption":"Homie Boards"},"image":{"@id":"https:\/\/homieboards.fr\/es\/#\/schema\/logo\/image\/"},"sameAs":["https:\/\/www.facebook.com\/locationplanchesurf\/","https:\/\/www.instagram.com\/homieboards\/"]}]}},"_links":{"self":[{"href":"https:\/\/homieboards.fr\/es\/wp-json\/wp\/v2\/pages\/3595","targetHints":{"allow":["GET"]}}],"collection":[{"href":"https:\/\/homieboards.fr\/es\/wp-json\/wp\/v2\/pages"}],"about":[{"href":"https:\/\/homieboards.fr\/es\/wp-json\/wp\/v2\/types\/page"}],"author":[{"embeddable":true,"href":"https:\/\/homieboards.fr\/es\/wp-json\/wp\/v2\/users\/1"}],"replies":[{"embeddable":true,"href":"https:\/\/homieboards.fr\/es\/wp-json\/wp\/v2\/comments?post=3595"}],"version-history":[{"count":1,"href":"https:\/\/homieboards.fr\/es\/wp-json\/wp\/v2\/pages\/3595\/revisions"}],"predecessor-version":[{"id":3596,"href":"https:\/\/homieboards.fr\/es\/wp-json\/wp\/v2\/pages\/3595\/revisions\/3596"}],"wp:attachment":[{"href":"https:\/\/homieboards.fr\/es\/wp-json\/wp\/v2\/media?parent=3595"}],"curies":[{"name":"wp","href":"https:\/\/api.w.org\/{rel}","templated":true}]}}